{"id":5042,"date":"2026-03-30T04:00:31","date_gmt":"2026-03-30T08:00:31","guid":{"rendered":"https:\/\/www.paysagesrossignol.com\/product\/terreau-pour-orchidees-5-litres\/"},"modified":"2026-05-04T09:59:07","modified_gmt":"2026-05-04T13:59:07","slug":"terreau-pour-orchidees-5-litres","status":"publish","type":"product","link":"https:\/\/www.paysagesrossignol.com\/en\/product\/terreau-pour-orchidees-5-litres\/","title":{"rendered":"Terreau d&#8217;empotage pour Orchid\u00e9e 8.8L"},"content":{"rendered":"<h1>Voir disponibilit\u00e9 en magasin<\/h1>\n<p>Le terreau pour ORCHID\u00c9ES est sp\u00e9cialement con\u00e7u pour les orchid\u00e9es et les autres \u00e9piphytes telles que les brom\u00e9liac\u00e9es et les anthuriums. Ce terreau \u00e0 base d&#8217;\u00e9corces de l\u2019ouest et de morceaux de noix de coco ne se compacte pas permettant ainsi \u00e0 l\u2019air et \u00e0 l\u2019eau d\u2019\u00eatre absorb\u00e9s par les racines de la plante.<\/p>\n<p>Sp\u00e9cialement con\u00e7u pour les plantes \u00e9piphytes telles que les orchid\u00e9es et les anthuriums ainsi que plusieurs brom\u00e9liac\u00e9es et foug\u00e8res.<\/p>\n<p>Contient des morceaux d\u2019\u00e9corce de conif\u00e8res qui permettent \u00e0 l\u2019air de circuler facilement afin de favoriser une croissance vigoureuse des racines.<\/p>\n<p>Contient des morceaux de noix de coco qui aident \u00e0 retenir et lib\u00e9rer l\u2019eau.<\/p>\n","protected":false},"excerpt":{"rendered":"<p>Voir disponibilit\u00e9 en magasin Le terreau pour ORCHID\u00c9ES est sp\u00e9cialement con\u00e7u pour les orchid\u00e9es et les autres \u00e9piphytes telles que les brom\u00e9liac\u00e9es et les anthuriums. Ce terreau \u00e0 base d&#8217;\u00e9corces de l\u2019ouest et de morceaux de noix de coco ne se compacte pas permettant ainsi \u00e0 l\u2019air et \u00e0 l\u2019eau d\u2019\u00eatre absorb\u00e9s par les racines [&hellip;]<\/p>\n","protected":false},"featured_media":5043,"comment_status":"closed","ping_status":"open","template":"","meta":{"_acf_changed":false,"_seopress_robots_primary_cat":"","_seopress_titles_title":"","_seopress_titles_desc":"","_seopress_robots_index":"","_seopress_analysis_target_kw":""},"product_brand":[],"product_cat":[31,32],"product_tag":[],"class_list":{"0":"post-5042","1":"product","2":"type-product","3":"status-publish","4":"has-post-thumbnail","6":"product_cat-amenagement-jardin","7":"product_cat-paillis-et-terreau-en-sac","9":"first","10":"instock","11":"taxable","12":"shipping-taxable","13":"purchasable","14":"product-type-simple"},"acf":[],"_links":{"self":[{"href":"https:\/\/www.paysagesrossignol.com\/en\/wp-json\/wp\/v2\/product\/5042","targetHints":{"allow":["GET"]}}],"collection":[{"href":"https:\/\/www.paysagesrossignol.com\/en\/wp-json\/wp\/v2\/product"}],"about":[{"href":"https:\/\/www.paysagesrossignol.com\/en\/wp-json\/wp\/v2\/types\/product"}],"replies":[{"embeddable":true,"href":"https:\/\/www.paysagesrossignol.com\/en\/wp-json\/wp\/v2\/comments?post=5042"}],"wp:featuredmedia":[{"embeddable":true,"href":"https:\/\/www.paysagesrossignol.com\/en\/wp-json\/wp\/v2\/media\/5043"}],"wp:attachment":[{"href":"https:\/\/www.paysagesrossignol.com\/en\/wp-json\/wp\/v2\/media?parent=5042"}],"wp:term":[{"taxonomy":"product_brand","embeddable":true,"href":"https:\/\/www.paysagesrossignol.com\/en\/wp-json\/wp\/v2\/product_brand?post=5042"},{"taxonomy":"product_cat","embeddable":true,"href":"https:\/\/www.paysagesrossignol.com\/en\/wp-json\/wp\/v2\/product_cat?post=5042"},{"taxonomy":"product_tag","embeddable":true,"href":"https:\/\/www.paysagesrossignol.com\/en\/wp-json\/wp\/v2\/product_tag?post=5042"}],"curies":[{"name":"wp","href":"https:\/\/api.w.org\/{rel}","templated":true}]}}