{"id":5047,"date":"2026-03-30T04:00:35","date_gmt":"2026-03-30T08:00:35","guid":{"rendered":"https:\/\/www.paysagesrossignol.com\/product\/terreau-pour-violettes-africaines-5-litres\/"},"modified":"2026-05-04T09:59:14","modified_gmt":"2026-05-04T13:59:14","slug":"terreau-pour-violettes-africaines-5-litres","status":"publish","type":"product","link":"https:\/\/www.paysagesrossignol.com\/en\/product\/terreau-pour-violettes-africaines-5-litres\/","title":{"rendered":"Terreau d&#8217;empotage pour Violettes Africaines 8.8L"},"content":{"rendered":"<h1>Voir disponibilit\u00e9 en magasin<\/h1>\n<p>Le terreau pour VIOLETTES AFRICAINES est sp\u00e9cialement con\u00e7u pour l&#8217;empotage des plantes de la famille des Gesn\u00e9riac\u00e9es comme le Saintpaulias (Violettes africaines), le Streptocarpus, l\u2019\u00c9piscia et le Gloxinia. Ces plantes d\u00e9licates aux racines tr\u00e8s fines requi\u00e8rent un terreau riche en mati\u00e8re organique pourvu d&#8217;une a\u00e9ration et d&#8217;une r\u00e9tention en eau optimale.<\/p>\n<p>Sp\u00e9cialement con\u00e7u pour les plantes aux racines d\u00e9licates de la famille des Gesn\u00e9riac\u00e9es telles que la violette africaine, la primev\u00e8re du cap, l\u2019\u00e9piscia, le gloxinia des fleuristes, le columnea, le cyclamen, la plante rouge \u00e0 l\u00e8vres et la plante poisson rouge.<\/p>\n<p>Contient de la tourbe de sphaigne et de la perlite pour un \u00e9quilibre parfait entre humidit\u00e9 et drainage.<\/p>\n<p>Enrichi d\u2019engrais pour une floraison abondante et \u00e9clatante.*<br \/>\n*vs plants non fertilis\u00e9s<\/p>\n<p>Les ingr\u00e9dients actifs sont d\u00e9riv\u00e9s de nitrate d\u2019ammonium, de sulfate de potassium, de phosphate de monoammonium, de phosphate de diammonium, de phosphate de calcium, de tourbe, de 2022700S ou 2021923S et de 2015067S ou 2007011S de la Loi sur les engrais.<\/p>\n<p>ANALYSE MINIMALE GARANTIE<br \/>\nAzote total (N) &#8211; 0,04 %<br \/>\nAcide phosphorique assimilable (P<sub>2<\/sub>O<sub>5<\/sub>) &#8211; 0,02 %<br \/>\nAcide phosphorique total 0,02 %<br \/>\nPotasse soluble (K<sub>2<\/sub>O) &#8211; 0,03 %<br \/>\nCalcium (Ca) &#8211; 0,002 %<br \/>\nSoufre (S) &#8211; 0,01 %<br \/>\nPolym\u00e8re s\u00e9quenc\u00e9 de polyoxy\u00e9thyl\u00e8ne-polyoxypropyl\u00e8ne &#8211; 0,1496 %<br \/>\nAlkylph\u00e9nol \u00e9thoxyl\u00e9 &#8211; 0,0965 %<br \/>\nHuile de lin, polym\u00e8re avec dicyclopentadi\u00e8ne &#8211; 0,006 %<br \/>\nPolyol &#8211; 0,004 %<br \/>\nDiph\u00e9nylm\u00e9thanediisocyanate &#8211; 0,007 %<br \/>\nMati\u00e8re organique &#8211; 18 %<br \/>\nHumidit\u00e9 maximale &#8211; 70 %<\/p>\n","protected":false},"excerpt":{"rendered":"<p>Voir disponibilit\u00e9 en magasin Le terreau pour VIOLETTES AFRICAINES est sp\u00e9cialement con\u00e7u pour l&#8217;empotage des plantes de la famille des Gesn\u00e9riac\u00e9es comme le Saintpaulias (Violettes africaines), le Streptocarpus, l\u2019\u00c9piscia et le Gloxinia. Ces plantes d\u00e9licates aux racines tr\u00e8s fines requi\u00e8rent un terreau riche en mati\u00e8re organique pourvu d&#8217;une a\u00e9ration et d&#8217;une r\u00e9tention en eau optimale. [&hellip;]<\/p>\n","protected":false},"featured_media":5048,"comment_status":"closed","ping_status":"open","template":"","meta":{"_acf_changed":false,"_seopress_robots_primary_cat":"","_seopress_titles_title":"","_seopress_titles_desc":"","_seopress_robots_index":"","_seopress_analysis_target_kw":""},"product_brand":[],"product_cat":[31,32],"product_tag":[],"class_list":{"0":"post-5047","1":"product","2":"type-product","3":"status-publish","4":"has-post-thumbnail","6":"product_cat-amenagement-jardin","7":"product_cat-paillis-et-terreau-en-sac","9":"first","10":"instock","11":"taxable","12":"shipping-taxable","13":"purchasable","14":"product-type-simple"},"acf":[],"_links":{"self":[{"href":"https:\/\/www.paysagesrossignol.com\/en\/wp-json\/wp\/v2\/product\/5047","targetHints":{"allow":["GET"]}}],"collection":[{"href":"https:\/\/www.paysagesrossignol.com\/en\/wp-json\/wp\/v2\/product"}],"about":[{"href":"https:\/\/www.paysagesrossignol.com\/en\/wp-json\/wp\/v2\/types\/product"}],"replies":[{"embeddable":true,"href":"https:\/\/www.paysagesrossignol.com\/en\/wp-json\/wp\/v2\/comments?post=5047"}],"wp:featuredmedia":[{"embeddable":true,"href":"https:\/\/www.paysagesrossignol.com\/en\/wp-json\/wp\/v2\/media\/5048"}],"wp:attachment":[{"href":"https:\/\/www.paysagesrossignol.com\/en\/wp-json\/wp\/v2\/media?parent=5047"}],"wp:term":[{"taxonomy":"product_brand","embeddable":true,"href":"https:\/\/www.paysagesrossignol.com\/en\/wp-json\/wp\/v2\/product_brand?post=5047"},{"taxonomy":"product_cat","embeddable":true,"href":"https:\/\/www.paysagesrossignol.com\/en\/wp-json\/wp\/v2\/product_cat?post=5047"},{"taxonomy":"product_tag","embeddable":true,"href":"https:\/\/www.paysagesrossignol.com\/en\/wp-json\/wp\/v2\/product_tag?post=5047"}],"curies":[{"name":"wp","href":"https:\/\/api.w.org\/{rel}","templated":true}]}}