{"id":5052,"date":"2026-03-30T04:00:35","date_gmt":"2026-03-30T08:00:35","guid":{"rendered":"https:\/\/www.paysagesrossignol.com\/product\/terreau-pour-potager-urbain-30-litres\/"},"modified":"2026-05-04T09:59:19","modified_gmt":"2026-05-04T13:59:19","slug":"terreau-pour-potager-urbain-30-litres","status":"publish","type":"product","link":"https:\/\/www.paysagesrossignol.com\/en\/product\/terreau-pour-potager-urbain-30-litres\/","title":{"rendered":"Terreau contenant pour Potager Urbain 25L"},"content":{"rendered":"<h1>Voir disponibilit\u00e9 en magasin<\/h1>\n<p>Approuv\u00e9 pour la culture biologique, le terreau contenant pour POTAGER URBAIN est sp\u00e9cialement con\u00e7u pour la culture des l\u00e9gumes et fines herbes en contenant ext\u00e9rieur. Ce terreau \u00e0 base de tourbe de sphaigne est enrichi de fibre de noix de coco, de compost et d&#8217;engrais naturel pour des r\u00e9sultats exceptionnels.<\/p>\n<p>Contient de la fibre de noix de coco qui aide \u00e0 retenir et lib\u00e9rer l\u2019eau selon les besoins afin de r\u00e9duire les arrosages.<\/p>\n<p>Enrichi de compost pour am\u00e9liorer la sant\u00e9 des plantes.<\/p>\n<p>Enrichi d\u2019engrais naturel pour des plants plus gros et plus en sant\u00e9*.<br \/>\n*vs plants non fertilis\u00e9s<\/p>\n<p>Les ingr\u00e9dients actifs sont d\u00e9riv\u00e9s de compost (r\u00e9sidus d\u2019animaux d\u2019\u00e9levage et agroalimentaires), de tourbe, de fibre de noix de coco, de farine de plume, de sulphate de potassium, de gypse, de 2022783F ou 2023734F et de 2019119S Loi sur les engrais.<\/p>\n<p>ANALYSE MINIMALE GARANTIE<br \/>\nAzote total (N) &#8211; 0,11 %<br \/>\nAcide phosphorique assimilable (P<sub>2<\/sub>O<sub>5<\/sub>) &#8211; 0,07 %<br \/>\nAcide phosphorique total &#8211; 0,07 %<br \/>\nPotasse soluble (K<sub>2<\/sub>O) &#8211; 0,06 %<br \/>\nCalcium (Ca) &#8211; 0,02 %<br \/>\nMati\u00e8re organique &#8211; 30 %<br \/>\nHumidit\u00e9 maximale &#8211; 60 %<br \/>\nExtrait de plante aquatique (Ascophyllum nodosum) &#8211; 0,02 %<\/p>\n","protected":false},"excerpt":{"rendered":"<p>Voir disponibilit\u00e9 en magasin Approuv\u00e9 pour la culture biologique, le terreau contenant pour POTAGER URBAIN est sp\u00e9cialement con\u00e7u pour la culture des l\u00e9gumes et fines herbes en contenant ext\u00e9rieur. Ce terreau \u00e0 base de tourbe de sphaigne est enrichi de fibre de noix de coco, de compost et d&#8217;engrais naturel pour des r\u00e9sultats exceptionnels. Contient [&hellip;]<\/p>\n","protected":false},"featured_media":5053,"comment_status":"closed","ping_status":"open","template":"","meta":{"_acf_changed":false,"_seopress_robots_primary_cat":"","_seopress_titles_title":"","_seopress_titles_desc":"","_seopress_robots_index":"","_seopress_analysis_target_kw":""},"product_brand":[],"product_cat":[31,32],"product_tag":[],"class_list":{"0":"post-5052","1":"product","2":"type-product","3":"status-publish","4":"has-post-thumbnail","6":"product_cat-amenagement-jardin","7":"product_cat-paillis-et-terreau-en-sac","9":"first","10":"instock","11":"taxable","12":"shipping-taxable","13":"purchasable","14":"product-type-simple"},"acf":[],"_links":{"self":[{"href":"https:\/\/www.paysagesrossignol.com\/en\/wp-json\/wp\/v2\/product\/5052","targetHints":{"allow":["GET"]}}],"collection":[{"href":"https:\/\/www.paysagesrossignol.com\/en\/wp-json\/wp\/v2\/product"}],"about":[{"href":"https:\/\/www.paysagesrossignol.com\/en\/wp-json\/wp\/v2\/types\/product"}],"replies":[{"embeddable":true,"href":"https:\/\/www.paysagesrossignol.com\/en\/wp-json\/wp\/v2\/comments?post=5052"}],"wp:featuredmedia":[{"embeddable":true,"href":"https:\/\/www.paysagesrossignol.com\/en\/wp-json\/wp\/v2\/media\/5053"}],"wp:attachment":[{"href":"https:\/\/www.paysagesrossignol.com\/en\/wp-json\/wp\/v2\/media?parent=5052"}],"wp:term":[{"taxonomy":"product_brand","embeddable":true,"href":"https:\/\/www.paysagesrossignol.com\/en\/wp-json\/wp\/v2\/product_brand?post=5052"},{"taxonomy":"product_cat","embeddable":true,"href":"https:\/\/www.paysagesrossignol.com\/en\/wp-json\/wp\/v2\/product_cat?post=5052"},{"taxonomy":"product_tag","embeddable":true,"href":"https:\/\/www.paysagesrossignol.com\/en\/wp-json\/wp\/v2\/product_tag?post=5052"}],"curies":[{"name":"wp","href":"https:\/\/api.w.org\/{rel}","templated":true}]}}