{"id":5056,"date":"2026-03-30T04:00:35","date_gmt":"2026-03-30T08:00:35","guid":{"rendered":"https:\/\/www.paysagesrossignol.com\/product\/terreau-pour-petits-fruits-plantes-acidophiles-4-1-4\/"},"modified":"2026-05-04T09:59:22","modified_gmt":"2026-05-04T13:59:22","slug":"terreau-pour-petits-fruits-plantes-acidophiles-4-1-4","status":"publish","type":"product","link":"https:\/\/www.paysagesrossignol.com\/en\/product\/terreau-pour-petits-fruits-plantes-acidophiles-4-1-4\/","title":{"rendered":"Terreau de plantation 3\/1 Plante Acidophile+Petit Fruit 25L"},"content":{"rendered":"<h1>Voir disponibilit\u00e9 en magasin<\/h1>\n<p>Sp\u00e9cialement con\u00e7u pour les plantes qui pr\u00e9f\u00e8rent un sol acide telles que les hydrang\u00e9es bleues, les azal\u00e9es, les rhododendrons, les bruy\u00e8res, les lauriers des montagnes, ainsi que de nombreux arbres \u00e0 feuillage persistant et petits fruits.<\/p>\n<p>Enrichi de compost pour am\u00e9liorer la sant\u00e9 des plantes et r\u00e9duire le choc de la transplantation.<\/p>\n<p>Contient des \u00e9corces qui permettent \u00e0 l\u2019air et \u00e0 l\u2019eau de circuler facilement afin de favoriser une croissance vigoureuse des racines.<\/p>\n<p>Id\u00e9al pour la plantation des plantes pr\u00e9ferant un sol acide tels que les hydrang\u00e9es bleues, les azal\u00e9es, les rhododendrons, les bruy\u00e8res, les lauriers des montagnes, ainsi que de nombreux arbres \u00e0 feuillage persistant et petits fruits dans une plate-bande et\/ou potager existants<\/p>\n<p>Terreau de plantation complet et pr\u00eat \u00e0 l&#8217;emploi<\/p>\n<p>Les ingr\u00e9dients actifs sont d\u00e9riv\u00e9s de compost (r\u00e9sidus d\u2019animaux<br \/>\nd\u2019\u00e9levage et agroalimentaires compost\u00e9s et\/ou mati\u00e8res organiques<br \/>\npostconsommation tri\u00e9es \u00e0 la source et\/ou r\u00e9sidus verts et de<br \/>\nfeuilles) et de tourbe.<\/p>\n<p>ANALYSE MINIMALE GARANTIE<br \/>\nAzote total (N) &#8211; 0,05 %<br \/>\nAcide phosphorique assimilable (P<sub>2<\/sub>O<sub>5<\/sub>) &#8211; 0,04 %<br \/>\nAcide phosphorique total &#8211; 0,046 %<br \/>\nPotasse soluble (K<sub>2<\/sub>O) &#8211; 0,03 %<br \/>\nMati\u00e8re organique &#8211; 18 %<br \/>\nHumidit\u00e9 maximale &#8211; 70 %<\/p>\n<p>*Ne pas d\u00e9passer 80 kg par m2 tout au long de la dur\u00e9e de vie de votre jardin.<\/p>\n","protected":false},"excerpt":{"rendered":"<p>Voir disponibilit\u00e9 en magasin Sp\u00e9cialement con\u00e7u pour les plantes qui pr\u00e9f\u00e8rent un sol acide telles que les hydrang\u00e9es bleues, les azal\u00e9es, les rhododendrons, les bruy\u00e8res, les lauriers des montagnes, ainsi que de nombreux arbres \u00e0 feuillage persistant et petits fruits. Enrichi de compost pour am\u00e9liorer la sant\u00e9 des plantes et r\u00e9duire le choc de la [&hellip;]<\/p>\n","protected":false},"featured_media":5057,"comment_status":"closed","ping_status":"open","template":"","meta":{"_acf_changed":false,"_seopress_robots_primary_cat":"","_seopress_titles_title":"","_seopress_titles_desc":"","_seopress_robots_index":"","_seopress_analysis_target_kw":""},"product_brand":[],"product_cat":[31,32],"product_tag":[],"class_list":{"0":"post-5056","1":"product","2":"type-product","3":"status-publish","4":"has-post-thumbnail","6":"product_cat-amenagement-jardin","7":"product_cat-paillis-et-terreau-en-sac","8":"pa_format-2-kg","9":"pa_format-6-kg","11":"first","12":"instock","13":"taxable","14":"shipping-taxable","15":"purchasable","16":"product-type-simple"},"acf":[],"_links":{"self":[{"href":"https:\/\/www.paysagesrossignol.com\/en\/wp-json\/wp\/v2\/product\/5056","targetHints":{"allow":["GET"]}}],"collection":[{"href":"https:\/\/www.paysagesrossignol.com\/en\/wp-json\/wp\/v2\/product"}],"about":[{"href":"https:\/\/www.paysagesrossignol.com\/en\/wp-json\/wp\/v2\/types\/product"}],"replies":[{"embeddable":true,"href":"https:\/\/www.paysagesrossignol.com\/en\/wp-json\/wp\/v2\/comments?post=5056"}],"wp:featuredmedia":[{"embeddable":true,"href":"https:\/\/www.paysagesrossignol.com\/en\/wp-json\/wp\/v2\/media\/5057"}],"wp:attachment":[{"href":"https:\/\/www.paysagesrossignol.com\/en\/wp-json\/wp\/v2\/media?parent=5056"}],"wp:term":[{"taxonomy":"product_brand","embeddable":true,"href":"https:\/\/www.paysagesrossignol.com\/en\/wp-json\/wp\/v2\/product_brand?post=5056"},{"taxonomy":"product_cat","embeddable":true,"href":"https:\/\/www.paysagesrossignol.com\/en\/wp-json\/wp\/v2\/product_cat?post=5056"},{"taxonomy":"product_tag","embeddable":true,"href":"https:\/\/www.paysagesrossignol.com\/en\/wp-json\/wp\/v2\/product_tag?post=5056"}],"curies":[{"name":"wp","href":"https:\/\/api.w.org\/{rel}","templated":true}]}}