{"id":5061,"date":"2026-03-30T04:00:38","date_gmt":"2026-03-30T08:00:38","guid":{"rendered":"https:\/\/www.paysagesrossignol.com\/product\/terreau-pour-semis-et-pousses-agromix\/"},"modified":"2026-05-04T09:59:30","modified_gmt":"2026-05-04T13:59:30","slug":"terreau-pour-semis-et-pousses-agromix","status":"publish","type":"product","link":"https:\/\/www.paysagesrossignol.com\/en\/product\/terreau-pour-semis-et-pousses-agromix\/","title":{"rendered":"Terreau de D\u00e9marrage pour Semis 25L"},"content":{"rendered":"<h1>Voir disponibilit\u00e9 en magasin<\/h1>\n<p>CARACT\u00c9RISTIQUES<br \/>\nApprouv\u00e9 pour la culture biologique<br \/>\nFavorise une germination rapide et vigoureuse<br \/>\nFacile \u00e0 humecter gr\u00e2ce \u00e0 la fibre de noix de coco<\/p>\n<p>UTILISATIONS<br \/>\nTerreau sp\u00e9cialement con\u00e7u pour les semis (l\u00e9gumes, fines herbes, fleurs) ainsi que pour les boutures (feuilles, tiges, racines).<br \/>\nIl est id\u00e9al pour la culture des jeunes pousses de l\u00e9gumes.<br \/>\nIl peut aussi servir \u00e0 la transplantation et l\u2019empotage de la plupart des esp\u00e8ces de plantes.<\/p>\n","protected":false},"excerpt":{"rendered":"<p>Voir disponibilit\u00e9 en magasin CARACT\u00c9RISTIQUES Approuv\u00e9 pour la culture biologique Favorise une germination rapide et vigoureuse Facile \u00e0 humecter gr\u00e2ce \u00e0 la fibre de noix de coco UTILISATIONS Terreau sp\u00e9cialement con\u00e7u pour les semis (l\u00e9gumes, fines herbes, fleurs) ainsi que pour les boutures (feuilles, tiges, racines). Il est id\u00e9al pour la culture des jeunes pousses [&hellip;]<\/p>\n","protected":false},"featured_media":5062,"comment_status":"closed","ping_status":"open","template":"","meta":{"_acf_changed":false,"_seopress_robots_primary_cat":"","_seopress_titles_title":"","_seopress_titles_desc":"","_seopress_robots_index":"","_seopress_analysis_target_kw":""},"product_brand":[],"product_cat":[31,32],"product_tag":[],"class_list":{"0":"post-5061","1":"product","2":"type-product","3":"status-publish","4":"has-post-thumbnail","6":"product_cat-amenagement-jardin","7":"product_cat-paillis-et-terreau-en-sac","9":"first","10":"instock","11":"taxable","12":"shipping-taxable","13":"purchasable","14":"product-type-simple"},"acf":[],"_links":{"self":[{"href":"https:\/\/www.paysagesrossignol.com\/en\/wp-json\/wp\/v2\/product\/5061","targetHints":{"allow":["GET"]}}],"collection":[{"href":"https:\/\/www.paysagesrossignol.com\/en\/wp-json\/wp\/v2\/product"}],"about":[{"href":"https:\/\/www.paysagesrossignol.com\/en\/wp-json\/wp\/v2\/types\/product"}],"replies":[{"embeddable":true,"href":"https:\/\/www.paysagesrossignol.com\/en\/wp-json\/wp\/v2\/comments?post=5061"}],"wp:featuredmedia":[{"embeddable":true,"href":"https:\/\/www.paysagesrossignol.com\/en\/wp-json\/wp\/v2\/media\/5062"}],"wp:attachment":[{"href":"https:\/\/www.paysagesrossignol.com\/en\/wp-json\/wp\/v2\/media?parent=5061"}],"wp:term":[{"taxonomy":"product_brand","embeddable":true,"href":"https:\/\/www.paysagesrossignol.com\/en\/wp-json\/wp\/v2\/product_brand?post=5061"},{"taxonomy":"product_cat","embeddable":true,"href":"https:\/\/www.paysagesrossignol.com\/en\/wp-json\/wp\/v2\/product_cat?post=5061"},{"taxonomy":"product_tag","embeddable":true,"href":"https:\/\/www.paysagesrossignol.com\/en\/wp-json\/wp\/v2\/product_tag?post=5061"}],"curies":[{"name":"wp","href":"https:\/\/api.w.org\/{rel}","templated":true}]}}