{"id":5064,"date":"2026-03-30T04:00:38","date_gmt":"2026-03-30T08:00:38","guid":{"rendered":"https:\/\/www.paysagesrossignol.com\/product\/terreau-agro-mix-g6-fafard\/"},"modified":"2026-05-04T09:59:33","modified_gmt":"2026-05-04T13:59:33","slug":"terreau-agro-mix-g6-fafard","status":"publish","type":"product","link":"https:\/\/www.paysagesrossignol.com\/en\/product\/terreau-agro-mix-g6-fafard\/","title":{"rendered":"Agromix G6 3pi3"},"content":{"rendered":"<h1>Voir disponibilit\u00e9 en magasin<\/h1>\n<p>Format 3,8 pi.3<br \/>\nFafard<br \/>\nG6<\/p>\n<p>Terreau professionnel haute performance parfait pour la production en serre<br \/>\nIngr\u00e9dients: Tourbe professionnelle, perlite, fibre de noix de coco, chaux, charge nutritive \u00e9quilibr\u00e9e avec suppl\u00e9ment d\u2019\u00e9l\u00e9ments mineurs, gypse, agent mouillant<\/p>\n","protected":false},"excerpt":{"rendered":"<p>Voir disponibilit\u00e9 en magasin Format 3,8 pi.3 Fafard G6 Terreau professionnel haute performance parfait pour la production en serre Ingr\u00e9dients: Tourbe professionnelle, perlite, fibre de noix de coco, chaux, charge nutritive \u00e9quilibr\u00e9e avec suppl\u00e9ment d\u2019\u00e9l\u00e9ments mineurs, gypse, agent mouillant<\/p>\n","protected":false},"featured_media":5065,"comment_status":"closed","ping_status":"open","template":"","meta":{"_acf_changed":false,"_seopress_robots_primary_cat":"","_seopress_titles_title":"","_seopress_titles_desc":"","_seopress_robots_index":"","_seopress_analysis_target_kw":""},"product_brand":[],"product_cat":[31,32],"product_tag":[],"class_list":{"0":"post-5064","1":"product","2":"type-product","3":"status-publish","4":"has-post-thumbnail","6":"product_cat-amenagement-jardin","7":"product_cat-paillis-et-terreau-en-sac","9":"first","10":"instock","11":"taxable","12":"shipping-taxable","13":"purchasable","14":"product-type-simple"},"acf":[],"_links":{"self":[{"href":"https:\/\/www.paysagesrossignol.com\/en\/wp-json\/wp\/v2\/product\/5064","targetHints":{"allow":["GET"]}}],"collection":[{"href":"https:\/\/www.paysagesrossignol.com\/en\/wp-json\/wp\/v2\/product"}],"about":[{"href":"https:\/\/www.paysagesrossignol.com\/en\/wp-json\/wp\/v2\/types\/product"}],"replies":[{"embeddable":true,"href":"https:\/\/www.paysagesrossignol.com\/en\/wp-json\/wp\/v2\/comments?post=5064"}],"wp:featuredmedia":[{"embeddable":true,"href":"https:\/\/www.paysagesrossignol.com\/en\/wp-json\/wp\/v2\/media\/5065"}],"wp:attachment":[{"href":"https:\/\/www.paysagesrossignol.com\/en\/wp-json\/wp\/v2\/media?parent=5064"}],"wp:term":[{"taxonomy":"product_brand","embeddable":true,"href":"https:\/\/www.paysagesrossignol.com\/en\/wp-json\/wp\/v2\/product_brand?post=5064"},{"taxonomy":"product_cat","embeddable":true,"href":"https:\/\/www.paysagesrossignol.com\/en\/wp-json\/wp\/v2\/product_cat?post=5064"},{"taxonomy":"product_tag","embeddable":true,"href":"https:\/\/www.paysagesrossignol.com\/en\/wp-json\/wp\/v2\/product_tag?post=5064"}],"curies":[{"name":"wp","href":"https:\/\/api.w.org\/{rel}","templated":true}]}}