{"id":5076,"date":"2026-03-10T04:00:42","date_gmt":"2026-03-10T08:00:42","guid":{"rendered":"https:\/\/www.paysagesrossignol.com\/product\/capucine-tall-climbing-mix\/"},"modified":"2026-05-04T09:59:43","modified_gmt":"2026-05-04T13:59:43","slug":"capucine-tall-climbing-mix","status":"publish","type":"product","link":"https:\/\/www.paysagesrossignol.com\/en\/product\/capucine-tall-climbing-mix\/","title":{"rendered":"Capucine Tall Climbing Mix"},"content":{"rendered":"<h1>Voir disponibilit\u00e9 en magasin<\/h1>\n<p>C&#8217;est une des plantes pr\u00e9f\u00e9r\u00e9es du jardin grand-maman. De culture tr\u00e8s facile, la capucine tol\u00e8re la s\u00e9cheresse et m\u00eame les sols pauvres. Les fleurs et jeunes feuilles sont comestibles et leur go\u00fbt poivr\u00e9 les rend d\u00e9licieuses en salade ou comme garniture. Semez directement au jardin. Il n&#8217;aime pas \u00eatre d\u00e9rang\u00e9. Annuelle. Tropaeolum Majus<\/p>\n<p>35-52 jours \u00e0 la floraison<\/p>\n<p>McKenzie<\/p>\n","protected":false},"excerpt":{"rendered":"<p>Voir disponibilit\u00e9 en magasin C&#8217;est une des plantes pr\u00e9f\u00e9r\u00e9es du jardin grand-maman. De culture tr\u00e8s facile, la capucine tol\u00e8re la s\u00e9cheresse et m\u00eame les sols pauvres. Les fleurs et jeunes feuilles sont comestibles et leur go\u00fbt poivr\u00e9 les rend d\u00e9licieuses en salade ou comme garniture. Semez directement au jardin. Il n&#8217;aime pas \u00eatre d\u00e9rang\u00e9. Annuelle. [&hellip;]<\/p>\n","protected":false},"featured_media":5077,"comment_status":"closed","ping_status":"open","template":"","meta":{"_acf_changed":false,"_seopress_robots_primary_cat":"","_seopress_titles_title":"","_seopress_titles_desc":"","_seopress_robots_index":"","_seopress_analysis_target_kw":""},"product_brand":[],"product_cat":[31,38],"product_tag":[],"class_list":{"0":"post-5076","1":"product","2":"type-product","3":"status-publish","4":"has-post-thumbnail","6":"product_cat-amenagement-jardin","7":"product_cat-semence-florale","9":"first","10":"instock","11":"taxable","12":"shipping-taxable","13":"purchasable","14":"product-type-simple"},"acf":[],"_links":{"self":[{"href":"https:\/\/www.paysagesrossignol.com\/en\/wp-json\/wp\/v2\/product\/5076","targetHints":{"allow":["GET"]}}],"collection":[{"href":"https:\/\/www.paysagesrossignol.com\/en\/wp-json\/wp\/v2\/product"}],"about":[{"href":"https:\/\/www.paysagesrossignol.com\/en\/wp-json\/wp\/v2\/types\/product"}],"replies":[{"embeddable":true,"href":"https:\/\/www.paysagesrossignol.com\/en\/wp-json\/wp\/v2\/comments?post=5076"}],"wp:featuredmedia":[{"embeddable":true,"href":"https:\/\/www.paysagesrossignol.com\/en\/wp-json\/wp\/v2\/media\/5077"}],"wp:attachment":[{"href":"https:\/\/www.paysagesrossignol.com\/en\/wp-json\/wp\/v2\/media?parent=5076"}],"wp:term":[{"taxonomy":"product_brand","embeddable":true,"href":"https:\/\/www.paysagesrossignol.com\/en\/wp-json\/wp\/v2\/product_brand?post=5076"},{"taxonomy":"product_cat","embeddable":true,"href":"https:\/\/www.paysagesrossignol.com\/en\/wp-json\/wp\/v2\/product_cat?post=5076"},{"taxonomy":"product_tag","embeddable":true,"href":"https:\/\/www.paysagesrossignol.com\/en\/wp-json\/wp\/v2\/product_tag?post=5076"}],"curies":[{"name":"wp","href":"https:\/\/api.w.org\/{rel}","templated":true}]}}