{"id":5119,"date":"2026-03-10T04:00:58","date_gmt":"2026-03-10T08:00:58","guid":{"rendered":"https:\/\/www.paysagesrossignol.com\/product\/mauve-zebrina\/"},"modified":"2026-05-04T10:00:29","modified_gmt":"2026-05-04T14:00:29","slug":"mauve-zebrina","status":"publish","type":"product","link":"https:\/\/www.paysagesrossignol.com\/en\/product\/mauve-zebrina\/","title":{"rendered":"Mauve Zebrina"},"content":{"rendered":"<h1>Voir disponibilit\u00e9 en magasin<\/h1>\n<p>Une superbe vivace aux tiges en \u00e9pis ramifi\u00e9s de 75 cm (30&#8243;) portant des fleurs de 5 cm (2&#8243;) \u00e0 rayures lavande. La mauve fleurit tout au long de l&#8217;\u00e9t\u00e9 et se marie tr\u00e8s bien au phlox et \u00e0 l&#8217;achill\u00e9e jaune. Vivace. Zones 5-9. Malva Sylvestris<\/p>\n<p>Fleurit chaque ann\u00e9e<\/p>\n<p>McKenzie<\/p>\n","protected":false},"excerpt":{"rendered":"<p>Voir disponibilit\u00e9 en magasin Une superbe vivace aux tiges en \u00e9pis ramifi\u00e9s de 75 cm (30&#8243;) portant des fleurs de 5 cm (2&#8243;) \u00e0 rayures lavande. La mauve fleurit tout au long de l&#8217;\u00e9t\u00e9 et se marie tr\u00e8s bien au phlox et \u00e0 l&#8217;achill\u00e9e jaune. Vivace. Zones 5-9. Malva Sylvestris Fleurit chaque ann\u00e9e McKenzie<\/p>\n","protected":false},"featured_media":5120,"comment_status":"closed","ping_status":"open","template":"","meta":{"_acf_changed":false,"_seopress_robots_primary_cat":"","_seopress_titles_title":"","_seopress_titles_desc":"","_seopress_robots_index":"","_seopress_analysis_target_kw":""},"product_brand":[],"product_cat":[31,38],"product_tag":[],"class_list":{"0":"post-5119","1":"product","2":"type-product","3":"status-publish","4":"has-post-thumbnail","6":"product_cat-amenagement-jardin","7":"product_cat-semence-florale","9":"first","10":"instock","11":"taxable","12":"shipping-taxable","13":"purchasable","14":"product-type-simple"},"acf":[],"_links":{"self":[{"href":"https:\/\/www.paysagesrossignol.com\/en\/wp-json\/wp\/v2\/product\/5119","targetHints":{"allow":["GET"]}}],"collection":[{"href":"https:\/\/www.paysagesrossignol.com\/en\/wp-json\/wp\/v2\/product"}],"about":[{"href":"https:\/\/www.paysagesrossignol.com\/en\/wp-json\/wp\/v2\/types\/product"}],"replies":[{"embeddable":true,"href":"https:\/\/www.paysagesrossignol.com\/en\/wp-json\/wp\/v2\/comments?post=5119"}],"wp:featuredmedia":[{"embeddable":true,"href":"https:\/\/www.paysagesrossignol.com\/en\/wp-json\/wp\/v2\/media\/5120"}],"wp:attachment":[{"href":"https:\/\/www.paysagesrossignol.com\/en\/wp-json\/wp\/v2\/media?parent=5119"}],"wp:term":[{"taxonomy":"product_brand","embeddable":true,"href":"https:\/\/www.paysagesrossignol.com\/en\/wp-json\/wp\/v2\/product_brand?post=5119"},{"taxonomy":"product_cat","embeddable":true,"href":"https:\/\/www.paysagesrossignol.com\/en\/wp-json\/wp\/v2\/product_cat?post=5119"},{"taxonomy":"product_tag","embeddable":true,"href":"https:\/\/www.paysagesrossignol.com\/en\/wp-json\/wp\/v2\/product_tag?post=5119"}],"curies":[{"name":"wp","href":"https:\/\/api.w.org\/{rel}","templated":true}]}}