{"id":5144,"date":"2026-03-10T04:00:03","date_gmt":"2026-03-10T08:00:03","guid":{"rendered":"https:\/\/www.paysagesrossignol.com\/product\/persil-italien-single-hardy\/"},"modified":"2026-05-04T10:00:56","modified_gmt":"2026-05-04T14:00:56","slug":"persil-italien-single-hardy","status":"publish","type":"product","link":"https:\/\/www.paysagesrossignol.com\/en\/product\/persil-italien-single-hardy\/","title":{"rendered":"Persil Italien Single Hardy"},"content":{"rendered":"<h1>Voir disponibilit\u00e9 en magasin<\/h1>\n<p>Le persil italien, ou persil simple, offre une saveur plus forte que le persil r\u00e9gulier, qui s ajoute volontiers \u00e0 de nom breux plats. Pour obtenir du persil frais \u00e0 l&#8217;ann\u00e9e, pourquoi ne pas faire un jardin de fines herbes dans la maison? S\u00e9chage: commencez \u00e0 faire s\u00e9cher les feuilles \u00e0 l&#8217;ombre, puis compl\u00e9tez au four. \u00c9miettez les feuilles dess\u00e9ch\u00e9es et entreposez les dans un contenant herm\u00e9tique. Pr\u00e9f\u00e8re mi-ombre. Bisannuelle. Zones 3-9<\/p>\n<p>75 jours \u00e0 la r\u00e9colte<\/p>\n<p>McKenzie<\/p>\n","protected":false},"excerpt":{"rendered":"<p>Voir disponibilit\u00e9 en magasin Le persil italien, ou persil simple, offre une saveur plus forte que le persil r\u00e9gulier, qui s ajoute volontiers \u00e0 de nom breux plats. Pour obtenir du persil frais \u00e0 l&#8217;ann\u00e9e, pourquoi ne pas faire un jardin de fines herbes dans la maison? S\u00e9chage: commencez \u00e0 faire s\u00e9cher les feuilles \u00e0 [&hellip;]<\/p>\n","protected":false},"featured_media":5145,"comment_status":"closed","ping_status":"open","template":"","meta":{"_acf_changed":false,"_seopress_robots_primary_cat":"","_seopress_titles_title":"","_seopress_titles_desc":"","_seopress_robots_index":"","_seopress_analysis_target_kw":""},"product_brand":[],"product_cat":[31,39],"product_tag":[],"class_list":{"0":"post-5144","1":"product","2":"type-product","3":"status-publish","4":"has-post-thumbnail","6":"product_cat-amenagement-jardin","7":"product_cat-semence-potagere","9":"first","10":"instock","11":"taxable","12":"shipping-taxable","13":"purchasable","14":"product-type-simple"},"acf":[],"_links":{"self":[{"href":"https:\/\/www.paysagesrossignol.com\/en\/wp-json\/wp\/v2\/product\/5144","targetHints":{"allow":["GET"]}}],"collection":[{"href":"https:\/\/www.paysagesrossignol.com\/en\/wp-json\/wp\/v2\/product"}],"about":[{"href":"https:\/\/www.paysagesrossignol.com\/en\/wp-json\/wp\/v2\/types\/product"}],"replies":[{"embeddable":true,"href":"https:\/\/www.paysagesrossignol.com\/en\/wp-json\/wp\/v2\/comments?post=5144"}],"wp:featuredmedia":[{"embeddable":true,"href":"https:\/\/www.paysagesrossignol.com\/en\/wp-json\/wp\/v2\/media\/5145"}],"wp:attachment":[{"href":"https:\/\/www.paysagesrossignol.com\/en\/wp-json\/wp\/v2\/media?parent=5144"}],"wp:term":[{"taxonomy":"product_brand","embeddable":true,"href":"https:\/\/www.paysagesrossignol.com\/en\/wp-json\/wp\/v2\/product_brand?post=5144"},{"taxonomy":"product_cat","embeddable":true,"href":"https:\/\/www.paysagesrossignol.com\/en\/wp-json\/wp\/v2\/product_cat?post=5144"},{"taxonomy":"product_tag","embeddable":true,"href":"https:\/\/www.paysagesrossignol.com\/en\/wp-json\/wp\/v2\/product_tag?post=5144"}],"curies":[{"name":"wp","href":"https:\/\/api.w.org\/{rel}","templated":true}]}}