{"id":5150,"date":"2026-03-10T04:00:06","date_gmt":"2026-03-10T08:00:06","guid":{"rendered":"https:\/\/www.paysagesrossignol.com\/product\/carotte-red-cored-chantenay-ruban\/"},"modified":"2026-05-04T10:01:00","modified_gmt":"2026-05-04T14:01:00","slug":"carotte-red-cored-chantenay-ruban","status":"publish","type":"product","link":"https:\/\/www.paysagesrossignol.com\/en\/product\/carotte-red-cored-chantenay-ruban\/","title":{"rendered":"Carotte Red Cored Chantenay (Ruban)"},"content":{"rendered":"<h1>Voir disponibilit\u00e9 en magasin<\/h1>\n<p>Le Red Cored Chantenay produit des carottes croquantes et sucr\u00e9es qui sont excellentes pour \u00eatre coup\u00e9es en d\u00e9s.<\/p>\n<p>Les racines deviennent orange rouge\u00e2tre avec un noyau indistinct.<\/p>\n<p>Cette vari\u00e9t\u00e9 produit des carottes plus courtes et plus \u00e9paisses qui atteignent environ 14 cm (5 1\/2&#8243;) de long \u00e0 maturit\u00e9.<\/p>\n<p>Un choix sant\u00e9, les carottes contiennent plus de vitamine A que tout autre l\u00e9gume et lorsqu&#8217;elles sont crues, elles fournissent d&#8217;importantes fibres alimentaires.<\/p>\n<p>70 jours \u00e0 la r\u00e9colte<\/p>\n<p>McKenzie<\/p>\n<p>&nbsp;<\/p>\n","protected":false},"excerpt":{"rendered":"<p>Voir disponibilit\u00e9 en magasin Le Red Cored Chantenay produit des carottes croquantes et sucr\u00e9es qui sont excellentes pour \u00eatre coup\u00e9es en d\u00e9s. Les racines deviennent orange rouge\u00e2tre avec un noyau indistinct. Cette vari\u00e9t\u00e9 produit des carottes plus courtes et plus \u00e9paisses qui atteignent environ 14 cm (5 1\/2&#8243;) de long \u00e0 maturit\u00e9. Un choix sant\u00e9, [&hellip;]<\/p>\n","protected":false},"featured_media":5151,"comment_status":"closed","ping_status":"open","template":"","meta":{"_acf_changed":false,"_seopress_robots_primary_cat":"","_seopress_titles_title":"","_seopress_titles_desc":"","_seopress_robots_index":"","_seopress_analysis_target_kw":""},"product_brand":[],"product_cat":[31,39],"product_tag":[],"class_list":{"0":"post-5150","1":"product","2":"type-product","3":"status-publish","4":"has-post-thumbnail","6":"product_cat-amenagement-jardin","7":"product_cat-semence-potagere","9":"first","10":"instock","11":"taxable","12":"shipping-taxable","13":"purchasable","14":"product-type-simple"},"acf":[],"_links":{"self":[{"href":"https:\/\/www.paysagesrossignol.com\/en\/wp-json\/wp\/v2\/product\/5150","targetHints":{"allow":["GET"]}}],"collection":[{"href":"https:\/\/www.paysagesrossignol.com\/en\/wp-json\/wp\/v2\/product"}],"about":[{"href":"https:\/\/www.paysagesrossignol.com\/en\/wp-json\/wp\/v2\/types\/product"}],"replies":[{"embeddable":true,"href":"https:\/\/www.paysagesrossignol.com\/en\/wp-json\/wp\/v2\/comments?post=5150"}],"wp:featuredmedia":[{"embeddable":true,"href":"https:\/\/www.paysagesrossignol.com\/en\/wp-json\/wp\/v2\/media\/5151"}],"wp:attachment":[{"href":"https:\/\/www.paysagesrossignol.com\/en\/wp-json\/wp\/v2\/media?parent=5150"}],"wp:term":[{"taxonomy":"product_brand","embeddable":true,"href":"https:\/\/www.paysagesrossignol.com\/en\/wp-json\/wp\/v2\/product_brand?post=5150"},{"taxonomy":"product_cat","embeddable":true,"href":"https:\/\/www.paysagesrossignol.com\/en\/wp-json\/wp\/v2\/product_cat?post=5150"},{"taxonomy":"product_tag","embeddable":true,"href":"https:\/\/www.paysagesrossignol.com\/en\/wp-json\/wp\/v2\/product_tag?post=5150"}],"curies":[{"name":"wp","href":"https:\/\/api.w.org\/{rel}","templated":true}]}}