{"id":5167,"date":"2026-03-10T04:00:10","date_gmt":"2026-03-10T08:00:10","guid":{"rendered":"https:\/\/www.paysagesrossignol.com\/product\/courge-buttercup\/"},"modified":"2026-05-04T10:01:15","modified_gmt":"2026-05-04T14:01:15","slug":"courge-buttercup","status":"publish","type":"product","link":"https:\/\/www.paysagesrossignol.com\/en\/product\/courge-buttercup\/","title":{"rendered":"Courge Buttercup"},"content":{"rendered":"<h1>Voir disponibilit\u00e9 en magasin<\/h1>\n<p>L&#8217;une des meilleurs courges d&#8217;hiver. Chair jaune or riche, \u00e9paisse, sucr\u00e9e et \u00e0 texture fine et s\u00e8che. Fruit en forme de turban avec une \u00e9corce dure verte tachet\u00e9e et stri\u00e9e de gris. R\u00e9coltez apr\u00e8s le premier gel ou lorsque la partie de l&#8217;\u00e9corce touche au sol commence \u00e0 devenir orang\u00e9e. Arrosez g\u00e9n\u00e9reusement en p\u00e9riode de s\u00e9cheresse.<\/p>\n<p>90-100 jours \u00e0 la r\u00e9colte<\/p>\n<p>McKenzie<\/p>\n","protected":false},"excerpt":{"rendered":"<p>Voir disponibilit\u00e9 en magasin L&#8217;une des meilleurs courges d&#8217;hiver. Chair jaune or riche, \u00e9paisse, sucr\u00e9e et \u00e0 texture fine et s\u00e8che. Fruit en forme de turban avec une \u00e9corce dure verte tachet\u00e9e et stri\u00e9e de gris. R\u00e9coltez apr\u00e8s le premier gel ou lorsque la partie de l&#8217;\u00e9corce touche au sol commence \u00e0 devenir orang\u00e9e. Arrosez [&hellip;]<\/p>\n","protected":false},"featured_media":5168,"comment_status":"closed","ping_status":"open","template":"","meta":{"_acf_changed":false,"_seopress_robots_primary_cat":"","_seopress_titles_title":"","_seopress_titles_desc":"","_seopress_robots_index":"","_seopress_analysis_target_kw":""},"product_brand":[],"product_cat":[31,39],"product_tag":[],"class_list":{"0":"post-5167","1":"product","2":"type-product","3":"status-publish","4":"has-post-thumbnail","6":"product_cat-amenagement-jardin","7":"product_cat-semence-potagere","9":"first","10":"instock","11":"taxable","12":"shipping-taxable","13":"purchasable","14":"product-type-simple"},"acf":[],"_links":{"self":[{"href":"https:\/\/www.paysagesrossignol.com\/en\/wp-json\/wp\/v2\/product\/5167","targetHints":{"allow":["GET"]}}],"collection":[{"href":"https:\/\/www.paysagesrossignol.com\/en\/wp-json\/wp\/v2\/product"}],"about":[{"href":"https:\/\/www.paysagesrossignol.com\/en\/wp-json\/wp\/v2\/types\/product"}],"replies":[{"embeddable":true,"href":"https:\/\/www.paysagesrossignol.com\/en\/wp-json\/wp\/v2\/comments?post=5167"}],"wp:featuredmedia":[{"embeddable":true,"href":"https:\/\/www.paysagesrossignol.com\/en\/wp-json\/wp\/v2\/media\/5168"}],"wp:attachment":[{"href":"https:\/\/www.paysagesrossignol.com\/en\/wp-json\/wp\/v2\/media?parent=5167"}],"wp:term":[{"taxonomy":"product_brand","embeddable":true,"href":"https:\/\/www.paysagesrossignol.com\/en\/wp-json\/wp\/v2\/product_brand?post=5167"},{"taxonomy":"product_cat","embeddable":true,"href":"https:\/\/www.paysagesrossignol.com\/en\/wp-json\/wp\/v2\/product_cat?post=5167"},{"taxonomy":"product_tag","embeddable":true,"href":"https:\/\/www.paysagesrossignol.com\/en\/wp-json\/wp\/v2\/product_tag?post=5167"}],"curies":[{"name":"wp","href":"https:\/\/api.w.org\/{rel}","templated":true}]}}