{"id":5180,"date":"2026-03-10T04:00:14","date_gmt":"2026-03-10T08:00:14","guid":{"rendered":"https:\/\/www.paysagesrossignol.com\/product\/oignon-a-botteler-white-lisbon-ruban\/"},"modified":"2026-05-04T10:01:31","modified_gmt":"2026-05-04T14:01:31","slug":"oignon-a-botteler-white-lisbon-ruban","status":"publish","type":"product","link":"https:\/\/www.paysagesrossignol.com\/en\/product\/oignon-a-botteler-white-lisbon-ruban\/","title":{"rendered":"Oignon \u00e0 Botteler White Lisbon Ruban"},"content":{"rendered":"<h1>Voir disponibilit\u00e9 en magasin<\/h1>\n<p>Cette vari\u00e9t\u00e9 blanc-argent\u00e9 reconnue pour son go\u00fbt piquant est croustillante, douce et pousse rapidement. Sert aussi bien \u00e0 \u00eatre savour\u00e9 nature qu&#8217;\u00e0 rehausser le go\u00fbt des salades et sandwiches.<\/p>\n<p>60-110 jours \u00e0 la r\u00e9colte<\/p>\n<p>McKenzie<\/p>\n","protected":false},"excerpt":{"rendered":"<p>Voir disponibilit\u00e9 en magasin Cette vari\u00e9t\u00e9 blanc-argent\u00e9 reconnue pour son go\u00fbt piquant est croustillante, douce et pousse rapidement. Sert aussi bien \u00e0 \u00eatre savour\u00e9 nature qu&#8217;\u00e0 rehausser le go\u00fbt des salades et sandwiches. 60-110 jours \u00e0 la r\u00e9colte McKenzie<\/p>\n","protected":false},"featured_media":5181,"comment_status":"closed","ping_status":"open","template":"","meta":{"_acf_changed":false,"_seopress_robots_primary_cat":"","_seopress_titles_title":"","_seopress_titles_desc":"","_seopress_robots_index":"","_seopress_analysis_target_kw":""},"product_brand":[],"product_cat":[31,39],"product_tag":[],"class_list":{"0":"post-5180","1":"product","2":"type-product","3":"status-publish","4":"has-post-thumbnail","6":"product_cat-amenagement-jardin","7":"product_cat-semence-potagere","9":"first","10":"instock","11":"taxable","12":"shipping-taxable","13":"purchasable","14":"product-type-simple"},"acf":[],"_links":{"self":[{"href":"https:\/\/www.paysagesrossignol.com\/en\/wp-json\/wp\/v2\/product\/5180","targetHints":{"allow":["GET"]}}],"collection":[{"href":"https:\/\/www.paysagesrossignol.com\/en\/wp-json\/wp\/v2\/product"}],"about":[{"href":"https:\/\/www.paysagesrossignol.com\/en\/wp-json\/wp\/v2\/types\/product"}],"replies":[{"embeddable":true,"href":"https:\/\/www.paysagesrossignol.com\/en\/wp-json\/wp\/v2\/comments?post=5180"}],"wp:featuredmedia":[{"embeddable":true,"href":"https:\/\/www.paysagesrossignol.com\/en\/wp-json\/wp\/v2\/media\/5181"}],"wp:attachment":[{"href":"https:\/\/www.paysagesrossignol.com\/en\/wp-json\/wp\/v2\/media?parent=5180"}],"wp:term":[{"taxonomy":"product_brand","embeddable":true,"href":"https:\/\/www.paysagesrossignol.com\/en\/wp-json\/wp\/v2\/product_brand?post=5180"},{"taxonomy":"product_cat","embeddable":true,"href":"https:\/\/www.paysagesrossignol.com\/en\/wp-json\/wp\/v2\/product_cat?post=5180"},{"taxonomy":"product_tag","embeddable":true,"href":"https:\/\/www.paysagesrossignol.com\/en\/wp-json\/wp\/v2\/product_tag?post=5180"}],"curies":[{"name":"wp","href":"https:\/\/api.w.org\/{rel}","templated":true}]}}