{"id":5185,"date":"2026-03-10T04:00:19","date_gmt":"2026-03-10T08:00:19","guid":{"rendered":"https:\/\/www.paysagesrossignol.com\/product\/concombre-national-pickling\/"},"modified":"2026-05-04T10:01:33","modified_gmt":"2026-05-04T14:01:33","slug":"concombre-national-pickling","status":"publish","type":"product","link":"https:\/\/www.paysagesrossignol.com\/en\/product\/concombre-national-pickling\/","title":{"rendered":"Concombre National Pickling"},"content":{"rendered":"<h1>Voir disponibilit\u00e9 en magasin<\/h1>\n<p>Une vari\u00e9t\u00e9 \u00e9prouv\u00e9e. Produit des concombres abondants et de hautes qualit\u00e9 de 15 cm (6&#8243;) de long, cylindriques et vert fonc\u00e9. \u00c0 \u00e9pines noires. R\u00e9sistant \u00e0 la mosa\u00efque de concombre. Excellent pour la marinade. Compagnonnage: les haricots, pois, tomates, choux et laitues.<\/p>\n<p>55 jours \u00e0 la r\u00e9colte<\/p>\n<p>McKenzie<\/p>\n","protected":false},"excerpt":{"rendered":"<p>Voir disponibilit\u00e9 en magasin Une vari\u00e9t\u00e9 \u00e9prouv\u00e9e. Produit des concombres abondants et de hautes qualit\u00e9 de 15 cm (6&#8243;) de long, cylindriques et vert fonc\u00e9. \u00c0 \u00e9pines noires. R\u00e9sistant \u00e0 la mosa\u00efque de concombre. Excellent pour la marinade. Compagnonnage: les haricots, pois, tomates, choux et laitues. 55 jours \u00e0 la r\u00e9colte McKenzie<\/p>\n","protected":false},"featured_media":5186,"comment_status":"closed","ping_status":"open","template":"","meta":{"_acf_changed":false,"_seopress_robots_primary_cat":"","_seopress_titles_title":"","_seopress_titles_desc":"","_seopress_robots_index":"","_seopress_analysis_target_kw":""},"product_brand":[],"product_cat":[31,39],"product_tag":[],"class_list":{"0":"post-5185","1":"product","2":"type-product","3":"status-publish","4":"has-post-thumbnail","6":"product_cat-amenagement-jardin","7":"product_cat-semence-potagere","9":"first","10":"instock","11":"taxable","12":"shipping-taxable","13":"purchasable","14":"product-type-simple"},"acf":[],"_links":{"self":[{"href":"https:\/\/www.paysagesrossignol.com\/en\/wp-json\/wp\/v2\/product\/5185","targetHints":{"allow":["GET"]}}],"collection":[{"href":"https:\/\/www.paysagesrossignol.com\/en\/wp-json\/wp\/v2\/product"}],"about":[{"href":"https:\/\/www.paysagesrossignol.com\/en\/wp-json\/wp\/v2\/types\/product"}],"replies":[{"embeddable":true,"href":"https:\/\/www.paysagesrossignol.com\/en\/wp-json\/wp\/v2\/comments?post=5185"}],"wp:featuredmedia":[{"embeddable":true,"href":"https:\/\/www.paysagesrossignol.com\/en\/wp-json\/wp\/v2\/media\/5186"}],"wp:attachment":[{"href":"https:\/\/www.paysagesrossignol.com\/en\/wp-json\/wp\/v2\/media?parent=5185"}],"wp:term":[{"taxonomy":"product_brand","embeddable":true,"href":"https:\/\/www.paysagesrossignol.com\/en\/wp-json\/wp\/v2\/product_brand?post=5185"},{"taxonomy":"product_cat","embeddable":true,"href":"https:\/\/www.paysagesrossignol.com\/en\/wp-json\/wp\/v2\/product_cat?post=5185"},{"taxonomy":"product_tag","embeddable":true,"href":"https:\/\/www.paysagesrossignol.com\/en\/wp-json\/wp\/v2\/product_tag?post=5185"}],"curies":[{"name":"wp","href":"https:\/\/api.w.org\/{rel}","templated":true}]}}