{"id":5188,"date":"2026-03-10T04:00:19","date_gmt":"2026-03-10T08:00:19","guid":{"rendered":"https:\/\/www.paysagesrossignol.com\/product\/laitue-romaine-2\/"},"modified":"2026-05-04T10:01:36","modified_gmt":"2026-05-04T14:01:36","slug":"laitue-romaine-2","status":"publish","type":"product","link":"https:\/\/www.paysagesrossignol.com\/en\/product\/laitue-romaine-2\/","title":{"rendered":"Laitue Cos or Romaine"},"content":{"rendered":"<h1>Voir disponibilit\u00e9 en magasin<\/h1>\n<p>Qualit\u00e9 extraordinaire! Forme une t\u00eate allong\u00e9e compos\u00e9e de feuilles longues aux nervures pro\u00e9minentes. Les feuilles ext\u00e9rieurs sont vertes fonc\u00e9 assez rudes, celles de l&#8217;int\u00e9rieur sont vertes p\u00e2le et plus tendres. La laitue romaine est surtout utilis\u00e9e pour la salade &#8216;C\u00e9sar&#8217;. Cro\u00eet mieux par temps frais<\/p>\n<p>65-85 jours \u00e0 la r\u00e9colte<\/p>\n<p>McKenzie<\/p>\n","protected":false},"excerpt":{"rendered":"<p>Voir disponibilit\u00e9 en magasin Qualit\u00e9 extraordinaire! Forme une t\u00eate allong\u00e9e compos\u00e9e de feuilles longues aux nervures pro\u00e9minentes. Les feuilles ext\u00e9rieurs sont vertes fonc\u00e9 assez rudes, celles de l&#8217;int\u00e9rieur sont vertes p\u00e2le et plus tendres. La laitue romaine est surtout utilis\u00e9e pour la salade &#8216;C\u00e9sar&#8217;. Cro\u00eet mieux par temps frais 65-85 jours \u00e0 la r\u00e9colte McKenzie<\/p>\n","protected":false},"featured_media":5189,"comment_status":"closed","ping_status":"open","template":"","meta":{"_acf_changed":false,"_seopress_robots_primary_cat":"","_seopress_titles_title":"","_seopress_titles_desc":"","_seopress_robots_index":"","_seopress_analysis_target_kw":""},"product_brand":[],"product_cat":[31,39],"product_tag":[],"class_list":{"0":"post-5188","1":"product","2":"type-product","3":"status-publish","4":"has-post-thumbnail","6":"product_cat-amenagement-jardin","7":"product_cat-semence-potagere","9":"first","10":"instock","11":"taxable","12":"shipping-taxable","13":"purchasable","14":"product-type-simple"},"acf":[],"_links":{"self":[{"href":"https:\/\/www.paysagesrossignol.com\/en\/wp-json\/wp\/v2\/product\/5188","targetHints":{"allow":["GET"]}}],"collection":[{"href":"https:\/\/www.paysagesrossignol.com\/en\/wp-json\/wp\/v2\/product"}],"about":[{"href":"https:\/\/www.paysagesrossignol.com\/en\/wp-json\/wp\/v2\/types\/product"}],"replies":[{"embeddable":true,"href":"https:\/\/www.paysagesrossignol.com\/en\/wp-json\/wp\/v2\/comments?post=5188"}],"wp:featuredmedia":[{"embeddable":true,"href":"https:\/\/www.paysagesrossignol.com\/en\/wp-json\/wp\/v2\/media\/5189"}],"wp:attachment":[{"href":"https:\/\/www.paysagesrossignol.com\/en\/wp-json\/wp\/v2\/media?parent=5188"}],"wp:term":[{"taxonomy":"product_brand","embeddable":true,"href":"https:\/\/www.paysagesrossignol.com\/en\/wp-json\/wp\/v2\/product_brand?post=5188"},{"taxonomy":"product_cat","embeddable":true,"href":"https:\/\/www.paysagesrossignol.com\/en\/wp-json\/wp\/v2\/product_cat?post=5188"},{"taxonomy":"product_tag","embeddable":true,"href":"https:\/\/www.paysagesrossignol.com\/en\/wp-json\/wp\/v2\/product_tag?post=5188"}],"curies":[{"name":"wp","href":"https:\/\/api.w.org\/{rel}","templated":true}]}}