{"id":5199,"date":"2026-03-10T04:00:23","date_gmt":"2026-03-10T08:00:23","guid":{"rendered":"https:\/\/www.paysagesrossignol.com\/product\/tournesol-taiyo\/"},"modified":"2026-05-04T10:01:48","modified_gmt":"2026-05-04T14:01:48","slug":"tournesol-taiyo","status":"publish","type":"product","link":"https:\/\/www.paysagesrossignol.com\/en\/product\/tournesol-taiyo\/","title":{"rendered":"Tournesol Taiyo"},"content":{"rendered":"<h1>Voir disponibilit\u00e9 en magasin<\/h1>\n<p>Donne des fleurs de 25-30 cm (10-12&#8243;) de diam\u00e8tre, d&#8217;un beau jaune vibrant au c\u0153ur noir. \u00c0 la culture facile, leurs tiges robustes sont id\u00e9ales comme paravent. Au jardin, semez par groupe de trois ou quatre. Une vari\u00e9t\u00e9 non-branchue. Annuelle. Helianthus Annuus<\/p>\n<p>75-90 jours \u00e0 la floraison<\/p>\n<p>McKenzie<\/p>\n","protected":false},"excerpt":{"rendered":"<p>Voir disponibilit\u00e9 en magasin Donne des fleurs de 25-30 cm (10-12&#8243;) de diam\u00e8tre, d&#8217;un beau jaune vibrant au c\u0153ur noir. \u00c0 la culture facile, leurs tiges robustes sont id\u00e9ales comme paravent. Au jardin, semez par groupe de trois ou quatre. Une vari\u00e9t\u00e9 non-branchue. Annuelle. Helianthus Annuus 75-90 jours \u00e0 la floraison McKenzie<\/p>\n","protected":false},"featured_media":5200,"comment_status":"closed","ping_status":"open","template":"","meta":{"_acf_changed":false,"_seopress_robots_primary_cat":"","_seopress_titles_title":"","_seopress_titles_desc":"","_seopress_robots_index":"","_seopress_analysis_target_kw":""},"product_brand":[],"product_cat":[31,38],"product_tag":[],"class_list":{"0":"post-5199","1":"product","2":"type-product","3":"status-publish","4":"has-post-thumbnail","6":"product_cat-amenagement-jardin","7":"product_cat-semence-florale","9":"first","10":"instock","11":"taxable","12":"shipping-taxable","13":"purchasable","14":"product-type-simple"},"acf":[],"_links":{"self":[{"href":"https:\/\/www.paysagesrossignol.com\/en\/wp-json\/wp\/v2\/product\/5199","targetHints":{"allow":["GET"]}}],"collection":[{"href":"https:\/\/www.paysagesrossignol.com\/en\/wp-json\/wp\/v2\/product"}],"about":[{"href":"https:\/\/www.paysagesrossignol.com\/en\/wp-json\/wp\/v2\/types\/product"}],"replies":[{"embeddable":true,"href":"https:\/\/www.paysagesrossignol.com\/en\/wp-json\/wp\/v2\/comments?post=5199"}],"wp:featuredmedia":[{"embeddable":true,"href":"https:\/\/www.paysagesrossignol.com\/en\/wp-json\/wp\/v2\/media\/5200"}],"wp:attachment":[{"href":"https:\/\/www.paysagesrossignol.com\/en\/wp-json\/wp\/v2\/media?parent=5199"}],"wp:term":[{"taxonomy":"product_brand","embeddable":true,"href":"https:\/\/www.paysagesrossignol.com\/en\/wp-json\/wp\/v2\/product_brand?post=5199"},{"taxonomy":"product_cat","embeddable":true,"href":"https:\/\/www.paysagesrossignol.com\/en\/wp-json\/wp\/v2\/product_cat?post=5199"},{"taxonomy":"product_tag","embeddable":true,"href":"https:\/\/www.paysagesrossignol.com\/en\/wp-json\/wp\/v2\/product_tag?post=5199"}],"curies":[{"name":"wp","href":"https:\/\/api.w.org\/{rel}","templated":true}]}}