{"id":5209,"date":"2026-03-10T04:00:23","date_gmt":"2026-03-10T08:00:23","guid":{"rendered":"https:\/\/www.paysagesrossignol.com\/product\/romarin-2\/"},"modified":"2026-05-04T10:01:59","modified_gmt":"2026-05-04T14:01:59","slug":"romarin-2","status":"publish","type":"product","link":"https:\/\/www.paysagesrossignol.com\/en\/product\/romarin-2\/","title":{"rendered":"Romarin"},"content":{"rendered":"<h1>Voir disponibilit\u00e9 en magasin<\/h1>\n<p>Cette vivace tendre et parfum\u00e9e \u00e0 feuilles persistantes est une proche parente de la menthe et s&#8217;associe \u00e0 merveille avec la viande, le poisson et beaucoup de l\u00e9gumes. Mieux vaut le cultiver en pot de fa\u00e7on \u00e0 pouvoir l&#8217;entrer pour l&#8217;hiver et ainsi le conserver plusieurs ann\u00e9es. R\u00e9sistant \u00e0 la s\u00e9cheresse. Hauteur de la plante: 90 cm (36&#8243;). Tendre vivace. Zone 7-9.<\/p>\n<p>85 jours \u00e0 la r\u00e9colte<\/p>\n<p>McKenzie<\/p>\n","protected":false},"excerpt":{"rendered":"<p>Voir disponibilit\u00e9 en magasin Cette vivace tendre et parfum\u00e9e \u00e0 feuilles persistantes est une proche parente de la menthe et s&#8217;associe \u00e0 merveille avec la viande, le poisson et beaucoup de l\u00e9gumes. Mieux vaut le cultiver en pot de fa\u00e7on \u00e0 pouvoir l&#8217;entrer pour l&#8217;hiver et ainsi le conserver plusieurs ann\u00e9es. R\u00e9sistant \u00e0 la s\u00e9cheresse. [&hellip;]<\/p>\n","protected":false},"featured_media":5210,"comment_status":"closed","ping_status":"open","template":"","meta":{"_acf_changed":false,"_seopress_robots_primary_cat":"","_seopress_titles_title":"","_seopress_titles_desc":"","_seopress_robots_index":"","_seopress_analysis_target_kw":""},"product_brand":[],"product_cat":[31,39],"product_tag":[],"class_list":{"0":"post-5209","1":"product","2":"type-product","3":"status-publish","4":"has-post-thumbnail","6":"product_cat-amenagement-jardin","7":"product_cat-semence-potagere","9":"first","10":"instock","11":"taxable","12":"shipping-taxable","13":"purchasable","14":"product-type-simple"},"acf":[],"_links":{"self":[{"href":"https:\/\/www.paysagesrossignol.com\/en\/wp-json\/wp\/v2\/product\/5209","targetHints":{"allow":["GET"]}}],"collection":[{"href":"https:\/\/www.paysagesrossignol.com\/en\/wp-json\/wp\/v2\/product"}],"about":[{"href":"https:\/\/www.paysagesrossignol.com\/en\/wp-json\/wp\/v2\/types\/product"}],"replies":[{"embeddable":true,"href":"https:\/\/www.paysagesrossignol.com\/en\/wp-json\/wp\/v2\/comments?post=5209"}],"wp:featuredmedia":[{"embeddable":true,"href":"https:\/\/www.paysagesrossignol.com\/en\/wp-json\/wp\/v2\/media\/5210"}],"wp:attachment":[{"href":"https:\/\/www.paysagesrossignol.com\/en\/wp-json\/wp\/v2\/media?parent=5209"}],"wp:term":[{"taxonomy":"product_brand","embeddable":true,"href":"https:\/\/www.paysagesrossignol.com\/en\/wp-json\/wp\/v2\/product_brand?post=5209"},{"taxonomy":"product_cat","embeddable":true,"href":"https:\/\/www.paysagesrossignol.com\/en\/wp-json\/wp\/v2\/product_cat?post=5209"},{"taxonomy":"product_tag","embeddable":true,"href":"https:\/\/www.paysagesrossignol.com\/en\/wp-json\/wp\/v2\/product_tag?post=5209"}],"curies":[{"name":"wp","href":"https:\/\/api.w.org\/{rel}","templated":true}]}}