{"id":5212,"date":"2026-03-10T04:00:27","date_gmt":"2026-03-10T08:00:27","guid":{"rendered":"https:\/\/www.paysagesrossignol.com\/product\/mais-canadian-early-supersweet-hybride-sh2\/"},"modified":"2026-05-04T10:02:00","modified_gmt":"2026-05-04T14:02:00","slug":"mais-canadian-early-supersweet-hybride-sh2","status":"publish","type":"product","link":"https:\/\/www.paysagesrossignol.com\/en\/product\/mais-canadian-early-supersweet-hybride-sh2\/","title":{"rendered":"Ma\u00efs Canadian Early Supersweet Hybride (SH2)"},"content":{"rendered":"<h1>Voir disponibilit\u00e9 en magasin<\/h1>\n<p>Une vari\u00e9t\u00e9 &#8220;super-sucr\u00e9&#8221; tr\u00e8s h\u00e2tive d\u00e9velopp\u00e9e sp\u00e9cifiquement pour les r\u00e9gions \u00e0 saison courte. Les grands \u00e9pis de 20-25 cm (8-10&#8243;) de long produisent des grains tr\u00e8s sucr\u00e9s. Les plants de ma\u00efs de type &#8220;super-sucr\u00e9&#8221; maintiennent leur go\u00fbt beaucoup plus longtemps apr\u00e8s la r\u00e9colte que les autres vari\u00e9t\u00e9s. Arrosez r\u00e9guli\u00e8rement. Plantez en carr\u00e9 plut\u00f4t qu&#8217;en un seul rang long pour favoris\u00e9 la pollinisation. Cultiver \u00e0 une distance de 7,5 m (25&#8242;) de vari\u00e9t\u00e9s diff\u00e9rentes pour emp\u00eacher le croisement des vari\u00e9t\u00e9s. Contient de la terre diatmomaceuse<\/p>\n<p>65-70 jours \u00e0 la r\u00e9colte<\/p>\n<p>McKenzie<\/p>\n","protected":false},"excerpt":{"rendered":"<p>Voir disponibilit\u00e9 en magasin Une vari\u00e9t\u00e9 &#8220;super-sucr\u00e9&#8221; tr\u00e8s h\u00e2tive d\u00e9velopp\u00e9e sp\u00e9cifiquement pour les r\u00e9gions \u00e0 saison courte. Les grands \u00e9pis de 20-25 cm (8-10&#8243;) de long produisent des grains tr\u00e8s sucr\u00e9s. Les plants de ma\u00efs de type &#8220;super-sucr\u00e9&#8221; maintiennent leur go\u00fbt beaucoup plus longtemps apr\u00e8s la r\u00e9colte que les autres vari\u00e9t\u00e9s. Arrosez r\u00e9guli\u00e8rement. Plantez en [&hellip;]<\/p>\n","protected":false},"featured_media":5213,"comment_status":"closed","ping_status":"open","template":"","meta":{"_acf_changed":false,"_seopress_robots_primary_cat":"","_seopress_titles_title":"","_seopress_titles_desc":"","_seopress_robots_index":"","_seopress_analysis_target_kw":""},"product_brand":[],"product_cat":[31,39],"product_tag":[],"class_list":{"0":"post-5212","1":"product","2":"type-product","3":"status-publish","4":"has-post-thumbnail","6":"product_cat-amenagement-jardin","7":"product_cat-semence-potagere","9":"first","10":"instock","11":"taxable","12":"shipping-taxable","13":"purchasable","14":"product-type-simple"},"acf":[],"_links":{"self":[{"href":"https:\/\/www.paysagesrossignol.com\/en\/wp-json\/wp\/v2\/product\/5212","targetHints":{"allow":["GET"]}}],"collection":[{"href":"https:\/\/www.paysagesrossignol.com\/en\/wp-json\/wp\/v2\/product"}],"about":[{"href":"https:\/\/www.paysagesrossignol.com\/en\/wp-json\/wp\/v2\/types\/product"}],"replies":[{"embeddable":true,"href":"https:\/\/www.paysagesrossignol.com\/en\/wp-json\/wp\/v2\/comments?post=5212"}],"wp:featuredmedia":[{"embeddable":true,"href":"https:\/\/www.paysagesrossignol.com\/en\/wp-json\/wp\/v2\/media\/5213"}],"wp:attachment":[{"href":"https:\/\/www.paysagesrossignol.com\/en\/wp-json\/wp\/v2\/media?parent=5212"}],"wp:term":[{"taxonomy":"product_brand","embeddable":true,"href":"https:\/\/www.paysagesrossignol.com\/en\/wp-json\/wp\/v2\/product_brand?post=5212"},{"taxonomy":"product_cat","embeddable":true,"href":"https:\/\/www.paysagesrossignol.com\/en\/wp-json\/wp\/v2\/product_cat?post=5212"},{"taxonomy":"product_tag","embeddable":true,"href":"https:\/\/www.paysagesrossignol.com\/en\/wp-json\/wp\/v2\/product_tag?post=5212"}],"curies":[{"name":"wp","href":"https:\/\/api.w.org\/{rel}","templated":true}]}}