{"id":5232,"date":"2026-03-10T04:00:36","date_gmt":"2026-03-10T08:00:36","guid":{"rendered":"https:\/\/www.paysagesrossignol.com\/product\/laitue-buttercrunh\/"},"modified":"2026-05-04T10:02:21","modified_gmt":"2026-05-04T14:02:21","slug":"laitue-buttercrunh","status":"publish","type":"product","link":"https:\/\/www.paysagesrossignol.com\/en\/product\/laitue-buttercrunh\/","title":{"rendered":"Laitue Buttercrunch"},"content":{"rendered":"<h1>Voir disponibilit\u00e9 en magasin<\/h1>\n<p>Une gagnante de S\u00e9lection All-America! Laitue de type semi-pomm\u00e9e \u00e0 pomme compacte de 25 cm (10&#8243;). Feuilles peu serr\u00e9es vert clair \u00e0 l&#8217;ext\u00e9rieur et cr\u00e8me \u00e0 l&#8217;int\u00e9rieur qui ne sont jamais am\u00e8res. Lente \u00e0 monter en graine. La plus r\u00e9sistante et la plus grosse des laitues &#8216;Boston&#8217;. Feuilles immatures pr\u00eates \u00e0 r\u00e9colte en seulement 28 jours. Cro\u00eet mieux par temps frais.<\/p>\n<p>60-70 jours \u00e0 la r\u00e9colte<\/p>\n<p>McKenzie<\/p>\n","protected":false},"excerpt":{"rendered":"<p>Voir disponibilit\u00e9 en magasin Une gagnante de S\u00e9lection All-America! Laitue de type semi-pomm\u00e9e \u00e0 pomme compacte de 25 cm (10&#8243;). Feuilles peu serr\u00e9es vert clair \u00e0 l&#8217;ext\u00e9rieur et cr\u00e8me \u00e0 l&#8217;int\u00e9rieur qui ne sont jamais am\u00e8res. Lente \u00e0 monter en graine. La plus r\u00e9sistante et la plus grosse des laitues &#8216;Boston&#8217;. Feuilles immatures pr\u00eates \u00e0 [&hellip;]<\/p>\n","protected":false},"featured_media":5233,"comment_status":"closed","ping_status":"open","template":"","meta":{"_acf_changed":false,"_seopress_robots_primary_cat":"","_seopress_titles_title":"","_seopress_titles_desc":"","_seopress_robots_index":"","_seopress_analysis_target_kw":""},"product_brand":[],"product_cat":[31,39],"product_tag":[],"class_list":{"0":"post-5232","1":"product","2":"type-product","3":"status-publish","4":"has-post-thumbnail","6":"product_cat-amenagement-jardin","7":"product_cat-semence-potagere","9":"first","10":"instock","11":"taxable","12":"shipping-taxable","13":"purchasable","14":"product-type-simple"},"acf":[],"_links":{"self":[{"href":"https:\/\/www.paysagesrossignol.com\/en\/wp-json\/wp\/v2\/product\/5232","targetHints":{"allow":["GET"]}}],"collection":[{"href":"https:\/\/www.paysagesrossignol.com\/en\/wp-json\/wp\/v2\/product"}],"about":[{"href":"https:\/\/www.paysagesrossignol.com\/en\/wp-json\/wp\/v2\/types\/product"}],"replies":[{"embeddable":true,"href":"https:\/\/www.paysagesrossignol.com\/en\/wp-json\/wp\/v2\/comments?post=5232"}],"wp:featuredmedia":[{"embeddable":true,"href":"https:\/\/www.paysagesrossignol.com\/en\/wp-json\/wp\/v2\/media\/5233"}],"wp:attachment":[{"href":"https:\/\/www.paysagesrossignol.com\/en\/wp-json\/wp\/v2\/media?parent=5232"}],"wp:term":[{"taxonomy":"product_brand","embeddable":true,"href":"https:\/\/www.paysagesrossignol.com\/en\/wp-json\/wp\/v2\/product_brand?post=5232"},{"taxonomy":"product_cat","embeddable":true,"href":"https:\/\/www.paysagesrossignol.com\/en\/wp-json\/wp\/v2\/product_cat?post=5232"},{"taxonomy":"product_tag","embeddable":true,"href":"https:\/\/www.paysagesrossignol.com\/en\/wp-json\/wp\/v2\/product_tag?post=5232"}],"curies":[{"name":"wp","href":"https:\/\/api.w.org\/{rel}","templated":true}]}}