{"id":5253,"date":"2026-03-10T04:00:40","date_gmt":"2026-03-10T08:00:40","guid":{"rendered":"https:\/\/www.paysagesrossignol.com\/product\/haricot-greencrop-nain\/"},"modified":"2026-05-04T10:02:47","modified_gmt":"2026-05-04T14:02:47","slug":"haricot-greencrop-nain","status":"publish","type":"product","link":"https:\/\/www.paysagesrossignol.com\/en\/product\/haricot-greencrop-nain\/","title":{"rendered":"Haricot Greencrop (nain)"},"content":{"rendered":"<h1>Voir disponibilit\u00e9 en magasin<\/h1>\n<p>Une r\u00e9colte abondante d&#8217;haricot savoureux sur un plant nain et prolifique. Les haricots longs de 15-20 cm (6-8&#8243;) conviennent parfaitement pour l&#8217;utilisation imm\u00e9diate, pour la conservation, pour la cong\u00e9lation ou comme haricot \u00e0 filet (haricot fran\u00e7ais). \u00c9vitez de travailler parmi les plantes lorsqu&#8217;elles sont humides ou mouill\u00e9es pour r\u00e9duire les risques de maladies.<\/p>\n<p>53 jours \u00e0 la r\u00e9colte<\/p>\n<p>McKenzie<\/p>\n","protected":false},"excerpt":{"rendered":"<p>Voir disponibilit\u00e9 en magasin Une r\u00e9colte abondante d&#8217;haricot savoureux sur un plant nain et prolifique. Les haricots longs de 15-20 cm (6-8&#8243;) conviennent parfaitement pour l&#8217;utilisation imm\u00e9diate, pour la conservation, pour la cong\u00e9lation ou comme haricot \u00e0 filet (haricot fran\u00e7ais). \u00c9vitez de travailler parmi les plantes lorsqu&#8217;elles sont humides ou mouill\u00e9es pour r\u00e9duire les risques [&hellip;]<\/p>\n","protected":false},"featured_media":5254,"comment_status":"closed","ping_status":"open","template":"","meta":{"_acf_changed":false,"_seopress_robots_primary_cat":"","_seopress_titles_title":"","_seopress_titles_desc":"","_seopress_robots_index":"","_seopress_analysis_target_kw":""},"product_brand":[],"product_cat":[31,39],"product_tag":[],"class_list":{"0":"post-5253","1":"product","2":"type-product","3":"status-publish","4":"has-post-thumbnail","6":"product_cat-amenagement-jardin","7":"product_cat-semence-potagere","9":"first","10":"instock","11":"taxable","12":"shipping-taxable","13":"purchasable","14":"product-type-simple"},"acf":[],"_links":{"self":[{"href":"https:\/\/www.paysagesrossignol.com\/en\/wp-json\/wp\/v2\/product\/5253","targetHints":{"allow":["GET"]}}],"collection":[{"href":"https:\/\/www.paysagesrossignol.com\/en\/wp-json\/wp\/v2\/product"}],"about":[{"href":"https:\/\/www.paysagesrossignol.com\/en\/wp-json\/wp\/v2\/types\/product"}],"replies":[{"embeddable":true,"href":"https:\/\/www.paysagesrossignol.com\/en\/wp-json\/wp\/v2\/comments?post=5253"}],"wp:featuredmedia":[{"embeddable":true,"href":"https:\/\/www.paysagesrossignol.com\/en\/wp-json\/wp\/v2\/media\/5254"}],"wp:attachment":[{"href":"https:\/\/www.paysagesrossignol.com\/en\/wp-json\/wp\/v2\/media?parent=5253"}],"wp:term":[{"taxonomy":"product_brand","embeddable":true,"href":"https:\/\/www.paysagesrossignol.com\/en\/wp-json\/wp\/v2\/product_brand?post=5253"},{"taxonomy":"product_cat","embeddable":true,"href":"https:\/\/www.paysagesrossignol.com\/en\/wp-json\/wp\/v2\/product_cat?post=5253"},{"taxonomy":"product_tag","embeddable":true,"href":"https:\/\/www.paysagesrossignol.com\/en\/wp-json\/wp\/v2\/product_tag?post=5253"}],"curies":[{"name":"wp","href":"https:\/\/api.w.org\/{rel}","templated":true}]}}