{"id":5278,"date":"2026-03-10T04:00:48","date_gmt":"2026-03-10T08:00:48","guid":{"rendered":"https:\/\/www.paysagesrossignol.com\/product\/radis-cherry-belle-mckenzie\/"},"modified":"2026-05-04T10:03:15","modified_gmt":"2026-05-04T14:03:15","slug":"radis-cherry-belle-mckenzie","status":"publish","type":"product","link":"https:\/\/www.paysagesrossignol.com\/en\/product\/radis-cherry-belle-mckenzie\/","title":{"rendered":"Radis Cherry Belle"},"content":{"rendered":"<h1>Voir disponibilit\u00e9 en magasin<\/h1>\n<p>Gagnant de S\u00e9lection All-American! Vari\u00e9t\u00e9 tr\u00e8s populaire \u00e0 croissance rapide. Racine ronde et rouge vive de 2 cm (3\/4&#8243;) de diam\u00e8tre, ressemblant \u00e0 une cerise. Faites plusieurs semis \u00e0 10 jours d&#8217;intervalle, arr\u00eatant lorsque la temp\u00e9rature se r\u00e9chauffe. Pour une r\u00e9colte automnale, semez-en de nouveau lorsque la temp\u00e9rature se rafra\u00eechit.<\/p>\n<p>20-25 jours \u00e0 la r\u00e9colte<\/p>\n<p>McKenzie<\/p>\n","protected":false},"excerpt":{"rendered":"<p>Voir disponibilit\u00e9 en magasin Gagnant de S\u00e9lection All-American! Vari\u00e9t\u00e9 tr\u00e8s populaire \u00e0 croissance rapide. Racine ronde et rouge vive de 2 cm (3\/4&#8243;) de diam\u00e8tre, ressemblant \u00e0 une cerise. Faites plusieurs semis \u00e0 10 jours d&#8217;intervalle, arr\u00eatant lorsque la temp\u00e9rature se r\u00e9chauffe. Pour une r\u00e9colte automnale, semez-en de nouveau lorsque la temp\u00e9rature se rafra\u00eechit. 20-25 [&hellip;]<\/p>\n","protected":false},"featured_media":5279,"comment_status":"closed","ping_status":"open","template":"","meta":{"_acf_changed":false,"_seopress_robots_primary_cat":"","_seopress_titles_title":"","_seopress_titles_desc":"","_seopress_robots_index":"","_seopress_analysis_target_kw":""},"product_brand":[],"product_cat":[31,39],"product_tag":[],"class_list":{"0":"post-5278","1":"product","2":"type-product","3":"status-publish","4":"has-post-thumbnail","6":"product_cat-amenagement-jardin","7":"product_cat-semence-potagere","9":"first","10":"instock","11":"taxable","12":"shipping-taxable","13":"purchasable","14":"product-type-simple"},"acf":[],"_links":{"self":[{"href":"https:\/\/www.paysagesrossignol.com\/en\/wp-json\/wp\/v2\/product\/5278","targetHints":{"allow":["GET"]}}],"collection":[{"href":"https:\/\/www.paysagesrossignol.com\/en\/wp-json\/wp\/v2\/product"}],"about":[{"href":"https:\/\/www.paysagesrossignol.com\/en\/wp-json\/wp\/v2\/types\/product"}],"replies":[{"embeddable":true,"href":"https:\/\/www.paysagesrossignol.com\/en\/wp-json\/wp\/v2\/comments?post=5278"}],"wp:featuredmedia":[{"embeddable":true,"href":"https:\/\/www.paysagesrossignol.com\/en\/wp-json\/wp\/v2\/media\/5279"}],"wp:attachment":[{"href":"https:\/\/www.paysagesrossignol.com\/en\/wp-json\/wp\/v2\/media?parent=5278"}],"wp:term":[{"taxonomy":"product_brand","embeddable":true,"href":"https:\/\/www.paysagesrossignol.com\/en\/wp-json\/wp\/v2\/product_brand?post=5278"},{"taxonomy":"product_cat","embeddable":true,"href":"https:\/\/www.paysagesrossignol.com\/en\/wp-json\/wp\/v2\/product_cat?post=5278"},{"taxonomy":"product_tag","embeddable":true,"href":"https:\/\/www.paysagesrossignol.com\/en\/wp-json\/wp\/v2\/product_tag?post=5278"}],"curies":[{"name":"wp","href":"https:\/\/api.w.org\/{rel}","templated":true}]}}