{"id":5282,"date":"2026-03-10T04:00:48","date_gmt":"2026-03-10T08:00:48","guid":{"rendered":"https:\/\/www.paysagesrossignol.com\/product\/menthe\/"},"modified":"2026-05-04T10:03:18","modified_gmt":"2026-05-04T14:03:18","slug":"menthe","status":"publish","type":"product","link":"https:\/\/www.paysagesrossignol.com\/en\/product\/menthe\/","title":{"rendered":"Menthe"},"content":{"rendered":"<h1>Voir disponibilit\u00e9 en magasin<\/h1>\n<p>Vivace tr\u00e8s rustique \u00e0 forte senteur de menthe. \u00c0 utiliser en salade, en gel\u00e9e et en tisane. La menthe a tendance \u00e0 envahir tout le jardin si elle n&#8217;est pas contenue. Conseil: enlevez le fond d&#8217;un contenant, enfoncez-le dans le sol et plantez la menthe dans le contenant. On peut faire la cueillette \u00e0 tout moment. Arrosez g\u00e9n\u00e9reusement pendant les temps sec. Vivace. Zones 3-9 Mentha Spicata.<\/p>\n<p>90 jours \u00e0 la r\u00e9colte<\/p>\n<p>McKenzie<\/p>\n","protected":false},"excerpt":{"rendered":"<p>Voir disponibilit\u00e9 en magasin Vivace tr\u00e8s rustique \u00e0 forte senteur de menthe. \u00c0 utiliser en salade, en gel\u00e9e et en tisane. La menthe a tendance \u00e0 envahir tout le jardin si elle n&#8217;est pas contenue. Conseil: enlevez le fond d&#8217;un contenant, enfoncez-le dans le sol et plantez la menthe dans le contenant. On peut faire [&hellip;]<\/p>\n","protected":false},"featured_media":5283,"comment_status":"closed","ping_status":"open","template":"","meta":{"_acf_changed":false,"_seopress_robots_primary_cat":"","_seopress_titles_title":"","_seopress_titles_desc":"","_seopress_robots_index":"","_seopress_analysis_target_kw":""},"product_brand":[],"product_cat":[31,39],"product_tag":[],"class_list":{"0":"post-5282","1":"product","2":"type-product","3":"status-publish","4":"has-post-thumbnail","6":"product_cat-amenagement-jardin","7":"product_cat-semence-potagere","9":"first","10":"instock","11":"taxable","12":"shipping-taxable","13":"purchasable","14":"product-type-simple"},"acf":[],"_links":{"self":[{"href":"https:\/\/www.paysagesrossignol.com\/en\/wp-json\/wp\/v2\/product\/5282","targetHints":{"allow":["GET"]}}],"collection":[{"href":"https:\/\/www.paysagesrossignol.com\/en\/wp-json\/wp\/v2\/product"}],"about":[{"href":"https:\/\/www.paysagesrossignol.com\/en\/wp-json\/wp\/v2\/types\/product"}],"replies":[{"embeddable":true,"href":"https:\/\/www.paysagesrossignol.com\/en\/wp-json\/wp\/v2\/comments?post=5282"}],"wp:featuredmedia":[{"embeddable":true,"href":"https:\/\/www.paysagesrossignol.com\/en\/wp-json\/wp\/v2\/media\/5283"}],"wp:attachment":[{"href":"https:\/\/www.paysagesrossignol.com\/en\/wp-json\/wp\/v2\/media?parent=5282"}],"wp:term":[{"taxonomy":"product_brand","embeddable":true,"href":"https:\/\/www.paysagesrossignol.com\/en\/wp-json\/wp\/v2\/product_brand?post=5282"},{"taxonomy":"product_cat","embeddable":true,"href":"https:\/\/www.paysagesrossignol.com\/en\/wp-json\/wp\/v2\/product_cat?post=5282"},{"taxonomy":"product_tag","embeddable":true,"href":"https:\/\/www.paysagesrossignol.com\/en\/wp-json\/wp\/v2\/product_tag?post=5282"}],"curies":[{"name":"wp","href":"https:\/\/api.w.org\/{rel}","templated":true}]}}