{"id":5295,"date":"2026-03-10T04:00:52","date_gmt":"2026-03-10T08:00:52","guid":{"rendered":"https:\/\/www.paysagesrossignol.com\/product\/haricot-rames-trionfo-violetto\/"},"modified":"2026-05-04T10:03:33","modified_gmt":"2026-05-04T14:03:33","slug":"haricot-rames-trionfo-violetto","status":"publish","type":"product","link":"https:\/\/www.paysagesrossignol.com\/en\/product\/haricot-rames-trionfo-violetto\/","title":{"rendered":"Haricot Trionfo Violetto (Rames)"},"content":{"rendered":"<h1>Voir disponibilit\u00e9 en magasin<\/h1>\n<p>Une vari\u00e9t\u00e9 europ\u00e9enne tr\u00e8s populaire. Sans fils, celle-ci produit des cosses d&#8217;un pourpre fonc\u00e9 mesurant 15 cm (6&#8243;). Ces haricots deviennent verts lorsque cuit. Pour am\u00e9liorer la saveur et la tendret\u00e9, r\u00e9coltez lorsque les gousses sont du diam\u00e8tre d&#8217;un crayon. \u00c9vitez de travailler parmi les plantes lorsqu&#8217;elles sont humides ou mouill\u00e9es pour r\u00e9duire les risque de maladie.<\/p>\n<p>60 jours \u00e0 la r\u00e9colte<\/p>\n<p>McKenzie<\/p>\n","protected":false},"excerpt":{"rendered":"<p>Voir disponibilit\u00e9 en magasin Une vari\u00e9t\u00e9 europ\u00e9enne tr\u00e8s populaire. Sans fils, celle-ci produit des cosses d&#8217;un pourpre fonc\u00e9 mesurant 15 cm (6&#8243;). Ces haricots deviennent verts lorsque cuit. Pour am\u00e9liorer la saveur et la tendret\u00e9, r\u00e9coltez lorsque les gousses sont du diam\u00e8tre d&#8217;un crayon. \u00c9vitez de travailler parmi les plantes lorsqu&#8217;elles sont humides ou mouill\u00e9es [&hellip;]<\/p>\n","protected":false},"featured_media":5296,"comment_status":"closed","ping_status":"open","template":"","meta":{"_acf_changed":false,"_seopress_robots_primary_cat":"","_seopress_titles_title":"","_seopress_titles_desc":"","_seopress_robots_index":"","_seopress_analysis_target_kw":""},"product_brand":[],"product_cat":[31,39],"product_tag":[],"class_list":{"0":"post-5295","1":"product","2":"type-product","3":"status-publish","4":"has-post-thumbnail","6":"product_cat-amenagement-jardin","7":"product_cat-semence-potagere","9":"first","10":"instock","11":"taxable","12":"shipping-taxable","13":"purchasable","14":"product-type-simple"},"acf":[],"_links":{"self":[{"href":"https:\/\/www.paysagesrossignol.com\/en\/wp-json\/wp\/v2\/product\/5295","targetHints":{"allow":["GET"]}}],"collection":[{"href":"https:\/\/www.paysagesrossignol.com\/en\/wp-json\/wp\/v2\/product"}],"about":[{"href":"https:\/\/www.paysagesrossignol.com\/en\/wp-json\/wp\/v2\/types\/product"}],"replies":[{"embeddable":true,"href":"https:\/\/www.paysagesrossignol.com\/en\/wp-json\/wp\/v2\/comments?post=5295"}],"wp:featuredmedia":[{"embeddable":true,"href":"https:\/\/www.paysagesrossignol.com\/en\/wp-json\/wp\/v2\/media\/5296"}],"wp:attachment":[{"href":"https:\/\/www.paysagesrossignol.com\/en\/wp-json\/wp\/v2\/media?parent=5295"}],"wp:term":[{"taxonomy":"product_brand","embeddable":true,"href":"https:\/\/www.paysagesrossignol.com\/en\/wp-json\/wp\/v2\/product_brand?post=5295"},{"taxonomy":"product_cat","embeddable":true,"href":"https:\/\/www.paysagesrossignol.com\/en\/wp-json\/wp\/v2\/product_cat?post=5295"},{"taxonomy":"product_tag","embeddable":true,"href":"https:\/\/www.paysagesrossignol.com\/en\/wp-json\/wp\/v2\/product_tag?post=5295"}],"curies":[{"name":"wp","href":"https:\/\/api.w.org\/{rel}","templated":true}]}}