{"id":5311,"date":"2026-03-10T04:00:56","date_gmt":"2026-03-10T08:00:56","guid":{"rendered":"https:\/\/www.paysagesrossignol.com\/product\/delphinium-pacific-giants\/"},"modified":"2026-05-04T10:03:48","modified_gmt":"2026-05-04T14:03:48","slug":"delphinium-pacific-giants","status":"publish","type":"product","link":"https:\/\/www.paysagesrossignol.com\/en\/product\/delphinium-pacific-giants\/","title":{"rendered":"Delphinium Pacific Giants en m\u00e9lange"},"content":{"rendered":"<h1>Voir disponibilit\u00e9 en magasin<\/h1>\n<p>Les \u00e9pis \u00e0 floraison durable de couleur blanche, bleue, rose, mauve ou violette du pied-d&#8217;alouette ajoutent de la majest\u00e9 et de la beaut\u00e9 \u00e0 l&#8217;arri\u00e8re-plan de la plate-bande. Ils repousseront avec leurs \u00e9normes fleurs sym\u00e9triques de 8 cm (3&#8243;) de diam\u00e8tre. Excellente fleur coup\u00e9e. R\u00e9sistant au mildiou. La suppression des fleurs fan\u00e9es favorise la refloraison. Vivace, Zones 2-9. Delphinium Elatum<\/p>\n<p>Fleurit chaque ann\u00e9e<\/p>\n<p>McKenzie<\/p>\n","protected":false},"excerpt":{"rendered":"<p>Voir disponibilit\u00e9 en magasin Les \u00e9pis \u00e0 floraison durable de couleur blanche, bleue, rose, mauve ou violette du pied-d&#8217;alouette ajoutent de la majest\u00e9 et de la beaut\u00e9 \u00e0 l&#8217;arri\u00e8re-plan de la plate-bande. Ils repousseront avec leurs \u00e9normes fleurs sym\u00e9triques de 8 cm (3&#8243;) de diam\u00e8tre. Excellente fleur coup\u00e9e. R\u00e9sistant au mildiou. La suppression des fleurs [&hellip;]<\/p>\n","protected":false},"featured_media":5312,"comment_status":"closed","ping_status":"open","template":"","meta":{"_acf_changed":false,"_seopress_robots_primary_cat":"","_seopress_titles_title":"","_seopress_titles_desc":"","_seopress_robots_index":"","_seopress_analysis_target_kw":""},"product_brand":[],"product_cat":[31,38],"product_tag":[],"class_list":{"0":"post-5311","1":"product","2":"type-product","3":"status-publish","4":"has-post-thumbnail","6":"product_cat-amenagement-jardin","7":"product_cat-semence-florale","9":"first","10":"instock","11":"taxable","12":"shipping-taxable","13":"purchasable","14":"product-type-simple"},"acf":[],"_links":{"self":[{"href":"https:\/\/www.paysagesrossignol.com\/en\/wp-json\/wp\/v2\/product\/5311","targetHints":{"allow":["GET"]}}],"collection":[{"href":"https:\/\/www.paysagesrossignol.com\/en\/wp-json\/wp\/v2\/product"}],"about":[{"href":"https:\/\/www.paysagesrossignol.com\/en\/wp-json\/wp\/v2\/types\/product"}],"replies":[{"embeddable":true,"href":"https:\/\/www.paysagesrossignol.com\/en\/wp-json\/wp\/v2\/comments?post=5311"}],"wp:featuredmedia":[{"embeddable":true,"href":"https:\/\/www.paysagesrossignol.com\/en\/wp-json\/wp\/v2\/media\/5312"}],"wp:attachment":[{"href":"https:\/\/www.paysagesrossignol.com\/en\/wp-json\/wp\/v2\/media?parent=5311"}],"wp:term":[{"taxonomy":"product_brand","embeddable":true,"href":"https:\/\/www.paysagesrossignol.com\/en\/wp-json\/wp\/v2\/product_brand?post=5311"},{"taxonomy":"product_cat","embeddable":true,"href":"https:\/\/www.paysagesrossignol.com\/en\/wp-json\/wp\/v2\/product_cat?post=5311"},{"taxonomy":"product_tag","embeddable":true,"href":"https:\/\/www.paysagesrossignol.com\/en\/wp-json\/wp\/v2\/product_tag?post=5311"}],"curies":[{"name":"wp","href":"https:\/\/api.w.org\/{rel}","templated":true}]}}