{"id":5324,"date":"2026-03-10T04:00:00","date_gmt":"2026-03-10T08:00:00","guid":{"rendered":"https:\/\/www.paysagesrossignol.com\/product\/tomate-beefsteak-nain\/"},"modified":"2026-05-04T10:03:59","modified_gmt":"2026-05-04T14:03:59","slug":"tomate-beefsteak-nain","status":"publish","type":"product","link":"https:\/\/www.paysagesrossignol.com\/en\/product\/tomate-beefsteak-nain\/","title":{"rendered":"Tomate Beefsteak (Nain)"},"content":{"rendered":"<h1>Voir disponibilit\u00e9 en magasin<\/h1>\n<p>Gros fruit ferme et charnu, rouge vif. Forme un globe l\u00e9g\u00e8rement aplati. Douce et savoureuse, id\u00e9ale pour les salades et autres plats. Pr\u00e9f\u00e8re un sol profond, humide et bien drain\u00e9. Compagnonnage: Gardez les tomates loin de tout membre de la famille des choux (chou, chou-fleur, brocoli, etc.). D\u00e9termin\u00e9 &#8211; aucun tuteur requis. *apr\u00e8s la transplantation au jardin<\/p>\n<p>*65-80 jours \u00e0 la r\u00e9colte<\/p>\n<p>McKenzie<\/p>\n","protected":false},"excerpt":{"rendered":"<p>Voir disponibilit\u00e9 en magasin Gros fruit ferme et charnu, rouge vif. Forme un globe l\u00e9g\u00e8rement aplati. Douce et savoureuse, id\u00e9ale pour les salades et autres plats. Pr\u00e9f\u00e8re un sol profond, humide et bien drain\u00e9. Compagnonnage: Gardez les tomates loin de tout membre de la famille des choux (chou, chou-fleur, brocoli, etc.). D\u00e9termin\u00e9 &#8211; aucun tuteur [&hellip;]<\/p>\n","protected":false},"featured_media":5325,"comment_status":"closed","ping_status":"open","template":"","meta":{"_acf_changed":false,"_seopress_robots_primary_cat":"","_seopress_titles_title":"","_seopress_titles_desc":"","_seopress_robots_index":"","_seopress_analysis_target_kw":""},"product_brand":[],"product_cat":[31,39],"product_tag":[],"class_list":{"0":"post-5324","1":"product","2":"type-product","3":"status-publish","4":"has-post-thumbnail","6":"product_cat-amenagement-jardin","7":"product_cat-semence-potagere","9":"first","10":"instock","11":"taxable","12":"shipping-taxable","13":"purchasable","14":"product-type-simple"},"acf":[],"_links":{"self":[{"href":"https:\/\/www.paysagesrossignol.com\/en\/wp-json\/wp\/v2\/product\/5324","targetHints":{"allow":["GET"]}}],"collection":[{"href":"https:\/\/www.paysagesrossignol.com\/en\/wp-json\/wp\/v2\/product"}],"about":[{"href":"https:\/\/www.paysagesrossignol.com\/en\/wp-json\/wp\/v2\/types\/product"}],"replies":[{"embeddable":true,"href":"https:\/\/www.paysagesrossignol.com\/en\/wp-json\/wp\/v2\/comments?post=5324"}],"wp:featuredmedia":[{"embeddable":true,"href":"https:\/\/www.paysagesrossignol.com\/en\/wp-json\/wp\/v2\/media\/5325"}],"wp:attachment":[{"href":"https:\/\/www.paysagesrossignol.com\/en\/wp-json\/wp\/v2\/media?parent=5324"}],"wp:term":[{"taxonomy":"product_brand","embeddable":true,"href":"https:\/\/www.paysagesrossignol.com\/en\/wp-json\/wp\/v2\/product_brand?post=5324"},{"taxonomy":"product_cat","embeddable":true,"href":"https:\/\/www.paysagesrossignol.com\/en\/wp-json\/wp\/v2\/product_cat?post=5324"},{"taxonomy":"product_tag","embeddable":true,"href":"https:\/\/www.paysagesrossignol.com\/en\/wp-json\/wp\/v2\/product_tag?post=5324"}],"curies":[{"name":"wp","href":"https:\/\/api.w.org\/{rel}","templated":true}]}}