{"id":5338,"date":"2026-03-10T04:00:04","date_gmt":"2026-03-10T08:00:04","guid":{"rendered":"https:\/\/www.paysagesrossignol.com\/product\/concombre-earliest-mincu\/"},"modified":"2026-05-04T10:04:14","modified_gmt":"2026-05-04T14:04:14","slug":"concombre-earliest-mincu","status":"publish","type":"product","link":"https:\/\/www.paysagesrossignol.com\/en\/product\/concombre-earliest-mincu\/","title":{"rendered":"Concombre Earliest Mincu"},"content":{"rendered":"<h1>Voir disponibilit\u00e9 en magasin<\/h1>\n<p>H\u00e2tif et prolifique aux tiges volubiles compactes. Concombres courts et verts p\u00e2le. \u00c9pines blanches. Concombres de 10-12,5 cm (4-5&#8243;) \u00e0 consommer tranch\u00e9es ou en marinade. Compagnonnage: les haricots, pois, tomates, choux et laitues.<\/p>\n<p>50 jours \u00e0 la r\u00e9colte<\/p>\n<p>McKenzie<\/p>\n","protected":false},"excerpt":{"rendered":"<p>Voir disponibilit\u00e9 en magasin H\u00e2tif et prolifique aux tiges volubiles compactes. Concombres courts et verts p\u00e2le. \u00c9pines blanches. Concombres de 10-12,5 cm (4-5&#8243;) \u00e0 consommer tranch\u00e9es ou en marinade. Compagnonnage: les haricots, pois, tomates, choux et laitues. 50 jours \u00e0 la r\u00e9colte McKenzie<\/p>\n","protected":false},"featured_media":5339,"comment_status":"closed","ping_status":"open","template":"","meta":{"_acf_changed":false,"_seopress_robots_primary_cat":"","_seopress_titles_title":"","_seopress_titles_desc":"","_seopress_robots_index":"","_seopress_analysis_target_kw":""},"product_brand":[],"product_cat":[31,39],"product_tag":[],"class_list":{"0":"post-5338","1":"product","2":"type-product","3":"status-publish","4":"has-post-thumbnail","6":"product_cat-amenagement-jardin","7":"product_cat-semence-potagere","9":"first","10":"instock","11":"taxable","12":"shipping-taxable","13":"purchasable","14":"product-type-simple"},"acf":[],"_links":{"self":[{"href":"https:\/\/www.paysagesrossignol.com\/en\/wp-json\/wp\/v2\/product\/5338","targetHints":{"allow":["GET"]}}],"collection":[{"href":"https:\/\/www.paysagesrossignol.com\/en\/wp-json\/wp\/v2\/product"}],"about":[{"href":"https:\/\/www.paysagesrossignol.com\/en\/wp-json\/wp\/v2\/types\/product"}],"replies":[{"embeddable":true,"href":"https:\/\/www.paysagesrossignol.com\/en\/wp-json\/wp\/v2\/comments?post=5338"}],"wp:featuredmedia":[{"embeddable":true,"href":"https:\/\/www.paysagesrossignol.com\/en\/wp-json\/wp\/v2\/media\/5339"}],"wp:attachment":[{"href":"https:\/\/www.paysagesrossignol.com\/en\/wp-json\/wp\/v2\/media?parent=5338"}],"wp:term":[{"taxonomy":"product_brand","embeddable":true,"href":"https:\/\/www.paysagesrossignol.com\/en\/wp-json\/wp\/v2\/product_brand?post=5338"},{"taxonomy":"product_cat","embeddable":true,"href":"https:\/\/www.paysagesrossignol.com\/en\/wp-json\/wp\/v2\/product_cat?post=5338"},{"taxonomy":"product_tag","embeddable":true,"href":"https:\/\/www.paysagesrossignol.com\/en\/wp-json\/wp\/v2\/product_tag?post=5338"}],"curies":[{"name":"wp","href":"https:\/\/api.w.org\/{rel}","templated":true}]}}