{"id":5342,"date":"2026-03-10T04:00:04","date_gmt":"2026-03-10T08:00:04","guid":{"rendered":"https:\/\/www.paysagesrossignol.com\/product\/concombre-english-long-telegraph\/"},"modified":"2026-05-04T10:04:19","modified_gmt":"2026-05-04T14:04:19","slug":"concombre-english-long-telegraph","status":"publish","type":"product","link":"https:\/\/www.paysagesrossignol.com\/en\/product\/concombre-english-long-telegraph\/","title":{"rendered":"Concombre English Long Telegraph"},"content":{"rendered":"<h1>Voir disponibilit\u00e9 en magasin<\/h1>\n<p>Concombres extra longs, sans go\u00fbt amer. Pour obtenir des fruits plus minces et plus lisses, faites grimper le plant sur un filet de jardin. R\u00e9coltez les concombres de bonne heure pour une saveur maximale et pour encourager la r\u00e9colte. Compagnonnage: les haricots, pois, tomates, choux et laitues.<\/p>\n<p>50-70 jours \u00e0 la r\u00e9colte<\/p>\n<p>McKenzie<\/p>\n","protected":false},"excerpt":{"rendered":"<p>Voir disponibilit\u00e9 en magasin Concombres extra longs, sans go\u00fbt amer. Pour obtenir des fruits plus minces et plus lisses, faites grimper le plant sur un filet de jardin. R\u00e9coltez les concombres de bonne heure pour une saveur maximale et pour encourager la r\u00e9colte. Compagnonnage: les haricots, pois, tomates, choux et laitues. 50-70 jours \u00e0 la [&hellip;]<\/p>\n","protected":false},"featured_media":5343,"comment_status":"closed","ping_status":"open","template":"","meta":{"_acf_changed":false,"_seopress_robots_primary_cat":"","_seopress_titles_title":"","_seopress_titles_desc":"","_seopress_robots_index":"","_seopress_analysis_target_kw":""},"product_brand":[],"product_cat":[31,39],"product_tag":[],"class_list":{"0":"post-5342","1":"product","2":"type-product","3":"status-publish","4":"has-post-thumbnail","6":"product_cat-amenagement-jardin","7":"product_cat-semence-potagere","9":"first","10":"instock","11":"taxable","12":"shipping-taxable","13":"purchasable","14":"product-type-simple"},"acf":[],"_links":{"self":[{"href":"https:\/\/www.paysagesrossignol.com\/en\/wp-json\/wp\/v2\/product\/5342","targetHints":{"allow":["GET"]}}],"collection":[{"href":"https:\/\/www.paysagesrossignol.com\/en\/wp-json\/wp\/v2\/product"}],"about":[{"href":"https:\/\/www.paysagesrossignol.com\/en\/wp-json\/wp\/v2\/types\/product"}],"replies":[{"embeddable":true,"href":"https:\/\/www.paysagesrossignol.com\/en\/wp-json\/wp\/v2\/comments?post=5342"}],"wp:featuredmedia":[{"embeddable":true,"href":"https:\/\/www.paysagesrossignol.com\/en\/wp-json\/wp\/v2\/media\/5343"}],"wp:attachment":[{"href":"https:\/\/www.paysagesrossignol.com\/en\/wp-json\/wp\/v2\/media?parent=5342"}],"wp:term":[{"taxonomy":"product_brand","embeddable":true,"href":"https:\/\/www.paysagesrossignol.com\/en\/wp-json\/wp\/v2\/product_brand?post=5342"},{"taxonomy":"product_cat","embeddable":true,"href":"https:\/\/www.paysagesrossignol.com\/en\/wp-json\/wp\/v2\/product_cat?post=5342"},{"taxonomy":"product_tag","embeddable":true,"href":"https:\/\/www.paysagesrossignol.com\/en\/wp-json\/wp\/v2\/product_tag?post=5342"}],"curies":[{"name":"wp","href":"https:\/\/api.w.org\/{rel}","templated":true}]}}