{"id":5351,"date":"2026-03-10T04:00:04","date_gmt":"2026-03-10T08:00:04","guid":{"rendered":"https:\/\/www.paysagesrossignol.com\/product\/mais-peaches-and-cream-bicolor\/"},"modified":"2026-05-04T10:04:27","modified_gmt":"2026-05-04T14:04:27","slug":"mais-peaches-and-cream-bicolor","status":"publish","type":"product","link":"https:\/\/www.paysagesrossignol.com\/en\/product\/mais-peaches-and-cream-bicolor\/","title":{"rendered":"Ma\u00efs Peaches and Cream Bicolour (SU)"},"content":{"rendered":"<h1>Voir disponibilit\u00e9 en magasin<\/h1>\n<p>Cette vari\u00e9t\u00e9 hybride bicolore d\u00e9licieuse est connue pour sa saveur sucr\u00e9e et ses excellentes qualit\u00e9s culinaires. Plantez en carr\u00e9 plut\u00f4t qu&#8217;en un seul rang long pour favoriser la pollinisation. Cultiver \u00e0 une distance de 7,5 m (25&#8242;) de vari\u00e9t\u00e9 diff\u00e9rentes pour emp\u00eacher le croisement des vari\u00e9t\u00e9s. Contient de la terre diatmomaceuse.<\/p>\n<p>72 jours \u00e0 la r\u00e9colte<\/p>\n<p>McKenzie<\/p>\n","protected":false},"excerpt":{"rendered":"<p>Voir disponibilit\u00e9 en magasin Cette vari\u00e9t\u00e9 hybride bicolore d\u00e9licieuse est connue pour sa saveur sucr\u00e9e et ses excellentes qualit\u00e9s culinaires. Plantez en carr\u00e9 plut\u00f4t qu&#8217;en un seul rang long pour favoriser la pollinisation. Cultiver \u00e0 une distance de 7,5 m (25&#8242;) de vari\u00e9t\u00e9 diff\u00e9rentes pour emp\u00eacher le croisement des vari\u00e9t\u00e9s. Contient de la terre diatmomaceuse. [&hellip;]<\/p>\n","protected":false},"featured_media":5352,"comment_status":"closed","ping_status":"open","template":"","meta":{"_acf_changed":false,"_seopress_robots_primary_cat":"","_seopress_titles_title":"","_seopress_titles_desc":"","_seopress_robots_index":"","_seopress_analysis_target_kw":""},"product_brand":[],"product_cat":[31,39],"product_tag":[],"class_list":{"0":"post-5351","1":"product","2":"type-product","3":"status-publish","4":"has-post-thumbnail","6":"product_cat-amenagement-jardin","7":"product_cat-semence-potagere","9":"first","10":"instock","11":"taxable","12":"shipping-taxable","13":"purchasable","14":"product-type-simple"},"acf":[],"_links":{"self":[{"href":"https:\/\/www.paysagesrossignol.com\/en\/wp-json\/wp\/v2\/product\/5351","targetHints":{"allow":["GET"]}}],"collection":[{"href":"https:\/\/www.paysagesrossignol.com\/en\/wp-json\/wp\/v2\/product"}],"about":[{"href":"https:\/\/www.paysagesrossignol.com\/en\/wp-json\/wp\/v2\/types\/product"}],"replies":[{"embeddable":true,"href":"https:\/\/www.paysagesrossignol.com\/en\/wp-json\/wp\/v2\/comments?post=5351"}],"wp:featuredmedia":[{"embeddable":true,"href":"https:\/\/www.paysagesrossignol.com\/en\/wp-json\/wp\/v2\/media\/5352"}],"wp:attachment":[{"href":"https:\/\/www.paysagesrossignol.com\/en\/wp-json\/wp\/v2\/media?parent=5351"}],"wp:term":[{"taxonomy":"product_brand","embeddable":true,"href":"https:\/\/www.paysagesrossignol.com\/en\/wp-json\/wp\/v2\/product_brand?post=5351"},{"taxonomy":"product_cat","embeddable":true,"href":"https:\/\/www.paysagesrossignol.com\/en\/wp-json\/wp\/v2\/product_cat?post=5351"},{"taxonomy":"product_tag","embeddable":true,"href":"https:\/\/www.paysagesrossignol.com\/en\/wp-json\/wp\/v2\/product_tag?post=5351"}],"curies":[{"name":"wp","href":"https:\/\/api.w.org\/{rel}","templated":true}]}}