{"id":5360,"date":"2026-03-10T04:00:08","date_gmt":"2026-03-10T08:00:08","guid":{"rendered":"https:\/\/www.paysagesrossignol.com\/product\/lupin-russell-en-melange\/"},"modified":"2026-05-04T10:04:35","modified_gmt":"2026-05-04T14:04:35","slug":"lupin-russell-en-melange","status":"publish","type":"product","link":"https:\/\/www.paysagesrossignol.com\/en\/product\/lupin-russell-en-melange\/","title":{"rendered":"Lupin Russell en m\u00e9lange"},"content":{"rendered":"<h1>Voir disponibilit\u00e9 en magasin<\/h1>\n<p>De culture facile dans tout genre de sol, mais pr\u00e9f\u00e8re en plein soleil. Couvrir de paillis pour l&#8217;hiver. Leurs racines ne tol\u00e8rent pas d&#8217;\u00eatre d\u00e9rang\u00e9es. On peut acc\u00e9l\u00e9rer la germination en trempant les graines 24 heures avant de semer. Avis: Les semences sont toxiques si consomm\u00e9es. Vivace. Zones 3-9. Lupinus Polyphyllus<\/p>\n<p>Fleurit chaque ann\u00e9e<\/p>\n<p>McKenzie<\/p>\n","protected":false},"excerpt":{"rendered":"<p>Voir disponibilit\u00e9 en magasin De culture facile dans tout genre de sol, mais pr\u00e9f\u00e8re en plein soleil. Couvrir de paillis pour l&#8217;hiver. Leurs racines ne tol\u00e8rent pas d&#8217;\u00eatre d\u00e9rang\u00e9es. On peut acc\u00e9l\u00e9rer la germination en trempant les graines 24 heures avant de semer. Avis: Les semences sont toxiques si consomm\u00e9es. Vivace. Zones 3-9. Lupinus Polyphyllus [&hellip;]<\/p>\n","protected":false},"featured_media":5361,"comment_status":"closed","ping_status":"open","template":"","meta":{"_acf_changed":false,"_seopress_robots_primary_cat":"","_seopress_titles_title":"","_seopress_titles_desc":"","_seopress_robots_index":"","_seopress_analysis_target_kw":""},"product_brand":[],"product_cat":[31,38],"product_tag":[],"class_list":{"0":"post-5360","1":"product","2":"type-product","3":"status-publish","4":"has-post-thumbnail","6":"product_cat-amenagement-jardin","7":"product_cat-semence-florale","9":"first","10":"instock","11":"taxable","12":"shipping-taxable","13":"purchasable","14":"product-type-simple"},"acf":[],"_links":{"self":[{"href":"https:\/\/www.paysagesrossignol.com\/en\/wp-json\/wp\/v2\/product\/5360","targetHints":{"allow":["GET"]}}],"collection":[{"href":"https:\/\/www.paysagesrossignol.com\/en\/wp-json\/wp\/v2\/product"}],"about":[{"href":"https:\/\/www.paysagesrossignol.com\/en\/wp-json\/wp\/v2\/types\/product"}],"replies":[{"embeddable":true,"href":"https:\/\/www.paysagesrossignol.com\/en\/wp-json\/wp\/v2\/comments?post=5360"}],"wp:featuredmedia":[{"embeddable":true,"href":"https:\/\/www.paysagesrossignol.com\/en\/wp-json\/wp\/v2\/media\/5361"}],"wp:attachment":[{"href":"https:\/\/www.paysagesrossignol.com\/en\/wp-json\/wp\/v2\/media?parent=5360"}],"wp:term":[{"taxonomy":"product_brand","embeddable":true,"href":"https:\/\/www.paysagesrossignol.com\/en\/wp-json\/wp\/v2\/product_brand?post=5360"},{"taxonomy":"product_cat","embeddable":true,"href":"https:\/\/www.paysagesrossignol.com\/en\/wp-json\/wp\/v2\/product_cat?post=5360"},{"taxonomy":"product_tag","embeddable":true,"href":"https:\/\/www.paysagesrossignol.com\/en\/wp-json\/wp\/v2\/product_tag?post=5360"}],"curies":[{"name":"wp","href":"https:\/\/api.w.org\/{rel}","templated":true}]}}