{"id":5363,"date":"2026-03-10T04:00:08","date_gmt":"2026-03-10T08:00:08","guid":{"rendered":"https:\/\/www.paysagesrossignol.com\/product\/basilic-commun\/"},"modified":"2026-05-04T10:04:42","modified_gmt":"2026-05-04T14:04:42","slug":"basilic-commun","status":"publish","type":"product","link":"https:\/\/www.paysagesrossignol.com\/en\/product\/basilic-commun\/","title":{"rendered":"Basilic Commun"},"content":{"rendered":"<h1>Voir disponibilit\u00e9 en magasin<\/h1>\n<p>Les feuilles piquantes du basilic sont d\u00e9licieuses dans les mets \u00e0 base de tomate, de fromage, d&#8217;\u0153ufs et de poisson. Supprimez les plants les plus faibles. Arrosez r\u00e9guli\u00e8rement. Pour stimuler la ramification, pincez l&#8217;extr\u00e9mit\u00e9 des tiges lorsqu&#8217;elles atteignent 15 cm (6&#8243;) de haut. S\u00e9chez rapidement pour conserver la saveur. Peut-\u00eatre plant\u00e9 \u00e0 l&#8217;int\u00e9rieur. Hauteur de la plante: 30-60 cm (12-24&#8243;). Annuelle.<\/p>\n<p>85 jours \u00e0 la r\u00e9colte<\/p>\n<p>McKenzie<\/p>\n","protected":false},"excerpt":{"rendered":"<p>Voir disponibilit\u00e9 en magasin Les feuilles piquantes du basilic sont d\u00e9licieuses dans les mets \u00e0 base de tomate, de fromage, d&#8217;\u0153ufs et de poisson. Supprimez les plants les plus faibles. Arrosez r\u00e9guli\u00e8rement. Pour stimuler la ramification, pincez l&#8217;extr\u00e9mit\u00e9 des tiges lorsqu&#8217;elles atteignent 15 cm (6&#8243;) de haut. S\u00e9chez rapidement pour conserver la saveur. Peut-\u00eatre plant\u00e9 [&hellip;]<\/p>\n","protected":false},"featured_media":5364,"comment_status":"closed","ping_status":"open","template":"","meta":{"_acf_changed":false,"_seopress_robots_primary_cat":"","_seopress_titles_title":"","_seopress_titles_desc":"","_seopress_robots_index":"","_seopress_analysis_target_kw":""},"product_brand":[],"product_cat":[31,39],"product_tag":[],"class_list":{"0":"post-5363","1":"product","2":"type-product","3":"status-publish","4":"has-post-thumbnail","6":"product_cat-amenagement-jardin","7":"product_cat-semence-potagere","9":"first","10":"instock","11":"taxable","12":"shipping-taxable","13":"purchasable","14":"product-type-simple"},"acf":[],"_links":{"self":[{"href":"https:\/\/www.paysagesrossignol.com\/en\/wp-json\/wp\/v2\/product\/5363","targetHints":{"allow":["GET"]}}],"collection":[{"href":"https:\/\/www.paysagesrossignol.com\/en\/wp-json\/wp\/v2\/product"}],"about":[{"href":"https:\/\/www.paysagesrossignol.com\/en\/wp-json\/wp\/v2\/types\/product"}],"replies":[{"embeddable":true,"href":"https:\/\/www.paysagesrossignol.com\/en\/wp-json\/wp\/v2\/comments?post=5363"}],"wp:featuredmedia":[{"embeddable":true,"href":"https:\/\/www.paysagesrossignol.com\/en\/wp-json\/wp\/v2\/media\/5364"}],"wp:attachment":[{"href":"https:\/\/www.paysagesrossignol.com\/en\/wp-json\/wp\/v2\/media?parent=5363"}],"wp:term":[{"taxonomy":"product_brand","embeddable":true,"href":"https:\/\/www.paysagesrossignol.com\/en\/wp-json\/wp\/v2\/product_brand?post=5363"},{"taxonomy":"product_cat","embeddable":true,"href":"https:\/\/www.paysagesrossignol.com\/en\/wp-json\/wp\/v2\/product_cat?post=5363"},{"taxonomy":"product_tag","embeddable":true,"href":"https:\/\/www.paysagesrossignol.com\/en\/wp-json\/wp\/v2\/product_tag?post=5363"}],"curies":[{"name":"wp","href":"https:\/\/api.w.org\/{rel}","templated":true}]}}