{"id":5382,"date":"2026-03-10T04:00:12","date_gmt":"2026-03-10T08:00:12","guid":{"rendered":"https:\/\/www.paysagesrossignol.com\/product\/capucine-jewel-en-melange\/"},"modified":"2026-05-04T10:05:07","modified_gmt":"2026-05-04T14:05:07","slug":"capucine-jewel-en-melange","status":"publish","type":"product","link":"https:\/\/www.paysagesrossignol.com\/en\/product\/capucine-jewel-en-melange\/","title":{"rendered":"Capucine Jewel en m\u00e9lange"},"content":{"rendered":"<h1>Voir disponibilit\u00e9 en magasin<\/h1>\n<p>Le bijou nain est un m\u00e9lange de capucines compactes. Une plate-bande fleurie en abondance donnant des fleurs brillantes semi-doubles dans une vaste gamme de couleurs, port\u00e9es bien au-dessus du feuillage. Semez directement au jardin. Il n&#8217;aime pas \u00eatre d\u00e9rang\u00e9. Annuelle. Tropaeolum Minus<\/p>\n<p>32-40 jours \u00e0 la floraison<\/p>\n<p>McKenzie<\/p>\n","protected":false},"excerpt":{"rendered":"<p>Voir disponibilit\u00e9 en magasin Le bijou nain est un m\u00e9lange de capucines compactes. Une plate-bande fleurie en abondance donnant des fleurs brillantes semi-doubles dans une vaste gamme de couleurs, port\u00e9es bien au-dessus du feuillage. Semez directement au jardin. Il n&#8217;aime pas \u00eatre d\u00e9rang\u00e9. Annuelle. Tropaeolum Minus 32-40 jours \u00e0 la floraison McKenzie<\/p>\n","protected":false},"featured_media":5383,"comment_status":"closed","ping_status":"open","template":"","meta":{"_acf_changed":false,"_seopress_robots_primary_cat":"","_seopress_titles_title":"","_seopress_titles_desc":"","_seopress_robots_index":"","_seopress_analysis_target_kw":""},"product_brand":[],"product_cat":[31,38],"product_tag":[],"class_list":{"0":"post-5382","1":"product","2":"type-product","3":"status-publish","4":"has-post-thumbnail","6":"product_cat-amenagement-jardin","7":"product_cat-semence-florale","9":"first","10":"instock","11":"taxable","12":"shipping-taxable","13":"purchasable","14":"product-type-simple"},"acf":[],"_links":{"self":[{"href":"https:\/\/www.paysagesrossignol.com\/en\/wp-json\/wp\/v2\/product\/5382","targetHints":{"allow":["GET"]}}],"collection":[{"href":"https:\/\/www.paysagesrossignol.com\/en\/wp-json\/wp\/v2\/product"}],"about":[{"href":"https:\/\/www.paysagesrossignol.com\/en\/wp-json\/wp\/v2\/types\/product"}],"replies":[{"embeddable":true,"href":"https:\/\/www.paysagesrossignol.com\/en\/wp-json\/wp\/v2\/comments?post=5382"}],"wp:featuredmedia":[{"embeddable":true,"href":"https:\/\/www.paysagesrossignol.com\/en\/wp-json\/wp\/v2\/media\/5383"}],"wp:attachment":[{"href":"https:\/\/www.paysagesrossignol.com\/en\/wp-json\/wp\/v2\/media?parent=5382"}],"wp:term":[{"taxonomy":"product_brand","embeddable":true,"href":"https:\/\/www.paysagesrossignol.com\/en\/wp-json\/wp\/v2\/product_brand?post=5382"},{"taxonomy":"product_cat","embeddable":true,"href":"https:\/\/www.paysagesrossignol.com\/en\/wp-json\/wp\/v2\/product_cat?post=5382"},{"taxonomy":"product_tag","embeddable":true,"href":"https:\/\/www.paysagesrossignol.com\/en\/wp-json\/wp\/v2\/product_tag?post=5382"}],"curies":[{"name":"wp","href":"https:\/\/api.w.org\/{rel}","templated":true}]}}