{"id":5415,"date":"2026-03-10T04:00:12","date_gmt":"2026-03-10T08:00:12","guid":{"rendered":"https:\/\/www.paysagesrossignol.com\/product\/haricot-scarlet-runner-rames\/"},"modified":"2026-05-04T10:06:10","modified_gmt":"2026-05-04T14:06:10","slug":"haricot-scarlet-runner-rames","status":"publish","type":"product","link":"https:\/\/www.paysagesrossignol.com\/en\/product\/haricot-scarlet-runner-rames\/","title":{"rendered":"Haricot Scarlet Runner (Rames)"},"content":{"rendered":"<h1>Voir disponibilit\u00e9 en magasin<\/h1>\n<p>Cette plante unique offre un feuillage vert fonc\u00e9 et des fleurs d&#8217;un rouge \u00e9carlate brillant qui attire les colibris. Non seulement attrayant, mais comestible aussi! En effet, les tiges volubiles de &#8216;Scarlet Runner&#8217; produisent une r\u00e9colte extr\u00eamement abondante d&#8217;haricots mange-tout de 20 \u00e0 25 cm (8-10&#8243;) de long et qui sont tr\u00e8s tendres lorsque cuits. Bon aussi comme haricot sec. Id\u00e9al pour recouvrir les cl\u00f4tures, treillis et tonnelles.<\/p>\n<p>64-70 jours \u00e0 la r\u00e9colte<\/p>\n<p>McKenzie<\/p>\n","protected":false},"excerpt":{"rendered":"<p>Voir disponibilit\u00e9 en magasin Cette plante unique offre un feuillage vert fonc\u00e9 et des fleurs d&#8217;un rouge \u00e9carlate brillant qui attire les colibris. Non seulement attrayant, mais comestible aussi! En effet, les tiges volubiles de &#8216;Scarlet Runner&#8217; produisent une r\u00e9colte extr\u00eamement abondante d&#8217;haricots mange-tout de 20 \u00e0 25 cm (8-10&#8243;) de long et qui sont [&hellip;]<\/p>\n","protected":false},"featured_media":5416,"comment_status":"closed","ping_status":"open","template":"","meta":{"_acf_changed":false,"_seopress_robots_primary_cat":"","_seopress_titles_title":"","_seopress_titles_desc":"","_seopress_robots_index":"","_seopress_analysis_target_kw":""},"product_brand":[],"product_cat":[31,39],"product_tag":[],"class_list":{"0":"post-5415","1":"product","2":"type-product","3":"status-publish","4":"has-post-thumbnail","6":"product_cat-amenagement-jardin","7":"product_cat-semence-potagere","9":"first","10":"instock","11":"taxable","12":"shipping-taxable","13":"purchasable","14":"product-type-simple"},"acf":[],"_links":{"self":[{"href":"https:\/\/www.paysagesrossignol.com\/en\/wp-json\/wp\/v2\/product\/5415","targetHints":{"allow":["GET"]}}],"collection":[{"href":"https:\/\/www.paysagesrossignol.com\/en\/wp-json\/wp\/v2\/product"}],"about":[{"href":"https:\/\/www.paysagesrossignol.com\/en\/wp-json\/wp\/v2\/types\/product"}],"replies":[{"embeddable":true,"href":"https:\/\/www.paysagesrossignol.com\/en\/wp-json\/wp\/v2\/comments?post=5415"}],"wp:featuredmedia":[{"embeddable":true,"href":"https:\/\/www.paysagesrossignol.com\/en\/wp-json\/wp\/v2\/media\/5416"}],"wp:attachment":[{"href":"https:\/\/www.paysagesrossignol.com\/en\/wp-json\/wp\/v2\/media?parent=5415"}],"wp:term":[{"taxonomy":"product_brand","embeddable":true,"href":"https:\/\/www.paysagesrossignol.com\/en\/wp-json\/wp\/v2\/product_brand?post=5415"},{"taxonomy":"product_cat","embeddable":true,"href":"https:\/\/www.paysagesrossignol.com\/en\/wp-json\/wp\/v2\/product_cat?post=5415"},{"taxonomy":"product_tag","embeddable":true,"href":"https:\/\/www.paysagesrossignol.com\/en\/wp-json\/wp\/v2\/product_tag?post=5415"}],"curies":[{"name":"wp","href":"https:\/\/api.w.org\/{rel}","templated":true}]}}