{"id":5419,"date":"2026-03-10T04:00:12","date_gmt":"2026-03-10T08:00:12","guid":{"rendered":"https:\/\/www.paysagesrossignol.com\/product\/alysse-carpet-of-snow\/"},"modified":"2026-05-04T10:06:14","modified_gmt":"2026-05-04T14:06:14","slug":"alysse-carpet-of-snow","status":"publish","type":"product","link":"https:\/\/www.paysagesrossignol.com\/en\/product\/alysse-carpet-of-snow\/","title":{"rendered":"Alysse Carpet of Snow"},"content":{"rendered":"<h1>Voir disponibilit\u00e9 en magasin<\/h1>\n<p>De minuscules fleurs d&#8217;un blanc pur recouvriront le sol telle la neige fra\u00eeche. Les plants nains sont uniformes et compacts, s&#8217;\u00e9talant rapidement pour former un v\u00e9ritable tapis. Il s&#8217;agit d&#8217;un choix parfum\u00e9 convenant aux sols bien drain\u00e9s dans la rocaille et les bordures. Sa performance est particuli\u00e8rement remarquable par temps frais. Fleurit \u00e0 r\u00e9p\u00e9tition si on la taille pour supprimer les fleurs s\u00e9ch\u00e9es. Lobularia Maritima<\/p>\n<p>49-84 jours \u00e0 la floraison<\/p>\n<p>McKenzie<\/p>\n","protected":false},"excerpt":{"rendered":"<p>Voir disponibilit\u00e9 en magasin De minuscules fleurs d&#8217;un blanc pur recouvriront le sol telle la neige fra\u00eeche. Les plants nains sont uniformes et compacts, s&#8217;\u00e9talant rapidement pour former un v\u00e9ritable tapis. Il s&#8217;agit d&#8217;un choix parfum\u00e9 convenant aux sols bien drain\u00e9s dans la rocaille et les bordures. Sa performance est particuli\u00e8rement remarquable par temps frais. [&hellip;]<\/p>\n","protected":false},"featured_media":5420,"comment_status":"closed","ping_status":"open","template":"","meta":{"_acf_changed":false,"_seopress_robots_primary_cat":"","_seopress_titles_title":"","_seopress_titles_desc":"","_seopress_robots_index":"","_seopress_analysis_target_kw":""},"product_brand":[],"product_cat":[31,38],"product_tag":[],"class_list":{"0":"post-5419","1":"product","2":"type-product","3":"status-publish","4":"has-post-thumbnail","6":"product_cat-amenagement-jardin","7":"product_cat-semence-florale","9":"first","10":"instock","11":"taxable","12":"shipping-taxable","13":"purchasable","14":"product-type-simple"},"acf":[],"_links":{"self":[{"href":"https:\/\/www.paysagesrossignol.com\/en\/wp-json\/wp\/v2\/product\/5419","targetHints":{"allow":["GET"]}}],"collection":[{"href":"https:\/\/www.paysagesrossignol.com\/en\/wp-json\/wp\/v2\/product"}],"about":[{"href":"https:\/\/www.paysagesrossignol.com\/en\/wp-json\/wp\/v2\/types\/product"}],"replies":[{"embeddable":true,"href":"https:\/\/www.paysagesrossignol.com\/en\/wp-json\/wp\/v2\/comments?post=5419"}],"wp:featuredmedia":[{"embeddable":true,"href":"https:\/\/www.paysagesrossignol.com\/en\/wp-json\/wp\/v2\/media\/5420"}],"wp:attachment":[{"href":"https:\/\/www.paysagesrossignol.com\/en\/wp-json\/wp\/v2\/media?parent=5419"}],"wp:term":[{"taxonomy":"product_brand","embeddable":true,"href":"https:\/\/www.paysagesrossignol.com\/en\/wp-json\/wp\/v2\/product_brand?post=5419"},{"taxonomy":"product_cat","embeddable":true,"href":"https:\/\/www.paysagesrossignol.com\/en\/wp-json\/wp\/v2\/product_cat?post=5419"},{"taxonomy":"product_tag","embeddable":true,"href":"https:\/\/www.paysagesrossignol.com\/en\/wp-json\/wp\/v2\/product_tag?post=5419"}],"curies":[{"name":"wp","href":"https:\/\/api.w.org\/{rel}","templated":true}]}}