{"id":5427,"date":"2026-03-10T04:00:24","date_gmt":"2026-03-10T08:00:24","guid":{"rendered":"https:\/\/www.paysagesrossignol.com\/product\/aneth-2\/"},"modified":"2026-05-04T10:06:21","modified_gmt":"2026-05-04T14:06:21","slug":"aneth-2","status":"publish","type":"product","link":"https:\/\/www.paysagesrossignol.com\/en\/product\/aneth-2\/","title":{"rendered":"Aneth"},"content":{"rendered":"<h1>Voir disponibilit\u00e9 en magasin<\/h1>\n<p>Les plants hauts sont coiff\u00e9s d&#8217;ombelles de minuscules fleurs jaunes. Les feuilles tr\u00e8s petites et semblables \u00e0 de la foug\u00e8re se r\u00e9coltent pour le s\u00e9chage ou la cong\u00e9lation. Les graines et feuilles servent de condiment pour le poisson, les rago\u00fbts, les l\u00e9gumes, la volaille, les cornichons et les salades. L&#8217;aneth pr\u00e9f\u00e8re un sol humide et bien drain\u00e9. Le prot\u00e9ger du vent si possible. Alterner la semence toutes les 2-3 semaines de Mai \u00e0 juillet. Hauteur de la plante: 60-90 cm (24-36&#8243;). Annuelle. Anthemum Graveolens.<\/p>\n<p>70 jours \u00e0 la r\u00e9colte<\/p>\n<p>McKenzie<\/p>\n","protected":false},"excerpt":{"rendered":"<p>Voir disponibilit\u00e9 en magasin Les plants hauts sont coiff\u00e9s d&#8217;ombelles de minuscules fleurs jaunes. Les feuilles tr\u00e8s petites et semblables \u00e0 de la foug\u00e8re se r\u00e9coltent pour le s\u00e9chage ou la cong\u00e9lation. Les graines et feuilles servent de condiment pour le poisson, les rago\u00fbts, les l\u00e9gumes, la volaille, les cornichons et les salades. L&#8217;aneth pr\u00e9f\u00e8re [&hellip;]<\/p>\n","protected":false},"featured_media":5428,"comment_status":"closed","ping_status":"open","template":"","meta":{"_acf_changed":false,"_seopress_robots_primary_cat":"","_seopress_titles_title":"","_seopress_titles_desc":"","_seopress_robots_index":"","_seopress_analysis_target_kw":""},"product_brand":[],"product_cat":[31,39],"product_tag":[],"class_list":{"0":"post-5427","1":"product","2":"type-product","3":"status-publish","4":"has-post-thumbnail","6":"product_cat-amenagement-jardin","7":"product_cat-semence-potagere","9":"first","10":"instock","11":"taxable","12":"shipping-taxable","13":"purchasable","14":"product-type-simple"},"acf":[],"_links":{"self":[{"href":"https:\/\/www.paysagesrossignol.com\/en\/wp-json\/wp\/v2\/product\/5427","targetHints":{"allow":["GET"]}}],"collection":[{"href":"https:\/\/www.paysagesrossignol.com\/en\/wp-json\/wp\/v2\/product"}],"about":[{"href":"https:\/\/www.paysagesrossignol.com\/en\/wp-json\/wp\/v2\/types\/product"}],"replies":[{"embeddable":true,"href":"https:\/\/www.paysagesrossignol.com\/en\/wp-json\/wp\/v2\/comments?post=5427"}],"wp:featuredmedia":[{"embeddable":true,"href":"https:\/\/www.paysagesrossignol.com\/en\/wp-json\/wp\/v2\/media\/5428"}],"wp:attachment":[{"href":"https:\/\/www.paysagesrossignol.com\/en\/wp-json\/wp\/v2\/media?parent=5427"}],"wp:term":[{"taxonomy":"product_brand","embeddable":true,"href":"https:\/\/www.paysagesrossignol.com\/en\/wp-json\/wp\/v2\/product_brand?post=5427"},{"taxonomy":"product_cat","embeddable":true,"href":"https:\/\/www.paysagesrossignol.com\/en\/wp-json\/wp\/v2\/product_cat?post=5427"},{"taxonomy":"product_tag","embeddable":true,"href":"https:\/\/www.paysagesrossignol.com\/en\/wp-json\/wp\/v2\/product_tag?post=5427"}],"curies":[{"name":"wp","href":"https:\/\/api.w.org\/{rel}","templated":true}]}}