{"id":5464,"date":"2026-03-10T04:00:43","date_gmt":"2026-03-10T08:00:43","guid":{"rendered":"https:\/\/www.paysagesrossignol.com\/product\/epinard-longstanding-bloomsdale\/"},"modified":"2026-05-04T10:07:04","modified_gmt":"2026-05-04T14:07:04","slug":"epinard-longstanding-bloomsdale","status":"publish","type":"product","link":"https:\/\/www.paysagesrossignol.com\/en\/product\/epinard-longstanding-bloomsdale\/","title":{"rendered":"\u00c9pinard Bloomsdale Long Standing"},"content":{"rendered":"<h1>Voir disponibilit\u00e9 en magasin<\/h1>\n<p>Vari\u00e9t\u00e9 tr\u00e8s populaire qui produit pendant une longue p\u00e9riode. Feuilles reluisantes, vert fonc\u00e9e, pliss\u00e9es et \u00e0 texture \u00e9paisse. Comme l&#8217;\u00e9pinard, cro\u00eet mieux au printemps et \u00e0 l&#8217;automne. Semez de nouveau \u00e0 la fin de l&#8217;\u00e9t\u00e9 pour une r\u00e9colte automnale. Exige beaucoup d&#8217;humidit\u00e9.<\/p>\n<p>40-48 jours \u00e0 la r\u00e9colte<\/p>\n<p>McKenzie<\/p>\n","protected":false},"excerpt":{"rendered":"<p>Voir disponibilit\u00e9 en magasin Vari\u00e9t\u00e9 tr\u00e8s populaire qui produit pendant une longue p\u00e9riode. Feuilles reluisantes, vert fonc\u00e9e, pliss\u00e9es et \u00e0 texture \u00e9paisse. Comme l&#8217;\u00e9pinard, cro\u00eet mieux au printemps et \u00e0 l&#8217;automne. Semez de nouveau \u00e0 la fin de l&#8217;\u00e9t\u00e9 pour une r\u00e9colte automnale. Exige beaucoup d&#8217;humidit\u00e9. 40-48 jours \u00e0 la r\u00e9colte McKenzie<\/p>\n","protected":false},"featured_media":5465,"comment_status":"closed","ping_status":"open","template":"","meta":{"_acf_changed":false,"_seopress_robots_primary_cat":"","_seopress_titles_title":"","_seopress_titles_desc":"","_seopress_robots_index":"","_seopress_analysis_target_kw":""},"product_brand":[],"product_cat":[31,39],"product_tag":[],"class_list":{"0":"post-5464","1":"product","2":"type-product","3":"status-publish","4":"has-post-thumbnail","6":"product_cat-amenagement-jardin","7":"product_cat-semence-potagere","9":"first","10":"instock","11":"taxable","12":"shipping-taxable","13":"purchasable","14":"product-type-simple"},"acf":[],"_links":{"self":[{"href":"https:\/\/www.paysagesrossignol.com\/en\/wp-json\/wp\/v2\/product\/5464","targetHints":{"allow":["GET"]}}],"collection":[{"href":"https:\/\/www.paysagesrossignol.com\/en\/wp-json\/wp\/v2\/product"}],"about":[{"href":"https:\/\/www.paysagesrossignol.com\/en\/wp-json\/wp\/v2\/types\/product"}],"replies":[{"embeddable":true,"href":"https:\/\/www.paysagesrossignol.com\/en\/wp-json\/wp\/v2\/comments?post=5464"}],"wp:featuredmedia":[{"embeddable":true,"href":"https:\/\/www.paysagesrossignol.com\/en\/wp-json\/wp\/v2\/media\/5465"}],"wp:attachment":[{"href":"https:\/\/www.paysagesrossignol.com\/en\/wp-json\/wp\/v2\/media?parent=5464"}],"wp:term":[{"taxonomy":"product_brand","embeddable":true,"href":"https:\/\/www.paysagesrossignol.com\/en\/wp-json\/wp\/v2\/product_brand?post=5464"},{"taxonomy":"product_cat","embeddable":true,"href":"https:\/\/www.paysagesrossignol.com\/en\/wp-json\/wp\/v2\/product_cat?post=5464"},{"taxonomy":"product_tag","embeddable":true,"href":"https:\/\/www.paysagesrossignol.com\/en\/wp-json\/wp\/v2\/product_tag?post=5464"}],"curies":[{"name":"wp","href":"https:\/\/api.w.org\/{rel}","templated":true}]}}