{"id":5512,"date":"2026-03-10T04:00:48","date_gmt":"2026-03-10T08:00:48","guid":{"rendered":"https:\/\/www.paysagesrossignol.com\/product\/carotte-scarlet-nantes-ruban\/"},"modified":"2026-05-04T10:08:05","modified_gmt":"2026-05-04T14:08:05","slug":"carotte-scarlet-nantes-ruban","status":"publish","type":"product","link":"https:\/\/www.paysagesrossignol.com\/en\/product\/carotte-scarlet-nantes-ruban\/","title":{"rendered":"Carotte Scarlet Nantes Ruban"},"content":{"rendered":"<h1>Voir disponibilit\u00e9 en magasin<\/h1>\n<p>Vari\u00e9t\u00e9 presque sans coeur tr\u00e8s recherch\u00e9e \u00e0 chair tendre et savoureuse, d&#8217;un orange vif. R\u00e9p\u00e9tez les semis aux 2 semaines pour assurer une r\u00e9colte continue.<\/p>\n<p>68 jours \u00e0 la r\u00e9colte<\/p>\n<p>McKenzie<\/p>\n","protected":false},"excerpt":{"rendered":"<p>Voir disponibilit\u00e9 en magasin Vari\u00e9t\u00e9 presque sans coeur tr\u00e8s recherch\u00e9e \u00e0 chair tendre et savoureuse, d&#8217;un orange vif. R\u00e9p\u00e9tez les semis aux 2 semaines pour assurer une r\u00e9colte continue. 68 jours \u00e0 la r\u00e9colte McKenzie<\/p>\n","protected":false},"featured_media":5513,"comment_status":"closed","ping_status":"open","template":"","meta":{"_acf_changed":false,"_seopress_robots_primary_cat":"","_seopress_titles_title":"","_seopress_titles_desc":"","_seopress_robots_index":"","_seopress_analysis_target_kw":""},"product_brand":[],"product_cat":[31,39],"product_tag":[],"class_list":{"0":"post-5512","1":"product","2":"type-product","3":"status-publish","4":"has-post-thumbnail","6":"product_cat-amenagement-jardin","7":"product_cat-semence-potagere","9":"first","10":"instock","11":"taxable","12":"shipping-taxable","13":"purchasable","14":"product-type-simple"},"acf":[],"_links":{"self":[{"href":"https:\/\/www.paysagesrossignol.com\/en\/wp-json\/wp\/v2\/product\/5512","targetHints":{"allow":["GET"]}}],"collection":[{"href":"https:\/\/www.paysagesrossignol.com\/en\/wp-json\/wp\/v2\/product"}],"about":[{"href":"https:\/\/www.paysagesrossignol.com\/en\/wp-json\/wp\/v2\/types\/product"}],"replies":[{"embeddable":true,"href":"https:\/\/www.paysagesrossignol.com\/en\/wp-json\/wp\/v2\/comments?post=5512"}],"wp:featuredmedia":[{"embeddable":true,"href":"https:\/\/www.paysagesrossignol.com\/en\/wp-json\/wp\/v2\/media\/5513"}],"wp:attachment":[{"href":"https:\/\/www.paysagesrossignol.com\/en\/wp-json\/wp\/v2\/media?parent=5512"}],"wp:term":[{"taxonomy":"product_brand","embeddable":true,"href":"https:\/\/www.paysagesrossignol.com\/en\/wp-json\/wp\/v2\/product_brand?post=5512"},{"taxonomy":"product_cat","embeddable":true,"href":"https:\/\/www.paysagesrossignol.com\/en\/wp-json\/wp\/v2\/product_cat?post=5512"},{"taxonomy":"product_tag","embeddable":true,"href":"https:\/\/www.paysagesrossignol.com\/en\/wp-json\/wp\/v2\/product_tag?post=5512"}],"curies":[{"name":"wp","href":"https:\/\/api.w.org\/{rel}","templated":true}]}}