{"id":5518,"date":"2026-03-10T04:00:58","date_gmt":"2026-03-10T08:00:58","guid":{"rendered":"https:\/\/www.paysagesrossignol.com\/product\/coriandre-cilantro\/"},"modified":"2026-05-04T10:08:12","modified_gmt":"2026-05-04T14:08:12","slug":"coriandre-cilantro","status":"publish","type":"product","link":"https:\/\/www.paysagesrossignol.com\/en\/product\/coriandre-cilantro\/","title":{"rendered":"Cilantro"},"content":{"rendered":"<h1>Voir disponibilit\u00e9 en magasin<\/h1>\n<p>La coriandre devient de plus en plus populaire \u00e0 cause de sa saveur piquante. C&#8217;est un des ingr\u00e9dients les plus typiques de la cuisine chinoise et sud-am\u00e9ricaine (dans ce dernier cas, sous le nom de &#8220;cilantro&#8221;). S&#8217;emploie comme condiment dans les curry, les sauces aux piments (chili) et autres sauces, les pains et les marinades. Les feuilles ont une saveur plus douce que les graines. Fleurit rapidement du semis. Peut-\u00eatre plant\u00e9 \u00e0 l&#8217;int\u00e9rieur. Difficile \u00e0 transplanter. Annuelle.<\/p>\n<p>60 jours \u00e0 la r\u00e9colte<\/p>\n<p>McKenzie<\/p>\n","protected":false},"excerpt":{"rendered":"<p>Voir disponibilit\u00e9 en magasin La coriandre devient de plus en plus populaire \u00e0 cause de sa saveur piquante. C&#8217;est un des ingr\u00e9dients les plus typiques de la cuisine chinoise et sud-am\u00e9ricaine (dans ce dernier cas, sous le nom de &#8220;cilantro&#8221;). S&#8217;emploie comme condiment dans les curry, les sauces aux piments (chili) et autres sauces, les [&hellip;]<\/p>\n","protected":false},"featured_media":5519,"comment_status":"closed","ping_status":"open","template":"","meta":{"_acf_changed":false,"_seopress_robots_primary_cat":"","_seopress_titles_title":"","_seopress_titles_desc":"","_seopress_robots_index":"","_seopress_analysis_target_kw":""},"product_brand":[],"product_cat":[31,39],"product_tag":[],"class_list":{"0":"post-5518","1":"product","2":"type-product","3":"status-publish","4":"has-post-thumbnail","6":"product_cat-amenagement-jardin","7":"product_cat-semence-potagere","9":"first","10":"instock","11":"taxable","12":"shipping-taxable","13":"purchasable","14":"product-type-simple"},"acf":[],"_links":{"self":[{"href":"https:\/\/www.paysagesrossignol.com\/en\/wp-json\/wp\/v2\/product\/5518","targetHints":{"allow":["GET"]}}],"collection":[{"href":"https:\/\/www.paysagesrossignol.com\/en\/wp-json\/wp\/v2\/product"}],"about":[{"href":"https:\/\/www.paysagesrossignol.com\/en\/wp-json\/wp\/v2\/types\/product"}],"replies":[{"embeddable":true,"href":"https:\/\/www.paysagesrossignol.com\/en\/wp-json\/wp\/v2\/comments?post=5518"}],"wp:featuredmedia":[{"embeddable":true,"href":"https:\/\/www.paysagesrossignol.com\/en\/wp-json\/wp\/v2\/media\/5519"}],"wp:attachment":[{"href":"https:\/\/www.paysagesrossignol.com\/en\/wp-json\/wp\/v2\/media?parent=5518"}],"wp:term":[{"taxonomy":"product_brand","embeddable":true,"href":"https:\/\/www.paysagesrossignol.com\/en\/wp-json\/wp\/v2\/product_brand?post=5518"},{"taxonomy":"product_cat","embeddable":true,"href":"https:\/\/www.paysagesrossignol.com\/en\/wp-json\/wp\/v2\/product_cat?post=5518"},{"taxonomy":"product_tag","embeddable":true,"href":"https:\/\/www.paysagesrossignol.com\/en\/wp-json\/wp\/v2\/product_tag?post=5518"}],"curies":[{"name":"wp","href":"https:\/\/api.w.org\/{rel}","templated":true}]}}