{"id":5523,"date":"2026-03-10T04:00:58","date_gmt":"2026-03-10T08:00:58","guid":{"rendered":"https:\/\/www.paysagesrossignol.com\/product\/laitue-prizehead\/"},"modified":"2026-05-04T10:08:17","modified_gmt":"2026-05-04T14:08:17","slug":"laitue-prizehead","status":"publish","type":"product","link":"https:\/\/www.paysagesrossignol.com\/en\/product\/laitue-prizehead\/","title":{"rendered":"Laitue Prizehead"},"content":{"rendered":"<h1>Voir disponibilit\u00e9 en magasin<\/h1>\n<p>Feuille vert clair qui sont bord\u00e9es d&#8217;un marron rouge\u00e2tre brillant. Cette laitue fris\u00e9e offre de larges feuilles pliss\u00e9es et bien fonc\u00e9es. Cro\u00eet mieux par temps frais. Les feuilles demeurent croustillantes et tendres avec un petit go\u00fbt de beurre. R\u00e9siste au virus de la mosa\u00efque.<\/p>\n<p>45-55 jours \u00e0 la r\u00e9colte<\/p>\n<p>McKenzie<\/p>\n","protected":false},"excerpt":{"rendered":"<p>Voir disponibilit\u00e9 en magasin Feuille vert clair qui sont bord\u00e9es d&#8217;un marron rouge\u00e2tre brillant. Cette laitue fris\u00e9e offre de larges feuilles pliss\u00e9es et bien fonc\u00e9es. Cro\u00eet mieux par temps frais. Les feuilles demeurent croustillantes et tendres avec un petit go\u00fbt de beurre. R\u00e9siste au virus de la mosa\u00efque. 45-55 jours \u00e0 la r\u00e9colte McKenzie<\/p>\n","protected":false},"featured_media":5524,"comment_status":"closed","ping_status":"open","template":"","meta":{"_acf_changed":false,"_seopress_robots_primary_cat":"","_seopress_titles_title":"","_seopress_titles_desc":"","_seopress_robots_index":"","_seopress_analysis_target_kw":""},"product_brand":[],"product_cat":[31,39],"product_tag":[],"class_list":{"0":"post-5523","1":"product","2":"type-product","3":"status-publish","4":"has-post-thumbnail","6":"product_cat-amenagement-jardin","7":"product_cat-semence-potagere","9":"first","10":"instock","11":"taxable","12":"shipping-taxable","13":"purchasable","14":"product-type-simple"},"acf":[],"_links":{"self":[{"href":"https:\/\/www.paysagesrossignol.com\/en\/wp-json\/wp\/v2\/product\/5523","targetHints":{"allow":["GET"]}}],"collection":[{"href":"https:\/\/www.paysagesrossignol.com\/en\/wp-json\/wp\/v2\/product"}],"about":[{"href":"https:\/\/www.paysagesrossignol.com\/en\/wp-json\/wp\/v2\/types\/product"}],"replies":[{"embeddable":true,"href":"https:\/\/www.paysagesrossignol.com\/en\/wp-json\/wp\/v2\/comments?post=5523"}],"wp:featuredmedia":[{"embeddable":true,"href":"https:\/\/www.paysagesrossignol.com\/en\/wp-json\/wp\/v2\/media\/5524"}],"wp:attachment":[{"href":"https:\/\/www.paysagesrossignol.com\/en\/wp-json\/wp\/v2\/media?parent=5523"}],"wp:term":[{"taxonomy":"product_brand","embeddable":true,"href":"https:\/\/www.paysagesrossignol.com\/en\/wp-json\/wp\/v2\/product_brand?post=5523"},{"taxonomy":"product_cat","embeddable":true,"href":"https:\/\/www.paysagesrossignol.com\/en\/wp-json\/wp\/v2\/product_cat?post=5523"},{"taxonomy":"product_tag","embeddable":true,"href":"https:\/\/www.paysagesrossignol.com\/en\/wp-json\/wp\/v2\/product_tag?post=5523"}],"curies":[{"name":"wp","href":"https:\/\/api.w.org\/{rel}","templated":true}]}}