{"id":5533,"date":"2026-03-10T04:00:06","date_gmt":"2026-03-10T08:00:06","guid":{"rendered":"https:\/\/www.paysagesrossignol.com\/product\/betterave-detroit-dark-red-ruban\/"},"modified":"2026-05-04T10:08:28","modified_gmt":"2026-05-04T14:08:28","slug":"betterave-detroit-dark-red-ruban","status":"publish","type":"product","link":"https:\/\/www.paysagesrossignol.com\/en\/product\/betterave-detroit-dark-red-ruban\/","title":{"rendered":"Betterave Detroit Dark Red"},"content":{"rendered":"<h1>Voir disponibilit\u00e9 en magasin<\/h1>\n<p>Vari\u00e9t\u00e9 tout usage id\u00e9ale. Moyennement h\u00e2tive. Racine rouge fonc\u00e9e et ronde. Chaire sucr\u00e9e, tendre et \u00e0 texture fine. Le feuillage aussi est d\u00e9licieux en s&#8217;emploie en salade. Id\u00e9ale pour utilisation fra\u00eeche ou congel\u00e9e, en conserve ou en marinade. Plantez pr\u00e8s des haricots nains, de la laitue et du chou-rave, mais loin des haricots \u00e0 rames.<\/p>\n<p>50-60 jours \u00e0 la r\u00e9colte<\/p>\n<p>McKenzie<\/p>\n","protected":false},"excerpt":{"rendered":"<p>Voir disponibilit\u00e9 en magasin Vari\u00e9t\u00e9 tout usage id\u00e9ale. Moyennement h\u00e2tive. Racine rouge fonc\u00e9e et ronde. Chaire sucr\u00e9e, tendre et \u00e0 texture fine. Le feuillage aussi est d\u00e9licieux en s&#8217;emploie en salade. Id\u00e9ale pour utilisation fra\u00eeche ou congel\u00e9e, en conserve ou en marinade. Plantez pr\u00e8s des haricots nains, de la laitue et du chou-rave, mais loin [&hellip;]<\/p>\n","protected":false},"featured_media":5534,"comment_status":"closed","ping_status":"open","template":"","meta":{"_acf_changed":false,"_seopress_robots_primary_cat":"","_seopress_titles_title":"","_seopress_titles_desc":"","_seopress_robots_index":"","_seopress_analysis_target_kw":""},"product_brand":[],"product_cat":[31,39],"product_tag":[],"class_list":{"0":"post-5533","1":"product","2":"type-product","3":"status-publish","4":"has-post-thumbnail","6":"product_cat-amenagement-jardin","7":"product_cat-semence-potagere","9":"first","10":"instock","11":"taxable","12":"shipping-taxable","13":"purchasable","14":"product-type-simple"},"acf":[],"_links":{"self":[{"href":"https:\/\/www.paysagesrossignol.com\/en\/wp-json\/wp\/v2\/product\/5533","targetHints":{"allow":["GET"]}}],"collection":[{"href":"https:\/\/www.paysagesrossignol.com\/en\/wp-json\/wp\/v2\/product"}],"about":[{"href":"https:\/\/www.paysagesrossignol.com\/en\/wp-json\/wp\/v2\/types\/product"}],"replies":[{"embeddable":true,"href":"https:\/\/www.paysagesrossignol.com\/en\/wp-json\/wp\/v2\/comments?post=5533"}],"wp:featuredmedia":[{"embeddable":true,"href":"https:\/\/www.paysagesrossignol.com\/en\/wp-json\/wp\/v2\/media\/5534"}],"wp:attachment":[{"href":"https:\/\/www.paysagesrossignol.com\/en\/wp-json\/wp\/v2\/media?parent=5533"}],"wp:term":[{"taxonomy":"product_brand","embeddable":true,"href":"https:\/\/www.paysagesrossignol.com\/en\/wp-json\/wp\/v2\/product_brand?post=5533"},{"taxonomy":"product_cat","embeddable":true,"href":"https:\/\/www.paysagesrossignol.com\/en\/wp-json\/wp\/v2\/product_cat?post=5533"},{"taxonomy":"product_tag","embeddable":true,"href":"https:\/\/www.paysagesrossignol.com\/en\/wp-json\/wp\/v2\/product_tag?post=5533"}],"curies":[{"name":"wp","href":"https:\/\/api.w.org\/{rel}","templated":true}]}}