{"id":5537,"date":"2026-03-10T04:00:06","date_gmt":"2026-03-10T08:00:06","guid":{"rendered":"https:\/\/www.paysagesrossignol.com\/product\/concombre-straight-eight\/"},"modified":"2026-05-04T10:08:31","modified_gmt":"2026-05-04T14:08:31","slug":"concombre-straight-eight","status":"publish","type":"product","link":"https:\/\/www.paysagesrossignol.com\/en\/product\/concombre-straight-eight\/","title":{"rendered":"Concombre Straight Eight"},"content":{"rendered":"<h1>Voir disponibilit\u00e9 en magasin<\/h1>\n<p>Une vari\u00e9t\u00e9 pr\u00e9f\u00e9r\u00e9e avec une peau verte attrayante et des \u00e9pines blanches. Produits des fruits uniformes de 20 cm (8&#8243;) de long avec de petites graines. La chair est croquante, juteuse et savoureuse. Compagnonnage: Les haricots, les pois, les tomates, le chou et la laitue.<\/p>\n<p>60 jours \u00e0 la r\u00e9colte<\/p>\n<p>McKenzie<\/p>\n","protected":false},"excerpt":{"rendered":"<p>Voir disponibilit\u00e9 en magasin Une vari\u00e9t\u00e9 pr\u00e9f\u00e9r\u00e9e avec une peau verte attrayante et des \u00e9pines blanches. Produits des fruits uniformes de 20 cm (8&#8243;) de long avec de petites graines. La chair est croquante, juteuse et savoureuse. Compagnonnage: Les haricots, les pois, les tomates, le chou et la laitue. 60 jours \u00e0 la r\u00e9colte McKenzie<\/p>\n","protected":false},"featured_media":5538,"comment_status":"closed","ping_status":"open","template":"","meta":{"_acf_changed":false,"_seopress_robots_primary_cat":"","_seopress_titles_title":"","_seopress_titles_desc":"","_seopress_robots_index":"","_seopress_analysis_target_kw":""},"product_brand":[],"product_cat":[31,39],"product_tag":[],"class_list":{"0":"post-5537","1":"product","2":"type-product","3":"status-publish","4":"has-post-thumbnail","6":"product_cat-amenagement-jardin","7":"product_cat-semence-potagere","9":"first","10":"instock","11":"taxable","12":"shipping-taxable","13":"purchasable","14":"product-type-simple"},"acf":[],"_links":{"self":[{"href":"https:\/\/www.paysagesrossignol.com\/en\/wp-json\/wp\/v2\/product\/5537","targetHints":{"allow":["GET"]}}],"collection":[{"href":"https:\/\/www.paysagesrossignol.com\/en\/wp-json\/wp\/v2\/product"}],"about":[{"href":"https:\/\/www.paysagesrossignol.com\/en\/wp-json\/wp\/v2\/types\/product"}],"replies":[{"embeddable":true,"href":"https:\/\/www.paysagesrossignol.com\/en\/wp-json\/wp\/v2\/comments?post=5537"}],"wp:featuredmedia":[{"embeddable":true,"href":"https:\/\/www.paysagesrossignol.com\/en\/wp-json\/wp\/v2\/media\/5538"}],"wp:attachment":[{"href":"https:\/\/www.paysagesrossignol.com\/en\/wp-json\/wp\/v2\/media?parent=5537"}],"wp:term":[{"taxonomy":"product_brand","embeddable":true,"href":"https:\/\/www.paysagesrossignol.com\/en\/wp-json\/wp\/v2\/product_brand?post=5537"},{"taxonomy":"product_cat","embeddable":true,"href":"https:\/\/www.paysagesrossignol.com\/en\/wp-json\/wp\/v2\/product_cat?post=5537"},{"taxonomy":"product_tag","embeddable":true,"href":"https:\/\/www.paysagesrossignol.com\/en\/wp-json\/wp\/v2\/product_tag?post=5537"}],"curies":[{"name":"wp","href":"https:\/\/api.w.org\/{rel}","templated":true}]}}