{"id":5546,"date":"2026-03-10T04:00:28","date_gmt":"2026-03-10T08:00:28","guid":{"rendered":"https:\/\/www.paysagesrossignol.com\/product\/coquelico-flanders-field\/"},"modified":"2026-05-04T10:08:42","modified_gmt":"2026-05-04T14:08:42","slug":"coquelico-flanders-field","status":"publish","type":"product","link":"https:\/\/www.paysagesrossignol.com\/en\/product\/coquelico-flanders-field\/","title":{"rendered":"Coquelico Flanders Field"},"content":{"rendered":"<h1>Voir disponibilit\u00e9 en magasin<\/h1>\n<p>Ce pavot est justement ce qu&#8217;il faut pour ajouter de la couleur dans un endroit ensoleill\u00e9 o\u00f9 peu de vari\u00e9t\u00e9s poussent. Ou, dans un jardin de fleurs sauvages dans lequel il se ress\u00e8me facilement de lui-m\u00eame. Ils ont des fleurs rouges, brillantes de 5 cm (2&#8243;) avec des p\u00e9tales miroitants satines. Les plantations de grande \u00e9chelle sont un knock-out! Annuelle. Papaver Rhoeas<\/p>\n<p>70-90 jours \u00e0 la floraison<\/p>\n<p>McKenzie<\/p>\n","protected":false},"excerpt":{"rendered":"<p>Voir disponibilit\u00e9 en magasin Ce pavot est justement ce qu&#8217;il faut pour ajouter de la couleur dans un endroit ensoleill\u00e9 o\u00f9 peu de vari\u00e9t\u00e9s poussent. Ou, dans un jardin de fleurs sauvages dans lequel il se ress\u00e8me facilement de lui-m\u00eame. Ils ont des fleurs rouges, brillantes de 5 cm (2&#8243;) avec des p\u00e9tales miroitants satines. [&hellip;]<\/p>\n","protected":false},"featured_media":5547,"comment_status":"closed","ping_status":"open","template":"","meta":{"_acf_changed":false,"_seopress_robots_primary_cat":"","_seopress_titles_title":"","_seopress_titles_desc":"","_seopress_robots_index":"","_seopress_analysis_target_kw":""},"product_brand":[],"product_cat":[31,38],"product_tag":[],"class_list":{"0":"post-5546","1":"product","2":"type-product","3":"status-publish","4":"has-post-thumbnail","6":"product_cat-amenagement-jardin","7":"product_cat-semence-florale","9":"first","10":"instock","11":"taxable","12":"shipping-taxable","13":"purchasable","14":"product-type-simple"},"acf":[],"_links":{"self":[{"href":"https:\/\/www.paysagesrossignol.com\/en\/wp-json\/wp\/v2\/product\/5546","targetHints":{"allow":["GET"]}}],"collection":[{"href":"https:\/\/www.paysagesrossignol.com\/en\/wp-json\/wp\/v2\/product"}],"about":[{"href":"https:\/\/www.paysagesrossignol.com\/en\/wp-json\/wp\/v2\/types\/product"}],"replies":[{"embeddable":true,"href":"https:\/\/www.paysagesrossignol.com\/en\/wp-json\/wp\/v2\/comments?post=5546"}],"wp:featuredmedia":[{"embeddable":true,"href":"https:\/\/www.paysagesrossignol.com\/en\/wp-json\/wp\/v2\/media\/5547"}],"wp:attachment":[{"href":"https:\/\/www.paysagesrossignol.com\/en\/wp-json\/wp\/v2\/media?parent=5546"}],"wp:term":[{"taxonomy":"product_brand","embeddable":true,"href":"https:\/\/www.paysagesrossignol.com\/en\/wp-json\/wp\/v2\/product_brand?post=5546"},{"taxonomy":"product_cat","embeddable":true,"href":"https:\/\/www.paysagesrossignol.com\/en\/wp-json\/wp\/v2\/product_cat?post=5546"},{"taxonomy":"product_tag","embeddable":true,"href":"https:\/\/www.paysagesrossignol.com\/en\/wp-json\/wp\/v2\/product_tag?post=5546"}],"curies":[{"name":"wp","href":"https:\/\/api.w.org\/{rel}","templated":true}]}}