{"id":5600,"date":"2026-03-10T04:00:23","date_gmt":"2026-03-10T08:00:23","guid":{"rendered":"https:\/\/www.paysagesrossignol.com\/product\/carotte-gigante-flakkee\/"},"modified":"2026-05-04T10:09:53","modified_gmt":"2026-05-04T14:09:53","slug":"carotte-gigante-flakkee","status":"publish","type":"product","link":"https:\/\/www.paysagesrossignol.com\/en\/product\/carotte-gigante-flakkee\/","title":{"rendered":"Carotte Gigante Flakkee"},"content":{"rendered":"<h1>Voir disponibilit\u00e9 en magasin<\/h1>\n<p>Une vari\u00e9t\u00e9 italienne tr\u00e8s populaire! Savoureuse, croquante, de forme conique qui pousse bien dans les sols lourds. Une humidit\u00e9 uniforme du sol est essentielle pour produire des carottes croustillantes et sucr\u00e9es.<\/p>\n<p>55-70 jours \u00e0 la r\u00e9colte<\/p>\n<p>McKenzie<\/p>\n","protected":false},"excerpt":{"rendered":"<p>Voir disponibilit\u00e9 en magasin Une vari\u00e9t\u00e9 italienne tr\u00e8s populaire! Savoureuse, croquante, de forme conique qui pousse bien dans les sols lourds. Une humidit\u00e9 uniforme du sol est essentielle pour produire des carottes croustillantes et sucr\u00e9es. 55-70 jours \u00e0 la r\u00e9colte McKenzie<\/p>\n","protected":false},"featured_media":5601,"comment_status":"closed","ping_status":"open","template":"","meta":{"_acf_changed":false,"_seopress_robots_primary_cat":"","_seopress_titles_title":"","_seopress_titles_desc":"","_seopress_robots_index":"","_seopress_analysis_target_kw":""},"product_brand":[],"product_cat":[31,39],"product_tag":[],"class_list":{"0":"post-5600","1":"product","2":"type-product","3":"status-publish","4":"has-post-thumbnail","6":"product_cat-amenagement-jardin","7":"product_cat-semence-potagere","9":"first","10":"instock","11":"taxable","12":"shipping-taxable","13":"purchasable","14":"product-type-simple"},"acf":[],"_links":{"self":[{"href":"https:\/\/www.paysagesrossignol.com\/en\/wp-json\/wp\/v2\/product\/5600","targetHints":{"allow":["GET"]}}],"collection":[{"href":"https:\/\/www.paysagesrossignol.com\/en\/wp-json\/wp\/v2\/product"}],"about":[{"href":"https:\/\/www.paysagesrossignol.com\/en\/wp-json\/wp\/v2\/types\/product"}],"replies":[{"embeddable":true,"href":"https:\/\/www.paysagesrossignol.com\/en\/wp-json\/wp\/v2\/comments?post=5600"}],"wp:featuredmedia":[{"embeddable":true,"href":"https:\/\/www.paysagesrossignol.com\/en\/wp-json\/wp\/v2\/media\/5601"}],"wp:attachment":[{"href":"https:\/\/www.paysagesrossignol.com\/en\/wp-json\/wp\/v2\/media?parent=5600"}],"wp:term":[{"taxonomy":"product_brand","embeddable":true,"href":"https:\/\/www.paysagesrossignol.com\/en\/wp-json\/wp\/v2\/product_brand?post=5600"},{"taxonomy":"product_cat","embeddable":true,"href":"https:\/\/www.paysagesrossignol.com\/en\/wp-json\/wp\/v2\/product_cat?post=5600"},{"taxonomy":"product_tag","embeddable":true,"href":"https:\/\/www.paysagesrossignol.com\/en\/wp-json\/wp\/v2\/product_tag?post=5600"}],"curies":[{"name":"wp","href":"https:\/\/api.w.org\/{rel}","templated":true}]}}