{"id":5618,"date":"2026-03-10T04:00:43","date_gmt":"2026-03-10T08:00:43","guid":{"rendered":"https:\/\/www.paysagesrossignol.com\/product\/poivron-early-california-wonder-bio\/"},"modified":"2026-05-04T10:10:20","modified_gmt":"2026-05-04T14:10:20","slug":"poivron-early-california-wonder-bio","status":"publish","type":"product","link":"https:\/\/www.paysagesrossignol.com\/en\/product\/poivron-early-california-wonder-bio\/","title":{"rendered":"Poivron Early California Wonder"},"content":{"rendered":"<h1>Voir disponibilit\u00e9 en magasin<\/h1>\n<p>Coloration vert vif \u00e0 rouge. Fruit de grande taille 10 x 10 cm (4&#8243;x 4&#8243;) en forme de cloche. Excellent pour le poivron farci. D\u00e9licieux non seulement cru, mais cuit de toutes les fa\u00e7ons. Pr\u00e9f\u00e8re un emplacement prot\u00e9g\u00e9 du vent, maintenez le sol uniform\u00e9ment humide. *apr\u00e8s la transplantation au jardin<\/p>\n<p>*75 jours \u00e0 la r\u00e9colte<\/p>\n<p>McKenzie<\/p>\n<p>&nbsp;<\/p>\n","protected":false},"excerpt":{"rendered":"<p>Voir disponibilit\u00e9 en magasin Coloration vert vif \u00e0 rouge. Fruit de grande taille 10 x 10 cm (4&#8243;x 4&#8243;) en forme de cloche. Excellent pour le poivron farci. D\u00e9licieux non seulement cru, mais cuit de toutes les fa\u00e7ons. Pr\u00e9f\u00e8re un emplacement prot\u00e9g\u00e9 du vent, maintenez le sol uniform\u00e9ment humide. *apr\u00e8s la transplantation au jardin *75 [&hellip;]<\/p>\n","protected":false},"featured_media":5619,"comment_status":"closed","ping_status":"open","template":"","meta":{"_acf_changed":false,"_seopress_robots_primary_cat":"","_seopress_titles_title":"","_seopress_titles_desc":"","_seopress_robots_index":"","_seopress_analysis_target_kw":""},"product_brand":[],"product_cat":[31,39],"product_tag":[],"class_list":{"0":"post-5618","1":"product","2":"type-product","3":"status-publish","4":"has-post-thumbnail","6":"product_cat-amenagement-jardin","7":"product_cat-semence-potagere","9":"first","10":"instock","11":"taxable","12":"shipping-taxable","13":"purchasable","14":"product-type-simple"},"acf":[],"_links":{"self":[{"href":"https:\/\/www.paysagesrossignol.com\/en\/wp-json\/wp\/v2\/product\/5618","targetHints":{"allow":["GET"]}}],"collection":[{"href":"https:\/\/www.paysagesrossignol.com\/en\/wp-json\/wp\/v2\/product"}],"about":[{"href":"https:\/\/www.paysagesrossignol.com\/en\/wp-json\/wp\/v2\/types\/product"}],"replies":[{"embeddable":true,"href":"https:\/\/www.paysagesrossignol.com\/en\/wp-json\/wp\/v2\/comments?post=5618"}],"wp:featuredmedia":[{"embeddable":true,"href":"https:\/\/www.paysagesrossignol.com\/en\/wp-json\/wp\/v2\/media\/5619"}],"wp:attachment":[{"href":"https:\/\/www.paysagesrossignol.com\/en\/wp-json\/wp\/v2\/media?parent=5618"}],"wp:term":[{"taxonomy":"product_brand","embeddable":true,"href":"https:\/\/www.paysagesrossignol.com\/en\/wp-json\/wp\/v2\/product_brand?post=5618"},{"taxonomy":"product_cat","embeddable":true,"href":"https:\/\/www.paysagesrossignol.com\/en\/wp-json\/wp\/v2\/product_cat?post=5618"},{"taxonomy":"product_tag","embeddable":true,"href":"https:\/\/www.paysagesrossignol.com\/en\/wp-json\/wp\/v2\/product_tag?post=5618"}],"curies":[{"name":"wp","href":"https:\/\/api.w.org\/{rel}","templated":true}]}}