{"id":5634,"date":"2026-03-10T04:00:52","date_gmt":"2026-03-10T08:00:52","guid":{"rendered":"https:\/\/www.paysagesrossignol.com\/product\/origan\/"},"modified":"2026-05-04T10:10:54","modified_gmt":"2026-05-04T14:10:54","slug":"origan","status":"publish","type":"product","link":"https:\/\/www.paysagesrossignol.com\/en\/product\/origan\/","title":{"rendered":"Origan"},"content":{"rendered":"<h1>Voir disponibilit\u00e9 en magasin<\/h1>\n<p>L&#8217;origan est surtout utilis\u00e9 dans les sauces \u00e0 base de tomate, mais s&#8217;emploie aussi avec les l\u00e9qumes et dans les farces. Pincez pour encourager une croissance dense. Arrosez au besoin. Pour utilisation fra\u00eeche, on peut cueillir les feuilles en tout moment; pour le s\u00e9chage, on les r\u00e9colte avant la floraison. Tendre vivace. Zones 5-9<\/p>\n<p>90 jours \u00e0 la r\u00e9colte<\/p>\n<p>McKenzie<\/p>\n","protected":false},"excerpt":{"rendered":"<p>Voir disponibilit\u00e9 en magasin L&#8217;origan est surtout utilis\u00e9 dans les sauces \u00e0 base de tomate, mais s&#8217;emploie aussi avec les l\u00e9qumes et dans les farces. Pincez pour encourager une croissance dense. Arrosez au besoin. Pour utilisation fra\u00eeche, on peut cueillir les feuilles en tout moment; pour le s\u00e9chage, on les r\u00e9colte avant la floraison. Tendre [&hellip;]<\/p>\n","protected":false},"featured_media":5635,"comment_status":"closed","ping_status":"open","template":"","meta":{"_acf_changed":false,"_seopress_robots_primary_cat":"","_seopress_titles_title":"","_seopress_titles_desc":"","_seopress_robots_index":"","_seopress_analysis_target_kw":""},"product_brand":[],"product_cat":[31,39],"product_tag":[],"class_list":{"0":"post-5634","1":"product","2":"type-product","3":"status-publish","4":"has-post-thumbnail","6":"product_cat-amenagement-jardin","7":"product_cat-semence-potagere","9":"first","10":"instock","11":"taxable","12":"shipping-taxable","13":"purchasable","14":"product-type-simple"},"acf":[],"_links":{"self":[{"href":"https:\/\/www.paysagesrossignol.com\/en\/wp-json\/wp\/v2\/product\/5634","targetHints":{"allow":["GET"]}}],"collection":[{"href":"https:\/\/www.paysagesrossignol.com\/en\/wp-json\/wp\/v2\/product"}],"about":[{"href":"https:\/\/www.paysagesrossignol.com\/en\/wp-json\/wp\/v2\/types\/product"}],"replies":[{"embeddable":true,"href":"https:\/\/www.paysagesrossignol.com\/en\/wp-json\/wp\/v2\/comments?post=5634"}],"wp:featuredmedia":[{"embeddable":true,"href":"https:\/\/www.paysagesrossignol.com\/en\/wp-json\/wp\/v2\/media\/5635"}],"wp:attachment":[{"href":"https:\/\/www.paysagesrossignol.com\/en\/wp-json\/wp\/v2\/media?parent=5634"}],"wp:term":[{"taxonomy":"product_brand","embeddable":true,"href":"https:\/\/www.paysagesrossignol.com\/en\/wp-json\/wp\/v2\/product_brand?post=5634"},{"taxonomy":"product_cat","embeddable":true,"href":"https:\/\/www.paysagesrossignol.com\/en\/wp-json\/wp\/v2\/product_cat?post=5634"},{"taxonomy":"product_tag","embeddable":true,"href":"https:\/\/www.paysagesrossignol.com\/en\/wp-json\/wp\/v2\/product_tag?post=5634"}],"curies":[{"name":"wp","href":"https:\/\/api.w.org\/{rel}","templated":true}]}}