{"id":5690,"date":"2026-03-10T04:00:48","date_gmt":"2026-03-10T08:00:48","guid":{"rendered":"https:\/\/www.paysagesrossignol.com\/product\/bette-a-carde-bright-lights\/"},"modified":"2026-05-04T10:12:09","modified_gmt":"2026-05-04T14:12:09","slug":"bette-a-carde-bright-lights","status":"publish","type":"product","link":"https:\/\/www.paysagesrossignol.com\/en\/product\/bette-a-carde-bright-lights\/","title":{"rendered":"Bette \u00e0 Carde Bright Lights"},"content":{"rendered":"<h1>Voir disponibilit\u00e9 en magasin<\/h1>\n<p>Ses tiges sont multicolores, offrant un go\u00fbt plus d\u00e9licat ainsi qu&#8217;\u00e9tant tr\u00e8s d\u00e9coratives. D\u00e9licieux dans les salades, dans les quiches ou cuits \u00e0 la vapeur avec du beurre. La r\u00e9colte peut commencer 4 \u00e0 5 semaines apr\u00e8s la plantation pour les jeunes pousses de salade. Choisissez des feuilles jeunes ou matures juste au-dessus de la ligne du sol afin que les plantes puisse repousser pour plusieurs r\u00e9coltes.<\/p>\n<p>60 jours \u00e0 la r\u00e9colte<\/p>\n<p>McKenzie<\/p>\n","protected":false},"excerpt":{"rendered":"<p>Voir disponibilit\u00e9 en magasin Ses tiges sont multicolores, offrant un go\u00fbt plus d\u00e9licat ainsi qu&#8217;\u00e9tant tr\u00e8s d\u00e9coratives. D\u00e9licieux dans les salades, dans les quiches ou cuits \u00e0 la vapeur avec du beurre. La r\u00e9colte peut commencer 4 \u00e0 5 semaines apr\u00e8s la plantation pour les jeunes pousses de salade. Choisissez des feuilles jeunes ou matures [&hellip;]<\/p>\n","protected":false},"featured_media":5691,"comment_status":"closed","ping_status":"open","template":"","meta":{"_acf_changed":false,"_seopress_robots_primary_cat":"","_seopress_titles_title":"","_seopress_titles_desc":"","_seopress_robots_index":"","_seopress_analysis_target_kw":""},"product_brand":[],"product_cat":[31,39],"product_tag":[],"class_list":{"0":"post-5690","1":"product","2":"type-product","3":"status-publish","4":"has-post-thumbnail","6":"product_cat-amenagement-jardin","7":"product_cat-semence-potagere","9":"first","10":"instock","11":"taxable","12":"shipping-taxable","13":"purchasable","14":"product-type-simple"},"acf":[],"_links":{"self":[{"href":"https:\/\/www.paysagesrossignol.com\/en\/wp-json\/wp\/v2\/product\/5690","targetHints":{"allow":["GET"]}}],"collection":[{"href":"https:\/\/www.paysagesrossignol.com\/en\/wp-json\/wp\/v2\/product"}],"about":[{"href":"https:\/\/www.paysagesrossignol.com\/en\/wp-json\/wp\/v2\/types\/product"}],"replies":[{"embeddable":true,"href":"https:\/\/www.paysagesrossignol.com\/en\/wp-json\/wp\/v2\/comments?post=5690"}],"wp:featuredmedia":[{"embeddable":true,"href":"https:\/\/www.paysagesrossignol.com\/en\/wp-json\/wp\/v2\/media\/5691"}],"wp:attachment":[{"href":"https:\/\/www.paysagesrossignol.com\/en\/wp-json\/wp\/v2\/media?parent=5690"}],"wp:term":[{"taxonomy":"product_brand","embeddable":true,"href":"https:\/\/www.paysagesrossignol.com\/en\/wp-json\/wp\/v2\/product_brand?post=5690"},{"taxonomy":"product_cat","embeddable":true,"href":"https:\/\/www.paysagesrossignol.com\/en\/wp-json\/wp\/v2\/product_cat?post=5690"},{"taxonomy":"product_tag","embeddable":true,"href":"https:\/\/www.paysagesrossignol.com\/en\/wp-json\/wp\/v2\/product_tag?post=5690"}],"curies":[{"name":"wp","href":"https:\/\/api.w.org\/{rel}","templated":true}]}}