{"id":5799,"date":"2026-03-10T04:00:20","date_gmt":"2026-03-10T08:00:20","guid":{"rendered":"https:\/\/www.paysagesrossignol.com\/product\/rutabaga-laurentian\/"},"modified":"2026-05-04T10:14:28","modified_gmt":"2026-05-04T14:14:28","slug":"rutabaga-laurentian","status":"publish","type":"product","link":"https:\/\/www.paysagesrossignol.com\/en\/product\/rutabaga-laurentian\/","title":{"rendered":"Rutabaga Swede Laurentian"},"content":{"rendered":"<h1>Voir disponibilit\u00e9 en magasin<\/h1>\n<p>De loin la plus populaire des vari\u00e9t\u00e9s de rutabaga. Racine globulaire de 12,5-18 cm (5-6&#8243;) de diam\u00e8tre de chair jaune cr\u00e8me. Racine en forme d&#8217;oeuf. Une touche de gel automnale am\u00e9liorera sa saveur. Le navet se conserve bien pour une consommation en hiver.<\/p>\n<p>80-90 jours \u00e0 la r\u00e9colte<\/p>\n<p>McKenzie<\/p>\n","protected":false},"excerpt":{"rendered":"<p>Voir disponibilit\u00e9 en magasin De loin la plus populaire des vari\u00e9t\u00e9s de rutabaga. Racine globulaire de 12,5-18 cm (5-6&#8243;) de diam\u00e8tre de chair jaune cr\u00e8me. Racine en forme d&#8217;oeuf. Une touche de gel automnale am\u00e9liorera sa saveur. Le navet se conserve bien pour une consommation en hiver. 80-90 jours \u00e0 la r\u00e9colte McKenzie<\/p>\n","protected":false},"featured_media":5800,"comment_status":"closed","ping_status":"open","template":"","meta":{"_acf_changed":false,"_seopress_robots_primary_cat":"","_seopress_titles_title":"","_seopress_titles_desc":"","_seopress_robots_index":"","_seopress_analysis_target_kw":""},"product_brand":[],"product_cat":[31,39],"product_tag":[],"class_list":{"0":"post-5799","1":"product","2":"type-product","3":"status-publish","4":"has-post-thumbnail","6":"product_cat-amenagement-jardin","7":"product_cat-semence-potagere","9":"first","10":"instock","11":"taxable","12":"shipping-taxable","13":"purchasable","14":"product-type-simple"},"acf":[],"_links":{"self":[{"href":"https:\/\/www.paysagesrossignol.com\/en\/wp-json\/wp\/v2\/product\/5799","targetHints":{"allow":["GET"]}}],"collection":[{"href":"https:\/\/www.paysagesrossignol.com\/en\/wp-json\/wp\/v2\/product"}],"about":[{"href":"https:\/\/www.paysagesrossignol.com\/en\/wp-json\/wp\/v2\/types\/product"}],"replies":[{"embeddable":true,"href":"https:\/\/www.paysagesrossignol.com\/en\/wp-json\/wp\/v2\/comments?post=5799"}],"wp:featuredmedia":[{"embeddable":true,"href":"https:\/\/www.paysagesrossignol.com\/en\/wp-json\/wp\/v2\/media\/5800"}],"wp:attachment":[{"href":"https:\/\/www.paysagesrossignol.com\/en\/wp-json\/wp\/v2\/media?parent=5799"}],"wp:term":[{"taxonomy":"product_brand","embeddable":true,"href":"https:\/\/www.paysagesrossignol.com\/en\/wp-json\/wp\/v2\/product_brand?post=5799"},{"taxonomy":"product_cat","embeddable":true,"href":"https:\/\/www.paysagesrossignol.com\/en\/wp-json\/wp\/v2\/product_cat?post=5799"},{"taxonomy":"product_tag","embeddable":true,"href":"https:\/\/www.paysagesrossignol.com\/en\/wp-json\/wp\/v2\/product_tag?post=5799"}],"curies":[{"name":"wp","href":"https:\/\/api.w.org\/{rel}","templated":true}]}}