{"id":6197,"date":"2026-03-10T04:00:27","date_gmt":"2026-03-10T08:00:27","guid":{"rendered":"https:\/\/www.paysagesrossignol.com\/product\/chou-rave-early-white-vienna\/"},"modified":"2026-05-04T10:21:58","modified_gmt":"2026-05-04T14:21:58","slug":"chou-rave-early-white-vienna","status":"publish","type":"product","link":"https:\/\/www.paysagesrossignol.com\/en\/product\/chou-rave-early-white-vienna\/","title":{"rendered":"Chou-Rave Early White Vienna"},"content":{"rendered":"<h1>Voir disponibilit\u00e9 en magasin<\/h1>\n<p>Une chair blanche \u00e0 la peau verte p\u00e2le et tr\u00e8s lisse. D\u00e9licieux cru : le go\u00fbt est semblable \u00e0 celui de la ch\u00e2taigne d&#8217;eau. Cuit, il go\u00fbte le navet, mais en plus doux et plus sucr\u00e9. Pour une saveur et une r\u00e9colte maximales, r\u00e9coltez quand les bulbes ont environ 5 cm (2&#8243;) de diam\u00e8tre. \u00c9vitez de planter pr\u00e8s du fraisier, de la tomate et de l&#8217;haricot \u00e0 rames.<\/p>\n<p>55-60 jours \u00e0 la r\u00e9colte<\/p>\n<p>McKenzie<\/p>\n","protected":false},"excerpt":{"rendered":"<p>Voir disponibilit\u00e9 en magasin Une chair blanche \u00e0 la peau verte p\u00e2le et tr\u00e8s lisse. D\u00e9licieux cru : le go\u00fbt est semblable \u00e0 celui de la ch\u00e2taigne d&#8217;eau. Cuit, il go\u00fbte le navet, mais en plus doux et plus sucr\u00e9. Pour une saveur et une r\u00e9colte maximales, r\u00e9coltez quand les bulbes ont environ 5 cm [&hellip;]<\/p>\n","protected":false},"featured_media":6198,"comment_status":"closed","ping_status":"open","template":"","meta":{"_acf_changed":false,"_seopress_robots_primary_cat":"","_seopress_titles_title":"","_seopress_titles_desc":"","_seopress_robots_index":"","_seopress_analysis_target_kw":""},"product_brand":[],"product_cat":[31,39],"product_tag":[],"class_list":{"0":"post-6197","1":"product","2":"type-product","3":"status-publish","4":"has-post-thumbnail","6":"product_cat-amenagement-jardin","7":"product_cat-semence-potagere","9":"first","10":"instock","11":"taxable","12":"shipping-taxable","13":"purchasable","14":"product-type-simple"},"acf":[],"_links":{"self":[{"href":"https:\/\/www.paysagesrossignol.com\/en\/wp-json\/wp\/v2\/product\/6197","targetHints":{"allow":["GET"]}}],"collection":[{"href":"https:\/\/www.paysagesrossignol.com\/en\/wp-json\/wp\/v2\/product"}],"about":[{"href":"https:\/\/www.paysagesrossignol.com\/en\/wp-json\/wp\/v2\/types\/product"}],"replies":[{"embeddable":true,"href":"https:\/\/www.paysagesrossignol.com\/en\/wp-json\/wp\/v2\/comments?post=6197"}],"wp:featuredmedia":[{"embeddable":true,"href":"https:\/\/www.paysagesrossignol.com\/en\/wp-json\/wp\/v2\/media\/6198"}],"wp:attachment":[{"href":"https:\/\/www.paysagesrossignol.com\/en\/wp-json\/wp\/v2\/media?parent=6197"}],"wp:term":[{"taxonomy":"product_brand","embeddable":true,"href":"https:\/\/www.paysagesrossignol.com\/en\/wp-json\/wp\/v2\/product_brand?post=6197"},{"taxonomy":"product_cat","embeddable":true,"href":"https:\/\/www.paysagesrossignol.com\/en\/wp-json\/wp\/v2\/product_cat?post=6197"},{"taxonomy":"product_tag","embeddable":true,"href":"https:\/\/www.paysagesrossignol.com\/en\/wp-json\/wp\/v2\/product_tag?post=6197"}],"curies":[{"name":"wp","href":"https:\/\/api.w.org\/{rel}","templated":true}]}}