{"id":6209,"date":"2026-03-10T04:00:22","date_gmt":"2026-03-10T08:00:22","guid":{"rendered":"https:\/\/www.paysagesrossignol.com\/product\/radis-french-breakfast\/"},"modified":"2026-05-04T10:22:11","modified_gmt":"2026-05-04T14:22:11","slug":"radis-french-breakfast","status":"publish","type":"product","link":"https:\/\/www.paysagesrossignol.com\/en\/product\/radis-french-breakfast\/","title":{"rendered":"Radis French Breakfast"},"content":{"rendered":"<h1>Voir disponibilit\u00e9 en magasin<\/h1>\n<p>Un v\u00e9ritable r\u00e9gal de gourmet! Grand radis de forme allong\u00e9e de couleur \u00e9carlate et l&#8217;extr\u00e9mit\u00e9 blanche. Croquant et juteux avec une saveur douce et sucr\u00e9e. L\u00e9gume de saison froide. Faites plusieurs semis \u00e0 10 jours d&#8217;intervalle, arr\u00eatant lorsque la temp\u00e9rature se r\u00e9chauffe. Pour une r\u00e9colte automnale, semez-en de nouveau lorsque la temp\u00e9rature se rafra\u00eechit.<\/p>\n<p>20-30 jours \u00e0 la r\u00e9colte<\/p>\n<p>McKenzie<\/p>\n","protected":false},"excerpt":{"rendered":"<p>Voir disponibilit\u00e9 en magasin Un v\u00e9ritable r\u00e9gal de gourmet! Grand radis de forme allong\u00e9e de couleur \u00e9carlate et l&#8217;extr\u00e9mit\u00e9 blanche. Croquant et juteux avec une saveur douce et sucr\u00e9e. L\u00e9gume de saison froide. Faites plusieurs semis \u00e0 10 jours d&#8217;intervalle, arr\u00eatant lorsque la temp\u00e9rature se r\u00e9chauffe. Pour une r\u00e9colte automnale, semez-en de nouveau lorsque la [&hellip;]<\/p>\n","protected":false},"featured_media":6210,"comment_status":"closed","ping_status":"open","template":"","meta":{"_acf_changed":false,"_seopress_robots_primary_cat":"","_seopress_titles_title":"","_seopress_titles_desc":"","_seopress_robots_index":"","_seopress_analysis_target_kw":""},"product_brand":[],"product_cat":[31,39],"product_tag":[],"class_list":{"0":"post-6209","1":"product","2":"type-product","3":"status-publish","4":"has-post-thumbnail","6":"product_cat-amenagement-jardin","7":"product_cat-semence-potagere","9":"first","10":"instock","11":"taxable","12":"shipping-taxable","13":"purchasable","14":"product-type-simple"},"acf":[],"_links":{"self":[{"href":"https:\/\/www.paysagesrossignol.com\/en\/wp-json\/wp\/v2\/product\/6209","targetHints":{"allow":["GET"]}}],"collection":[{"href":"https:\/\/www.paysagesrossignol.com\/en\/wp-json\/wp\/v2\/product"}],"about":[{"href":"https:\/\/www.paysagesrossignol.com\/en\/wp-json\/wp\/v2\/types\/product"}],"replies":[{"embeddable":true,"href":"https:\/\/www.paysagesrossignol.com\/en\/wp-json\/wp\/v2\/comments?post=6209"}],"wp:featuredmedia":[{"embeddable":true,"href":"https:\/\/www.paysagesrossignol.com\/en\/wp-json\/wp\/v2\/media\/6210"}],"wp:attachment":[{"href":"https:\/\/www.paysagesrossignol.com\/en\/wp-json\/wp\/v2\/media?parent=6209"}],"wp:term":[{"taxonomy":"product_brand","embeddable":true,"href":"https:\/\/www.paysagesrossignol.com\/en\/wp-json\/wp\/v2\/product_brand?post=6209"},{"taxonomy":"product_cat","embeddable":true,"href":"https:\/\/www.paysagesrossignol.com\/en\/wp-json\/wp\/v2\/product_cat?post=6209"},{"taxonomy":"product_tag","embeddable":true,"href":"https:\/\/www.paysagesrossignol.com\/en\/wp-json\/wp\/v2\/product_tag?post=6209"}],"curies":[{"name":"wp","href":"https:\/\/api.w.org\/{rel}","templated":true}]}}