{"id":6213,"date":"2026-03-10T04:00:22","date_gmt":"2026-03-10T08:00:22","guid":{"rendered":"https:\/\/www.paysagesrossignol.com\/product\/epinard-giant-noble\/"},"modified":"2026-05-04T10:22:14","modified_gmt":"2026-05-04T14:22:14","slug":"epinard-giant-noble","status":"publish","type":"product","link":"https:\/\/www.paysagesrossignol.com\/en\/product\/epinard-giant-noble\/","title":{"rendered":"\u00c9pinard Giant Noble"},"content":{"rendered":"<h1>Voir disponibilit\u00e9 en magasin<\/h1>\n<p>Cette large plante qui s&#8217;\u00e9tend ais\u00e9ment produit d&#8217;\u00e9normes feuilles vert fonc\u00e9 et lisses. Lente \u00e0 monter en graines. Elle produit en abondance et est savoureuse.<\/p>\n<p>40-48 jours \u00e0 la r\u00e9colte<\/p>\n<p>McKenzie<\/p>\n","protected":false},"excerpt":{"rendered":"<p>Voir disponibilit\u00e9 en magasin Cette large plante qui s&#8217;\u00e9tend ais\u00e9ment produit d&#8217;\u00e9normes feuilles vert fonc\u00e9 et lisses. Lente \u00e0 monter en graines. Elle produit en abondance et est savoureuse. 40-48 jours \u00e0 la r\u00e9colte McKenzie<\/p>\n","protected":false},"featured_media":6214,"comment_status":"closed","ping_status":"open","template":"","meta":{"_acf_changed":false,"_seopress_robots_primary_cat":"","_seopress_titles_title":"","_seopress_titles_desc":"","_seopress_robots_index":"","_seopress_analysis_target_kw":""},"product_brand":[],"product_cat":[31,39],"product_tag":[],"class_list":{"0":"post-6213","1":"product","2":"type-product","3":"status-publish","4":"has-post-thumbnail","6":"product_cat-amenagement-jardin","7":"product_cat-semence-potagere","9":"first","10":"instock","11":"taxable","12":"shipping-taxable","13":"purchasable","14":"product-type-simple"},"acf":[],"_links":{"self":[{"href":"https:\/\/www.paysagesrossignol.com\/en\/wp-json\/wp\/v2\/product\/6213","targetHints":{"allow":["GET"]}}],"collection":[{"href":"https:\/\/www.paysagesrossignol.com\/en\/wp-json\/wp\/v2\/product"}],"about":[{"href":"https:\/\/www.paysagesrossignol.com\/en\/wp-json\/wp\/v2\/types\/product"}],"replies":[{"embeddable":true,"href":"https:\/\/www.paysagesrossignol.com\/en\/wp-json\/wp\/v2\/comments?post=6213"}],"wp:featuredmedia":[{"embeddable":true,"href":"https:\/\/www.paysagesrossignol.com\/en\/wp-json\/wp\/v2\/media\/6214"}],"wp:attachment":[{"href":"https:\/\/www.paysagesrossignol.com\/en\/wp-json\/wp\/v2\/media?parent=6213"}],"wp:term":[{"taxonomy":"product_brand","embeddable":true,"href":"https:\/\/www.paysagesrossignol.com\/en\/wp-json\/wp\/v2\/product_brand?post=6213"},{"taxonomy":"product_cat","embeddable":true,"href":"https:\/\/www.paysagesrossignol.com\/en\/wp-json\/wp\/v2\/product_cat?post=6213"},{"taxonomy":"product_tag","embeddable":true,"href":"https:\/\/www.paysagesrossignol.com\/en\/wp-json\/wp\/v2\/product_tag?post=6213"}],"curies":[{"name":"wp","href":"https:\/\/api.w.org\/{rel}","templated":true}]}}