{"id":6217,"date":"2026-03-10T04:00:22","date_gmt":"2026-03-10T08:00:22","guid":{"rendered":"https:\/\/www.paysagesrossignol.com\/product\/epinard-king-of-demark\/"},"modified":"2026-05-04T10:22:18","modified_gmt":"2026-05-04T14:22:18","slug":"epinard-king-of-demark","status":"publish","type":"product","link":"https:\/\/www.paysagesrossignol.com\/en\/product\/epinard-king-of-demark\/","title":{"rendered":"\u00c9pinard King of Denmark"},"content":{"rendered":"<h1>Voir disponibilit\u00e9 en magasin<\/h1>\n<p>De culture facile. Produit des feuilles bien \u00e9tal\u00e9es, larges et arrondies de couleur vert fonc\u00e9 et d&#8217;allure un peu chiffonn\u00e9e. L\u00e9gume de climat frais qui pr\u00e9f\u00e8re un bon sol riche et bien drain\u00e9. Cro\u00eet mieux au printemps et \u00e0 l&#8217;automne. Semez de nouveau \u00e0 la fin de l&#8217;\u00e9t\u00e9 pour une r\u00e9colte automnale. Exige beaucoup d&#8217;humidit\u00e9.<\/p>\n<p>40-60 jours \u00e0 la r\u00e9colte<\/p>\n<p>McKenzie<\/p>\n","protected":false},"excerpt":{"rendered":"<p>Voir disponibilit\u00e9 en magasin De culture facile. Produit des feuilles bien \u00e9tal\u00e9es, larges et arrondies de couleur vert fonc\u00e9 et d&#8217;allure un peu chiffonn\u00e9e. L\u00e9gume de climat frais qui pr\u00e9f\u00e8re un bon sol riche et bien drain\u00e9. Cro\u00eet mieux au printemps et \u00e0 l&#8217;automne. Semez de nouveau \u00e0 la fin de l&#8217;\u00e9t\u00e9 pour une r\u00e9colte [&hellip;]<\/p>\n","protected":false},"featured_media":6218,"comment_status":"closed","ping_status":"open","template":"","meta":{"_acf_changed":false,"_seopress_robots_primary_cat":"","_seopress_titles_title":"","_seopress_titles_desc":"","_seopress_robots_index":"","_seopress_analysis_target_kw":""},"product_brand":[],"product_cat":[31,39],"product_tag":[],"class_list":{"0":"post-6217","1":"product","2":"type-product","3":"status-publish","4":"has-post-thumbnail","6":"product_cat-amenagement-jardin","7":"product_cat-semence-potagere","9":"first","10":"instock","11":"taxable","12":"shipping-taxable","13":"purchasable","14":"product-type-simple"},"acf":[],"_links":{"self":[{"href":"https:\/\/www.paysagesrossignol.com\/en\/wp-json\/wp\/v2\/product\/6217","targetHints":{"allow":["GET"]}}],"collection":[{"href":"https:\/\/www.paysagesrossignol.com\/en\/wp-json\/wp\/v2\/product"}],"about":[{"href":"https:\/\/www.paysagesrossignol.com\/en\/wp-json\/wp\/v2\/types\/product"}],"replies":[{"embeddable":true,"href":"https:\/\/www.paysagesrossignol.com\/en\/wp-json\/wp\/v2\/comments?post=6217"}],"wp:featuredmedia":[{"embeddable":true,"href":"https:\/\/www.paysagesrossignol.com\/en\/wp-json\/wp\/v2\/media\/6218"}],"wp:attachment":[{"href":"https:\/\/www.paysagesrossignol.com\/en\/wp-json\/wp\/v2\/media?parent=6217"}],"wp:term":[{"taxonomy":"product_brand","embeddable":true,"href":"https:\/\/www.paysagesrossignol.com\/en\/wp-json\/wp\/v2\/product_brand?post=6217"},{"taxonomy":"product_cat","embeddable":true,"href":"https:\/\/www.paysagesrossignol.com\/en\/wp-json\/wp\/v2\/product_cat?post=6217"},{"taxonomy":"product_tag","embeddable":true,"href":"https:\/\/www.paysagesrossignol.com\/en\/wp-json\/wp\/v2\/product_tag?post=6217"}],"curies":[{"name":"wp","href":"https:\/\/api.w.org\/{rel}","templated":true}]}}