{"id":6223,"date":"2026-03-10T04:00:16","date_gmt":"2026-03-10T08:00:16","guid":{"rendered":"https:\/\/www.paysagesrossignol.com\/product\/tomate-manitoba\/"},"modified":"2026-05-04T10:22:24","modified_gmt":"2026-05-04T14:22:24","slug":"tomate-manitoba","status":"publish","type":"product","link":"https:\/\/www.paysagesrossignol.com\/en\/product\/tomate-manitoba\/","title":{"rendered":"Tomate Manitoba"},"content":{"rendered":"<h1>Voir disponibilit\u00e9 en magasin<\/h1>\n<p>Un cultivar h\u00e2tif tr\u00e8s fiable qui convient parfaitement pour le climat des prairies. Fruit tr\u00e8s juteux de couleur rouge vif. Un sol bien drain\u00e9 et profond convient mieux. \u00c9liminer les probl\u00e8mes de pourriture apicale, en arrosant les plantes profonde de sorte que le syst\u00e8me racinaire sera moins affect\u00e9 par les variations du niveau d&#8217;humidit\u00e9 du sol. D\u00e9termin\u00e9e &#8211; aucun tuteur requis.<\/p>\n<p>55-60 jours \u00e0 la r\u00e9colte<\/p>\n<p>McKenzie<\/p>\n","protected":false},"excerpt":{"rendered":"<p>Voir disponibilit\u00e9 en magasin Un cultivar h\u00e2tif tr\u00e8s fiable qui convient parfaitement pour le climat des prairies. Fruit tr\u00e8s juteux de couleur rouge vif. Un sol bien drain\u00e9 et profond convient mieux. \u00c9liminer les probl\u00e8mes de pourriture apicale, en arrosant les plantes profonde de sorte que le syst\u00e8me racinaire sera moins affect\u00e9 par les variations [&hellip;]<\/p>\n","protected":false},"featured_media":6224,"comment_status":"closed","ping_status":"open","template":"","meta":{"_acf_changed":false,"_seopress_robots_primary_cat":"","_seopress_titles_title":"","_seopress_titles_desc":"","_seopress_robots_index":"","_seopress_analysis_target_kw":""},"product_brand":[],"product_cat":[31,39],"product_tag":[],"class_list":{"0":"post-6223","1":"product","2":"type-product","3":"status-publish","4":"has-post-thumbnail","6":"product_cat-amenagement-jardin","7":"product_cat-semence-potagere","9":"first","10":"instock","11":"taxable","12":"shipping-taxable","13":"purchasable","14":"product-type-simple"},"acf":[],"_links":{"self":[{"href":"https:\/\/www.paysagesrossignol.com\/en\/wp-json\/wp\/v2\/product\/6223","targetHints":{"allow":["GET"]}}],"collection":[{"href":"https:\/\/www.paysagesrossignol.com\/en\/wp-json\/wp\/v2\/product"}],"about":[{"href":"https:\/\/www.paysagesrossignol.com\/en\/wp-json\/wp\/v2\/types\/product"}],"replies":[{"embeddable":true,"href":"https:\/\/www.paysagesrossignol.com\/en\/wp-json\/wp\/v2\/comments?post=6223"}],"wp:featuredmedia":[{"embeddable":true,"href":"https:\/\/www.paysagesrossignol.com\/en\/wp-json\/wp\/v2\/media\/6224"}],"wp:attachment":[{"href":"https:\/\/www.paysagesrossignol.com\/en\/wp-json\/wp\/v2\/media?parent=6223"}],"wp:term":[{"taxonomy":"product_brand","embeddable":true,"href":"https:\/\/www.paysagesrossignol.com\/en\/wp-json\/wp\/v2\/product_brand?post=6223"},{"taxonomy":"product_cat","embeddable":true,"href":"https:\/\/www.paysagesrossignol.com\/en\/wp-json\/wp\/v2\/product_cat?post=6223"},{"taxonomy":"product_tag","embeddable":true,"href":"https:\/\/www.paysagesrossignol.com\/en\/wp-json\/wp\/v2\/product_tag?post=6223"}],"curies":[{"name":"wp","href":"https:\/\/api.w.org\/{rel}","templated":true}]}}